{"id":16452,"date":"2026-03-01T18:20:56","date_gmt":"2026-03-01T17:20:56","guid":{"rendered":"https:\/\/parapharmacieenligne.ma\/?post_type=product&#038;p=16452"},"modified":"2026-03-01T18:21:09","modified_gmt":"2026-03-01T17:21:09","slug":"la-roche-posay-hydraphase-ha-yeux-contour-des-yeux-15-ml","status":"publish","type":"product","link":"https:\/\/parapharmacieenligne.ma\/en\/product\/la-roche-posay-hydraphase-ha-yeux-contour-des-yeux-15-ml\/","title":{"rendered":"LA ROCHE POSAY HYDRAPHASE HA YEUX CONTOUR DES YEUX 15 ML"},"content":{"rendered":"<p>Sa formule associe des actifs dermatologiques de haute performance :<\/p>\n<p>Acide Hyaluronique Fragment\u00e9, reconnu pour sa capacit\u00e9 \u00e0 retenir l\u2019eau et \u00e0 lisser la peau, r\u00e9hydrate intens\u00e9ment et att\u00e9nue visiblement les ridules de d\u00e9shydratation.<\/p>\n<p>Caf\u00e9ine, aux propri\u00e9t\u00e9s stimulantes, agit directement sur les poches et les cernes pour r\u00e9duire l\u2019aspect gonfl\u00e9 et redonner au regard toute sa vitalit\u00e9.<\/p>\n<p>Eau Thermale de La Roche-Posay, riche en s\u00e9l\u00e9nium, apporte une action apaisante et anti-irritante, id\u00e9ale pour les yeux sensibles.<\/p>\n<p>Gr\u00e2ce \u00e0 sa texture l\u00e9g\u00e8re et fra\u00eeche, ce soin contour des yeux procure une sensation imm\u00e9diate de confort et de d\u00e9congestion. Jour apr\u00e8s jour, le regard para\u00eet plus \u00e9clatant, les paupi\u00e8res sont d\u00e9fatigu\u00e9es et liss\u00e9es, pour un effet rajeunissant visible.<\/p>\n<p>S\u00e9curit\u00e9 et tol\u00e9rance<\/p>\n<p>Sans parfum.<\/p>\n<p>Sans parab\u00e8ne.<\/p>\n<p>Test\u00e9 sous contr\u00f4le ophtalmologique.<\/p>\n<p>Convient aux yeux sensibles et porteurs de lentilles.<\/p>\n<p>R\u00e9sultats cliniques<\/p>\n<p>Ridules liss\u00e9es : 84 % des femmes*<\/p>\n<p>Poches r\u00e9duites : 62 % des femmes*<\/p>\n<p>Signes de fatigue att\u00e9nu\u00e9s : 64 % des femmes*<br \/>\n(*\u00c9tude clinique men\u00e9e sur 50 femmes)<\/p>\n<p>Conseils d\u2019utilisation<br \/>\nAppliquez matin et\/ou soir une petite goutte de soin sur le contour des yeux.<\/p>\n<p>D\u00e9posez le produit sous chaque \u0153il.<\/p>\n<p>Massez d\u00e9licatement avec le bout de l\u2019index en effectuant de l\u00e9gers mouvements circulaires, de l\u2019ext\u00e9rieur vers l\u2019int\u00e9rieur de l\u2019\u0153il.<\/p>\n<p>Pour un effet rafra\u00eechissant, conservez le produit au r\u00e9frig\u00e9rateur.<\/p>\n<p>Composition<br \/>\nAQUA \/ WATER, GLYCERIN, CARBOMER, GLYCINE SOJA PROTEIN \/ SOYBEAN PROTEIN, CAFFEINE, ISOHEXADECANE, SODIUM COCOYL GLUTAMATE, SODIUM HYALURONATE, SODIUM HYDROXIDE, DISODIUM EDTA, HYDROLYZED HYALURONIC ACID, CAPRYLYL GLYCOL, POLYSORBATE 80, ACRYLAMIDE\/SODIUM ACRYLOYLDIMETHYLTAURATE COPOLYMER, POTASSIUM SORBATE, SODIUM BENZOATE<\/p>","protected":false},"excerpt":{"rendered":"<p>Sa formule associe des actifs dermatologiques de haute performance : Acide Hyaluronique Fragment\u00e9, reconnu pour sa capacit\u00e9 \u00e0 retenir l\u2019eau et \u00e0&hellip;<\/p>","protected":false},"featured_media":16451,"comment_status":"open","ping_status":"closed","template":"","meta":[],"product_cat":[83],"product_tag":[],"yith_product_brand":[202],"class_list":{"0":"post-16452","1":"product","2":"type-product","3":"status-publish","4":"has-post-thumbnail","6":"product_cat-soins-visage","7":"yith_product_brand-la-roche-posay","9":"first","10":"instock","11":"sale","12":"shipping-taxable","13":"purchasable","14":"product-type-simple"},"_links":{"self":[{"href":"https:\/\/parapharmacieenligne.ma\/en\/wp-json\/wp\/v2\/product\/16452","targetHints":{"allow":["GET"]}}],"collection":[{"href":"https:\/\/parapharmacieenligne.ma\/en\/wp-json\/wp\/v2\/product"}],"about":[{"href":"https:\/\/parapharmacieenligne.ma\/en\/wp-json\/wp\/v2\/types\/product"}],"replies":[{"embeddable":true,"href":"https:\/\/parapharmacieenligne.ma\/en\/wp-json\/wp\/v2\/comments?post=16452"}],"version-history":[{"count":1,"href":"https:\/\/parapharmacieenligne.ma\/en\/wp-json\/wp\/v2\/product\/16452\/revisions"}],"predecessor-version":[{"id":16453,"href":"https:\/\/parapharmacieenligne.ma\/en\/wp-json\/wp\/v2\/product\/16452\/revisions\/16453"}],"wp:featuredmedia":[{"embeddable":true,"href":"https:\/\/parapharmacieenligne.ma\/en\/wp-json\/wp\/v2\/media\/16451"}],"wp:attachment":[{"href":"https:\/\/parapharmacieenligne.ma\/en\/wp-json\/wp\/v2\/media?parent=16452"}],"wp:term":[{"taxonomy":"product_cat","embeddable":true,"href":"https:\/\/parapharmacieenligne.ma\/en\/wp-json\/wp\/v2\/product_cat?post=16452"},{"taxonomy":"product_tag","embeddable":true,"href":"https:\/\/parapharmacieenligne.ma\/en\/wp-json\/wp\/v2\/product_tag?post=16452"},{"taxonomy":"yith_product_brand","embeddable":true,"href":"https:\/\/parapharmacieenligne.ma\/en\/wp-json\/wp\/v2\/yith_product_brand?post=16452"}],"curies":[{"name":"wp","href":"https:\/\/api.w.org\/{rel}","templated":true}]}}