{"id":16476,"date":"2026-03-01T18:23:38","date_gmt":"2026-03-01T17:23:38","guid":{"rendered":"https:\/\/parapharmacieenligne.ma\/?post_type=product&#038;p=16476"},"modified":"2026-03-01T18:23:47","modified_gmt":"2026-03-01T17:23:47","slug":"la-roche-posay-hyalu-b5-serum-concentre-anti-rides-reparateur-repulpant-30-ml","status":"publish","type":"product","link":"https:\/\/parapharmacieenligne.ma\/en\/product\/la-roche-posay-hyalu-b5-serum-concentre-anti-rides-reparateur-repulpant-30-ml\/","title":{"rendered":"LA ROCHE POSAY HYALU B5 SERUM CONCENTRE ANTI RIDES REPARATEUR REPULPANT 30 ML"},"content":{"rendered":"<p>Ce s\u00e9rum unique associe deux types d&rsquo;acides hyaluroniques purs, la vitamine B5 et le mad\u00e9cassoside, un puissant actif r\u00e9parateur d\u2019origine v\u00e9g\u00e9tale. Sa texture gel fra\u00eeche fond instantan\u00e9ment sur la peau pour une absorption rapide sans effet gras, tout en procurant une hydratation intense et durable.<\/p>\n<p>Les acides hyaluroniques comblent les rides en surface et en profondeur, tandis que la vitamine B5 apaise, stimule la r\u00e9g\u00e9n\u00e9ration et renforce la barri\u00e8re cutan\u00e9e. Le mad\u00e9cassoside, quant \u00e0 lui, am\u00e9liore la tonicit\u00e9 de la peau, calme les inflammations et relance le processus de r\u00e9paration naturelle. D\u00e8s 4 heures apr\u00e8s application, les r\u00e9sultats sont visibles : +27,4 % d\u2019\u00e9lasticit\u00e9, +61,2 % de tonicit\u00e9 et +23,7 % de fermet\u00e9*.<\/p>\n<p>Ce soin convient \u00e0 tous les types de peau, y compris les plus sensibles, et a \u00e9t\u00e9 test\u00e9 dermatologiquement. Il est \u00e9galement non-com\u00e9dog\u00e8ne, garantissant une tol\u00e9rance optimale sans obstruer les pores.<\/p>","protected":false},"excerpt":{"rendered":"<p>Ce s\u00e9rum unique associe deux types d&rsquo;acides hyaluroniques purs, la vitamine B5 et le mad\u00e9cassoside, un puissant actif r\u00e9parateur d\u2019origine v\u00e9g\u00e9tale. Sa&hellip;<\/p>","protected":false},"featured_media":16475,"comment_status":"open","ping_status":"closed","template":"","meta":[],"product_cat":[83],"product_tag":[],"yith_product_brand":[202],"class_list":{"0":"post-16476","1":"product","2":"type-product","3":"status-publish","4":"has-post-thumbnail","6":"product_cat-soins-visage","7":"yith_product_brand-la-roche-posay","9":"first","10":"instock","11":"sale","12":"shipping-taxable","13":"purchasable","14":"product-type-simple"},"_links":{"self":[{"href":"https:\/\/parapharmacieenligne.ma\/en\/wp-json\/wp\/v2\/product\/16476","targetHints":{"allow":["GET"]}}],"collection":[{"href":"https:\/\/parapharmacieenligne.ma\/en\/wp-json\/wp\/v2\/product"}],"about":[{"href":"https:\/\/parapharmacieenligne.ma\/en\/wp-json\/wp\/v2\/types\/product"}],"replies":[{"embeddable":true,"href":"https:\/\/parapharmacieenligne.ma\/en\/wp-json\/wp\/v2\/comments?post=16476"}],"version-history":[{"count":1,"href":"https:\/\/parapharmacieenligne.ma\/en\/wp-json\/wp\/v2\/product\/16476\/revisions"}],"predecessor-version":[{"id":16477,"href":"https:\/\/parapharmacieenligne.ma\/en\/wp-json\/wp\/v2\/product\/16476\/revisions\/16477"}],"wp:featuredmedia":[{"embeddable":true,"href":"https:\/\/parapharmacieenligne.ma\/en\/wp-json\/wp\/v2\/media\/16475"}],"wp:attachment":[{"href":"https:\/\/parapharmacieenligne.ma\/en\/wp-json\/wp\/v2\/media?parent=16476"}],"wp:term":[{"taxonomy":"product_cat","embeddable":true,"href":"https:\/\/parapharmacieenligne.ma\/en\/wp-json\/wp\/v2\/product_cat?post=16476"},{"taxonomy":"product_tag","embeddable":true,"href":"https:\/\/parapharmacieenligne.ma\/en\/wp-json\/wp\/v2\/product_tag?post=16476"},{"taxonomy":"yith_product_brand","embeddable":true,"href":"https:\/\/parapharmacieenligne.ma\/en\/wp-json\/wp\/v2\/yith_product_brand?post=16476"}],"curies":[{"name":"wp","href":"https:\/\/api.w.org\/{rel}","templated":true}]}}