{"id":16485,"date":"2026-03-01T18:37:56","date_gmt":"2026-03-01T17:37:56","guid":{"rendered":"https:\/\/parapharmacieenligne.ma\/?post_type=product&#038;p=16485"},"modified":"2026-03-30T21:47:19","modified_gmt":"2026-03-30T19:47:19","slug":"la-roche-posay-effaclar-h-iso-biome-soin-reparateur-apaisant-anti-marque-40ml","status":"publish","type":"product","link":"https:\/\/parapharmacieenligne.ma\/en\/product\/la-roche-posay-effaclar-h-iso-biome-soin-reparateur-apaisant-anti-marque-40ml\/","title":{"rendered":"LA ROCHE POSAY EFFACLAR H ISO BIOME SOIN REPARATEUR APAISANT ANTI MARQUE 40ML"},"content":{"rendered":"<p>Gr\u00e2ce \u00e0 sa formule enrichie en actifs dermatologiques de pointe, ce soin assure une triple action :<\/p>\n<p>Apaise intens\u00e9ment les rougeurs et irritations gr\u00e2ce \u00e0 la Niacinamide, reconnue pour son effet anti-inflammatoire.<\/p>\n<p>R\u00e9\u00e9quilibre le microbiome cutan\u00e9 gr\u00e2ce \u00e0 l\u2019Aqua Posae Filiformis, permettant de restaurer une flore cutan\u00e9e saine et prot\u00e9ger la peau des d\u00e9s\u00e9quilibres li\u00e9s aux traitements agressifs.<\/p>\n<p>R\u00e9duit visiblement les marques post-acn\u00e9 gr\u00e2ce au Procerad, actif brevet\u00e9 qui aide \u00e0 pr\u00e9venir l\u2019hyperpigmentation et \u00e0 uniformiser le teint.<\/p>\n<p>Sa texture douce, non grasse et facilement absorb\u00e9e, procure un confort imm\u00e9diat tout en hydratant la peau de mani\u00e8re durable. D\u00e8s la premi\u00e8re heure d\u2019application, la barri\u00e8re cutan\u00e9e est renforc\u00e9e (-16% de perte insensible en eau*). Apr\u00e8s 28 jours, les r\u00e9sultats cliniquement prouv\u00e9s montrent une diminution des imperfections (-49% des l\u00e9sions inflammatoires et -15% des points noirs et microkystes).<\/p>\n<p>Formul\u00e9 pour les peaux sensibles, ce soin est hypoallerg\u00e9nique et non com\u00e9dog\u00e8ne, ce qui en fait un alli\u00e9 id\u00e9al pour accompagner les protocoles dermatologiques contre l\u2019acn\u00e9 s\u00e9v\u00e8re. La peau retrouve confort, souplesse et hydratation, tout en r\u00e9duisant durablement les sensations d\u2019inconfort, de tiraillements et de picotements.<\/p>\n<p>Conseils d\u2019utilisation<br \/>\nAppliquer matin et soir sur une peau propre et s\u00e8che.<\/p>\n<p>\u00c9taler d\u00e9licatement sur l\u2019ensemble du visage, en \u00e9vitant le contour des yeux.<\/p>\n<p>Id\u00e9al en compl\u00e9ment d\u2019un traitement dermatologique anti-acn\u00e9.<\/p>\n<p>Composition<br \/>\nAQUA \/ WATER \/ EAU, GLYCERIN, SQUALANE, DIMETHICONE, PANTHENOL, ZEA MAYS STARCH \/ CORN STARCH, NIACINAMIDE, AMMONIUM POLYACRYLOYLDIMETHYL TAURATE, MYRISTYL MYRISTATE, BIXA ORELLANA SEED EXTRACT, STEARIC ACID, POTASSIUM CETYL PHOSPHATE, GLYCERYL STEARATE SE, SODIUM HYDROXIDE, MYRISTIC ACID, 2-OLEAMIDO-1,3-OCTADECANEDIOL, PALMITIC ACID, HYDROXYACETOPHENONE, CAPRYLOYL GLYCINE, CAPRYLYL GLYCOL, VITREOSCILLA FERMENT, CITRIC ACID, MALTODEXTRIN, XANTHAN GUM, PARFUM \/ FRAGRANCE (F.I.L. N282852\/1)<\/p>","protected":false},"excerpt":{"rendered":"<p>Gr\u00e2ce \u00e0 sa formule enrichie en actifs dermatologiques de pointe, ce soin assure une triple action : Apaise intens\u00e9ment les rougeurs et&hellip;<\/p>","protected":false},"featured_media":16484,"comment_status":"open","ping_status":"closed","template":"","meta":[],"product_cat":[206,83],"product_tag":[],"yith_product_brand":[202],"class_list":{"0":"post-16485","1":"product","2":"type-product","3":"status-publish","4":"has-post-thumbnail","6":"product_cat-acne","7":"product_cat-soins-visage","8":"yith_product_brand-la-roche-posay","10":"first","11":"instock","12":"sale","13":"shipping-taxable","14":"purchasable","15":"product-type-simple"},"_links":{"self":[{"href":"https:\/\/parapharmacieenligne.ma\/en\/wp-json\/wp\/v2\/product\/16485","targetHints":{"allow":["GET"]}}],"collection":[{"href":"https:\/\/parapharmacieenligne.ma\/en\/wp-json\/wp\/v2\/product"}],"about":[{"href":"https:\/\/parapharmacieenligne.ma\/en\/wp-json\/wp\/v2\/types\/product"}],"replies":[{"embeddable":true,"href":"https:\/\/parapharmacieenligne.ma\/en\/wp-json\/wp\/v2\/comments?post=16485"}],"version-history":[{"count":1,"href":"https:\/\/parapharmacieenligne.ma\/en\/wp-json\/wp\/v2\/product\/16485\/revisions"}],"predecessor-version":[{"id":16486,"href":"https:\/\/parapharmacieenligne.ma\/en\/wp-json\/wp\/v2\/product\/16485\/revisions\/16486"}],"wp:featuredmedia":[{"embeddable":true,"href":"https:\/\/parapharmacieenligne.ma\/en\/wp-json\/wp\/v2\/media\/16484"}],"wp:attachment":[{"href":"https:\/\/parapharmacieenligne.ma\/en\/wp-json\/wp\/v2\/media?parent=16485"}],"wp:term":[{"taxonomy":"product_cat","embeddable":true,"href":"https:\/\/parapharmacieenligne.ma\/en\/wp-json\/wp\/v2\/product_cat?post=16485"},{"taxonomy":"product_tag","embeddable":true,"href":"https:\/\/parapharmacieenligne.ma\/en\/wp-json\/wp\/v2\/product_tag?post=16485"},{"taxonomy":"yith_product_brand","embeddable":true,"href":"https:\/\/parapharmacieenligne.ma\/en\/wp-json\/wp\/v2\/yith_product_brand?post=16485"}],"curies":[{"name":"wp","href":"https:\/\/api.w.org\/{rel}","templated":true}]}}