{"id":16497,"date":"2026-03-01T18:45:55","date_gmt":"2026-03-01T17:45:55","guid":{"rendered":"https:\/\/parapharmacieenligne.ma\/?post_type=product&#038;p=16497"},"modified":"2026-03-30T21:21:37","modified_gmt":"2026-03-30T19:21:37","slug":"la-roche-posay-effaclar-h-creme-lavante-hydratante-dermo-apaisante-200ml","status":"publish","type":"product","link":"https:\/\/parapharmacieenligne.ma\/en\/product\/la-roche-posay-effaclar-h-creme-lavante-hydratante-dermo-apaisante-200ml\/","title":{"rendered":"LA ROCHE POSAY EFFACLAR H CREME LAVANTE HYDRATANTE DERMO APAISANTE 200ML"},"content":{"rendered":"<p>Sa formule sans savon, enrichie en Aqua Posae Filiformis, agit sur le microbiome cutan\u00e9 pour r\u00e9tablir son \u00e9quilibre naturel. La Niacinamide joue un r\u00f4le essentiel en r\u00e9duisant les inflammations et en aidant \u00e0 renforcer la barri\u00e8re cutan\u00e9e, tandis que la Glyc\u00e9rine et le Beurre de Karit\u00e9 apportent une hydratation profonde pour lutter contre la s\u00e9cheresse et les desquamations. L\u2019Eau Thermale de La Roche-Posay, riche en oligo-\u00e9l\u00e9ments et reconnue pour ses propri\u00e9t\u00e9s apaisantes, calme les irritations et redonne confort \u00e0 la peau.<\/p>\n<p>Sa texture cr\u00e8me onctueuse se transforme en une mousse d\u00e9licate au contact de l\u2019eau, \u00e9liminant en douceur les impuret\u00e9s et l\u2019exc\u00e8s de s\u00e9bum, sans agresser la peau. Jour apr\u00e8s jour, la peau retrouve confort, souplesse et douceur, m\u00eame en cours de traitement dermatologique intensif.<\/p>\n<p>R\u00e9sultats cliniques :<br \/>\n-27% de rougeurs apr\u00e8s 28 jours.<\/p>\n<p>-67% de s\u00e9cheresse cutan\u00e9e et -71% de desquamation.<\/p>\n<p>-38% de s\u00e9v\u00e9rit\u00e9 de l\u2019acn\u00e9 apr\u00e8s 28 jours.<\/p>\n<p>Am\u00e9lioration de la qualit\u00e9 de vie li\u00e9e \u00e0 l\u2019acn\u00e9 de +44 %.<\/p>\n<p>Conseils d\u2019utilisation<br \/>\nUtiliser matin et soir.<\/p>\n<p>Pr\u00e9lever 1 \u00e0 2 pressions de produit.<\/p>\n<p>Appliquer sur peau humide en massant doucement par mouvements circulaires.<\/p>\n<p>Rincer abondamment \u00e0 l\u2019eau claire.<\/p>\n<p>S\u00e9cher d\u00e9licatement en tamponnant avec une serviette propre.<\/p>\n<p>S\u00e9curit\u00e9 et tol\u00e9rance<br \/>\nTest\u00e9 sous contr\u00f4le dermatologique.<\/p>\n<p>Hypoallerg\u00e9nique.<\/p>\n<p>Non com\u00e9dog\u00e8ne.<\/p>\n<p>Composition<br \/>\nAqua \/ Water \/ Eau, Glycerin, Sodium Laureth Sulfate, PEG-200 Hydrogenated Glyceryl Palmate, Coco-Betaine, Polysorbate 20, Citric Acid, PEG-7 Glyceryl Cocoate, Niacinamide, Bixa Orellana Seed Extract, Butyrospermum Parkii Butter \/ Shea Butter, Cocamide MEA, Glycol Distearate, Sodium Chloride, Sodium Hydroxide, Mannose, Disodium EDTA, Vitreoscilla Ferment, Maltodextrin, Polyquaternium-11, Acrylates Copolymer, Sodium Benzoate, Parfum \/ Fragrance<\/p>","protected":false},"excerpt":{"rendered":"<p>Sa formule sans savon, enrichie en Aqua Posae Filiformis, agit sur le microbiome cutan\u00e9 pour r\u00e9tablir son \u00e9quilibre naturel. La Niacinamide joue&hellip;<\/p>","protected":false},"featured_media":16496,"comment_status":"open","ping_status":"closed","template":"","meta":[],"product_cat":[206,83],"product_tag":[],"yith_product_brand":[202],"class_list":{"0":"post-16497","1":"product","2":"type-product","3":"status-publish","4":"has-post-thumbnail","6":"product_cat-acne","7":"product_cat-soins-visage","8":"yith_product_brand-la-roche-posay","10":"first","11":"instock","12":"sale","13":"shipping-taxable","14":"purchasable","15":"product-type-simple"},"_links":{"self":[{"href":"https:\/\/parapharmacieenligne.ma\/en\/wp-json\/wp\/v2\/product\/16497","targetHints":{"allow":["GET"]}}],"collection":[{"href":"https:\/\/parapharmacieenligne.ma\/en\/wp-json\/wp\/v2\/product"}],"about":[{"href":"https:\/\/parapharmacieenligne.ma\/en\/wp-json\/wp\/v2\/types\/product"}],"replies":[{"embeddable":true,"href":"https:\/\/parapharmacieenligne.ma\/en\/wp-json\/wp\/v2\/comments?post=16497"}],"version-history":[{"count":1,"href":"https:\/\/parapharmacieenligne.ma\/en\/wp-json\/wp\/v2\/product\/16497\/revisions"}],"predecessor-version":[{"id":16498,"href":"https:\/\/parapharmacieenligne.ma\/en\/wp-json\/wp\/v2\/product\/16497\/revisions\/16498"}],"wp:featuredmedia":[{"embeddable":true,"href":"https:\/\/parapharmacieenligne.ma\/en\/wp-json\/wp\/v2\/media\/16496"}],"wp:attachment":[{"href":"https:\/\/parapharmacieenligne.ma\/en\/wp-json\/wp\/v2\/media?parent=16497"}],"wp:term":[{"taxonomy":"product_cat","embeddable":true,"href":"https:\/\/parapharmacieenligne.ma\/en\/wp-json\/wp\/v2\/product_cat?post=16497"},{"taxonomy":"product_tag","embeddable":true,"href":"https:\/\/parapharmacieenligne.ma\/en\/wp-json\/wp\/v2\/product_tag?post=16497"},{"taxonomy":"yith_product_brand","embeddable":true,"href":"https:\/\/parapharmacieenligne.ma\/en\/wp-json\/wp\/v2\/yith_product_brand?post=16497"}],"curies":[{"name":"wp","href":"https:\/\/api.w.org\/{rel}","templated":true}]}}