{"id":16509,"date":"2026-03-01T18:46:59","date_gmt":"2026-03-01T17:46:59","guid":{"rendered":"https:\/\/parapharmacieenligne.ma\/?post_type=product&#038;p=16509"},"modified":"2026-03-01T18:47:07","modified_gmt":"2026-03-01T17:47:07","slug":"la-roche-posay-hydraphase-ha-uv-riche-spf-25-40-ml","status":"publish","type":"product","link":"https:\/\/parapharmacieenligne.ma\/en\/product\/la-roche-posay-hydraphase-ha-uv-riche-spf-25-40-ml\/","title":{"rendered":"LA ROCHE POSAY HYDRAPHASE HA UV RICHE SPF 25 40 ML"},"content":{"rendered":"<p>Au c\u0153ur de sa formule, l\u2019Acide Hyaluronique fragment\u00e9 agit en profondeur pour retenir l\u2019eau dans l\u2019\u00e9piderme, repulper la peau et lisser les ridules de d\u00e9shydratation. En compl\u00e9ment, la Cire d\u2019Abeille renforce le film hydrolipidique naturel, permettant ainsi de prot\u00e9ger la peau des agressions ext\u00e9rieures et de pr\u00e9venir la s\u00e9cheresse. L\u2019Eau Thermale de La Roche-Posay, riche en oligo-\u00e9l\u00e9ments, apporte une action apaisante et antioxydante, id\u00e9ale pour calmer les peaux sensibles.<\/p>\n<p>Enrichie d\u2019un syst\u00e8me filtrant SPF 25 (UVA\/UVB), Hydraphase HA UV Riche prot\u00e8ge efficacement la peau des rayons solaires responsables du vieillissement pr\u00e9matur\u00e9. Ce soin agit ainsi comme une double barri\u00e8re : hydratation en profondeur et protection contre les agressions quotidiennes.<\/p>\n<p>Test\u00e9e sous contr\u00f4le dermatologique, cette cr\u00e8me procure une hydratation imm\u00e9diate (93% des femmes constatent une peau r\u00e9hydrat\u00e9e) et assure une hydratation longue dur\u00e9e (+36% apr\u00e8s 8h). Sa texture non grasse en fait un soin id\u00e9al \u00e0 utiliser chaque matin, seul ou comme base de maquillage.<\/p>\n<p>En l\u2019utilisant quotidiennement, la peau retrouve douceur, souplesse et \u00e9clat, tout en \u00e9tant prot\u00e9g\u00e9e des rayons UV et du stress oxydatif.<\/p>\n<p>Conseils d\u2019utilisation<br \/>\nAppliquez chaque matin sur une peau propre et s\u00e8che.<\/p>\n<p>D\u00e9posez une petite quantit\u00e9 de cr\u00e8me sur le visage, le cou et le d\u00e9collet\u00e9.<\/p>\n<p>\u00c9talez en massant d\u00e9licatement pour favoriser la p\u00e9n\u00e9tration.<\/p>\n<p>\u00c9vitez le contour des yeux.<\/p>\n<p>Peut \u00eatre utilis\u00e9e comme base de maquillage.<\/p>\n<p>Composition<br \/>\nAQUA \/ WATER, OCTOCRYLENE, ISOPROPYL LAUROYL SARCOSINATE, GLYCERIN, ETHYLHEXYL SALICYLATE, HOMOSALATE, DIMETHICONE, C30-45 ALKYL DIMETHICONE, BUTYL METHOXYDIBENZOYLMETHANE, ALUMINUM STARCH OCTENYLSUCCINATE, SUCROSE TRISTEARATE, CERA ALBA \/ BEESWAX, POLYMETHYLSILSESQUIOXANE, POLYSORBATE 61, PEG-12 DIMETHICONE, CARBOMER, TRIETHANOLAMINE, DIMETHICONOL, SODIUM HYALURONATE, SODIUM STEAROYL GLUTAMATE, DISODIUM EDTA, HYDROLYZED HYALURONIC ACID, CAPRYLYL GLYCOL, XANTHAN GUM, SODIUM BENZOATE, PHENOXYETHANOL, PARFUM \/ FRAGRANCE<\/p>","protected":false},"excerpt":{"rendered":"<p>Au c\u0153ur de sa formule, l\u2019Acide Hyaluronique fragment\u00e9 agit en profondeur pour retenir l\u2019eau dans l\u2019\u00e9piderme, repulper la peau et lisser les&hellip;<\/p>","protected":false},"featured_media":16508,"comment_status":"open","ping_status":"closed","template":"","meta":[],"product_cat":[83],"product_tag":[],"yith_product_brand":[202],"class_list":{"0":"post-16509","1":"product","2":"type-product","3":"status-publish","4":"has-post-thumbnail","6":"product_cat-soins-visage","7":"yith_product_brand-la-roche-posay","9":"first","10":"instock","11":"sale","12":"shipping-taxable","13":"purchasable","14":"product-type-simple"},"_links":{"self":[{"href":"https:\/\/parapharmacieenligne.ma\/en\/wp-json\/wp\/v2\/product\/16509","targetHints":{"allow":["GET"]}}],"collection":[{"href":"https:\/\/parapharmacieenligne.ma\/en\/wp-json\/wp\/v2\/product"}],"about":[{"href":"https:\/\/parapharmacieenligne.ma\/en\/wp-json\/wp\/v2\/types\/product"}],"replies":[{"embeddable":true,"href":"https:\/\/parapharmacieenligne.ma\/en\/wp-json\/wp\/v2\/comments?post=16509"}],"version-history":[{"count":1,"href":"https:\/\/parapharmacieenligne.ma\/en\/wp-json\/wp\/v2\/product\/16509\/revisions"}],"predecessor-version":[{"id":16510,"href":"https:\/\/parapharmacieenligne.ma\/en\/wp-json\/wp\/v2\/product\/16509\/revisions\/16510"}],"wp:featuredmedia":[{"embeddable":true,"href":"https:\/\/parapharmacieenligne.ma\/en\/wp-json\/wp\/v2\/media\/16508"}],"wp:attachment":[{"href":"https:\/\/parapharmacieenligne.ma\/en\/wp-json\/wp\/v2\/media?parent=16509"}],"wp:term":[{"taxonomy":"product_cat","embeddable":true,"href":"https:\/\/parapharmacieenligne.ma\/en\/wp-json\/wp\/v2\/product_cat?post=16509"},{"taxonomy":"product_tag","embeddable":true,"href":"https:\/\/parapharmacieenligne.ma\/en\/wp-json\/wp\/v2\/product_tag?post=16509"},{"taxonomy":"yith_product_brand","embeddable":true,"href":"https:\/\/parapharmacieenligne.ma\/en\/wp-json\/wp\/v2\/yith_product_brand?post=16509"}],"curies":[{"name":"wp","href":"https:\/\/api.w.org\/{rel}","templated":true}]}}