{"id":16517,"date":"2026-03-01T19:00:17","date_gmt":"2026-03-01T18:00:17","guid":{"rendered":"https:\/\/parapharmacieenligne.ma\/?post_type=product&#038;p=16517"},"modified":"2026-03-01T19:00:24","modified_gmt":"2026-03-01T18:00:24","slug":"la-roche-posay-toleriane-correcteur-de-teint-mineral-compact-poudre-beige-sable-n-13-spf-25","status":"publish","type":"product","link":"https:\/\/parapharmacieenligne.ma\/en\/product\/la-roche-posay-toleriane-correcteur-de-teint-mineral-compact-poudre-beige-sable-n-13-spf-25\/","title":{"rendered":"LA ROCHE POSAY TOLERIANE CORRECTEUR DE TEINT MINERAL COMPACT POUDRE BEIGE SABLE N 13 SPF 25"},"content":{"rendered":"<p>Sa texture poudre ultra-douce et non com\u00e9dog\u00e8ne offre une couvrance modulable, parfaite pour masquer rougeurs, brillances et irr\u00e9gularit\u00e9s. Son format compact, accompagn\u00e9 d\u2019une \u00e9ponge douce adapt\u00e9e aux peaux sensibles, facilite une application pr\u00e9cise et rapide \u00e0 tout moment de la journ\u00e9e. R\u00e9sultat ? Un teint mat, uniforme et visiblement plus sain.<\/p>\n<p>Utilis\u00e9 quotidiennement, il aide \u00e0 r\u00e9duire les imperfections jour apr\u00e8s jour. Apr\u00e8s 4 semaines d\u2019utilisation, 90 % des femmes constatent une am\u00e9lioration de la texture de leur peau et 60 % voient leurs imperfections diminu\u00e9es.*<\/p>\n<p>Dot\u00e9 d\u2019un SPF 25, ce correcteur offre \u00e9galement une protection solaire efficace contre les UVA et UVB, id\u00e9ale pour les peaux claires ou r\u00e9actives au soleil.<\/p>\n<p>Formule haute tol\u00e9rance :<\/p>\n<p>Hypoallerg\u00e9nique<\/p>\n<p>Sans parfum<\/p>\n<p>Non com\u00e9dog\u00e8ne<\/p>\n<p>Un indispensable pour celles et ceux qui recherchent un teint parfait, sans compromis sur la tol\u00e9rance ou la sant\u00e9 de leur peau.<\/p>\n<p>Conseils d\u2019utilisation<br \/>\nPr\u00e9levez une petite quantit\u00e9 de poudre avec l\u2019\u00e9ponge fournie.<\/p>\n<p>Appliquez en \u00e9tirant la mati\u00e8re du centre vers l\u2019ext\u00e9rieur du visage.<\/p>\n<p>Estompez jusqu\u2019\u00e0 la base du cou pour un fini naturel.<\/p>\n<p>\u00c0 utiliser le matin et pour les retouches dans la journ\u00e9e.<\/p>\n<p>Composition<br \/>\nTALC, NYLON-12, DIMETHICONE, TITANIUM DIOXIDE, MAGNESIUM STEARATE, TRIISOCETYL CITRATE, STEARIC ACID, TRIMETHYLSILOXYSILICATE, CAPRYLYL GLYCOL, PARAFFINUM LIQUIDUM \/ MINERAL OIL, CETYL DIMETHICONE, METHYL METHACRYLATE\/GLYCOL DIMETHACRYLATE CROSSPOLYMER, ALUMINUM HYDROXIDE, LAUROYL LYSINE, CI 77891 \/ TITANIUM DIOXIDE, CI 77163 \/ BISMUTH OXYCHLORIDE, CI 77492, CI 77499 \/ IRON OXIDES, CI 77491, MICA<\/p>","protected":false},"excerpt":{"rendered":"<p>Sa texture poudre ultra-douce et non com\u00e9dog\u00e8ne offre une couvrance modulable, parfaite pour masquer rougeurs, brillances et irr\u00e9gularit\u00e9s. Son format compact, accompagn\u00e9&hellip;<\/p>","protected":false},"featured_media":16516,"comment_status":"open","ping_status":"closed","template":"","meta":[],"product_cat":[91],"product_tag":[],"yith_product_brand":[202],"class_list":{"0":"post-16517","1":"product","2":"type-product","3":"status-publish","4":"has-post-thumbnail","6":"product_cat-maquillage","7":"yith_product_brand-la-roche-posay","9":"first","10":"instock","11":"sale","12":"shipping-taxable","13":"purchasable","14":"product-type-simple"},"_links":{"self":[{"href":"https:\/\/parapharmacieenligne.ma\/en\/wp-json\/wp\/v2\/product\/16517","targetHints":{"allow":["GET"]}}],"collection":[{"href":"https:\/\/parapharmacieenligne.ma\/en\/wp-json\/wp\/v2\/product"}],"about":[{"href":"https:\/\/parapharmacieenligne.ma\/en\/wp-json\/wp\/v2\/types\/product"}],"replies":[{"embeddable":true,"href":"https:\/\/parapharmacieenligne.ma\/en\/wp-json\/wp\/v2\/comments?post=16517"}],"version-history":[{"count":1,"href":"https:\/\/parapharmacieenligne.ma\/en\/wp-json\/wp\/v2\/product\/16517\/revisions"}],"predecessor-version":[{"id":16518,"href":"https:\/\/parapharmacieenligne.ma\/en\/wp-json\/wp\/v2\/product\/16517\/revisions\/16518"}],"wp:featuredmedia":[{"embeddable":true,"href":"https:\/\/parapharmacieenligne.ma\/en\/wp-json\/wp\/v2\/media\/16516"}],"wp:attachment":[{"href":"https:\/\/parapharmacieenligne.ma\/en\/wp-json\/wp\/v2\/media?parent=16517"}],"wp:term":[{"taxonomy":"product_cat","embeddable":true,"href":"https:\/\/parapharmacieenligne.ma\/en\/wp-json\/wp\/v2\/product_cat?post=16517"},{"taxonomy":"product_tag","embeddable":true,"href":"https:\/\/parapharmacieenligne.ma\/en\/wp-json\/wp\/v2\/product_tag?post=16517"},{"taxonomy":"yith_product_brand","embeddable":true,"href":"https:\/\/parapharmacieenligne.ma\/en\/wp-json\/wp\/v2\/yith_product_brand?post=16517"}],"curies":[{"name":"wp","href":"https:\/\/api.w.org\/{rel}","templated":true}]}}