{"id":16528,"date":"2026-03-01T19:02:45","date_gmt":"2026-03-01T18:02:45","guid":{"rendered":"https:\/\/parapharmacieenligne.ma\/?post_type=product&#038;p=16528"},"modified":"2026-03-30T20:57:32","modified_gmt":"2026-03-30T18:57:32","slug":"la-roche-posay-effaclar-gel-moussant-purifiant-peaux-sensibles-grasses-400-ml","status":"publish","type":"product","link":"https:\/\/parapharmacieenligne.ma\/en\/product\/la-roche-posay-effaclar-gel-moussant-purifiant-peaux-sensibles-grasses-400-ml\/","title":{"rendered":"LA ROCHE POSAY EFFACLAR GEL MOUSSANT PURIFIANT PEAUX SENSIBLES GRASSES 400 ML"},"content":{"rendered":"<p>L\u2019ingr\u00e9dient star, l\u2019Eau Thermale de La Roche-Posay, est reconnue pour ses propri\u00e9t\u00e9s apaisantes et anti-irritantes. Associ\u00e9e au Zinc PCA, elle contribue \u00e0 r\u00e9duire la production de s\u00e9bum et purifier durablement l\u2019\u00e9piderme. Des agents nettoyants doux, sans savon ni alcool, assurent un nettoyage efficace et non agressif, adapt\u00e9 \u00e0 un usage quotidien.<\/p>\n<p>Sans parab\u00e8nes, \u00e9thanol, ni com\u00e9dog\u00e8nes, ce gel convient parfaitement aux peaux en traitement dermatologique contre l\u2019acn\u00e9. Il a d\u00e9montr\u00e9 une tol\u00e9rance exceptionnelle : 97 % des utilisateurs d\u00e9clarent qu\u2019il n\u2019irrite ni la peau ni les yeux, m\u00eame en usage biquotidien.<\/p>\n<p>R\u00e9sultat : les pores sont d\u00e9sincrust\u00e9s, les points noirs att\u00e9nu\u00e9s, et la peau visiblement plus nette. La texture moussante est agr\u00e9able et se rince facilement, laissant une sensation de puret\u00e9 imm\u00e9diate.<\/p>","protected":false},"excerpt":{"rendered":"<p>L\u2019ingr\u00e9dient star, l\u2019Eau Thermale de La Roche-Posay, est reconnue pour ses propri\u00e9t\u00e9s apaisantes et anti-irritantes. Associ\u00e9e au Zinc PCA, elle contribue \u00e0&hellip;<\/p>","protected":false},"featured_media":16527,"comment_status":"open","ping_status":"closed","template":"","meta":[],"product_cat":[206,83],"product_tag":[],"yith_product_brand":[202],"class_list":{"0":"post-16528","1":"product","2":"type-product","3":"status-publish","4":"has-post-thumbnail","6":"product_cat-acne","7":"product_cat-soins-visage","8":"yith_product_brand-la-roche-posay","10":"first","11":"instock","12":"sale","13":"shipping-taxable","14":"purchasable","15":"product-type-simple"},"_links":{"self":[{"href":"https:\/\/parapharmacieenligne.ma\/en\/wp-json\/wp\/v2\/product\/16528","targetHints":{"allow":["GET"]}}],"collection":[{"href":"https:\/\/parapharmacieenligne.ma\/en\/wp-json\/wp\/v2\/product"}],"about":[{"href":"https:\/\/parapharmacieenligne.ma\/en\/wp-json\/wp\/v2\/types\/product"}],"replies":[{"embeddable":true,"href":"https:\/\/parapharmacieenligne.ma\/en\/wp-json\/wp\/v2\/comments?post=16528"}],"version-history":[{"count":1,"href":"https:\/\/parapharmacieenligne.ma\/en\/wp-json\/wp\/v2\/product\/16528\/revisions"}],"predecessor-version":[{"id":16529,"href":"https:\/\/parapharmacieenligne.ma\/en\/wp-json\/wp\/v2\/product\/16528\/revisions\/16529"}],"wp:featuredmedia":[{"embeddable":true,"href":"https:\/\/parapharmacieenligne.ma\/en\/wp-json\/wp\/v2\/media\/16527"}],"wp:attachment":[{"href":"https:\/\/parapharmacieenligne.ma\/en\/wp-json\/wp\/v2\/media?parent=16528"}],"wp:term":[{"taxonomy":"product_cat","embeddable":true,"href":"https:\/\/parapharmacieenligne.ma\/en\/wp-json\/wp\/v2\/product_cat?post=16528"},{"taxonomy":"product_tag","embeddable":true,"href":"https:\/\/parapharmacieenligne.ma\/en\/wp-json\/wp\/v2\/product_tag?post=16528"},{"taxonomy":"yith_product_brand","embeddable":true,"href":"https:\/\/parapharmacieenligne.ma\/en\/wp-json\/wp\/v2\/yith_product_brand?post=16528"}],"curies":[{"name":"wp","href":"https:\/\/api.w.org\/{rel}","templated":true}]}}