{"id":16546,"date":"2026-03-01T19:07:32","date_gmt":"2026-03-01T18:07:32","guid":{"rendered":"https:\/\/parapharmacieenligne.ma\/?post_type=product&#038;p=16546"},"modified":"2026-03-01T19:07:40","modified_gmt":"2026-03-01T18:07:40","slug":"la-roche-posay-pure-vitamin-c12-serum-30-ml","status":"publish","type":"product","link":"https:\/\/parapharmacieenligne.ma\/en\/product\/la-roche-posay-pure-vitamin-c12-serum-30-ml\/","title":{"rendered":"LA ROCHE POSAY PURE VITAMIN C12 SERUM 30 ML"},"content":{"rendered":"<p>Ingredients :<\/p>\n<p>1\/ 12% DE VITAMINE C PURE<br \/>\nActif anti-\u00e2ge de r\u00e9f\u00e9rence qui r\u00e9v\u00e8le l&rsquo;\u00e9clat de la peau et estompe les rides et ridules. La vitamine C inhibe la production de m\u00e9lanine par les m\u00e9lanocytes dans l&rsquo;\u00e9piderme pour r\u00e9duire l&rsquo;apparence des taches brunes.<br \/>\nR\u00e9sultats apr\u00e8s 2 semaines : 93% des femmes constatent une am\u00e9lioration de l&rsquo;\u00e9clat*<\/p>\n<p>2\/ ACIDE SALICYLIQUE<br \/>\nCe s\u00e9rum \u00e0 la vitamine C est \u00e9galement enrichi en acide salicylique et combine ainsi plusieurs propri\u00e9t\u00e9s. L&rsquo;acide salicylique permet de d\u00e9sobstruer les pores et de r\u00e9duire l&rsquo;accumulation de s\u00e9bum. Naturellement pr\u00e9sent dans certains fruits, l&rsquo;acide salicylique favorise \u00e9galement l&rsquo;\u00e9limination des cellules mortes. Son action k\u00e9ratolytique permet de lisser la surface de la peau.<br \/>\n76% des femmes constatent une am\u00e9lioration de l&rsquo;uniformit\u00e9 du teint*<\/p>\n<p>3\/ NEUROSENSINE<br \/>\nAction apaisante<\/p>","protected":false},"excerpt":{"rendered":"<p>Ingredients : 1\/ 12% DE VITAMINE C PURE Actif anti-\u00e2ge de r\u00e9f\u00e9rence qui r\u00e9v\u00e8le l&rsquo;\u00e9clat de la peau et estompe les rides&hellip;<\/p>","protected":false},"featured_media":16545,"comment_status":"open","ping_status":"closed","template":"","meta":[],"product_cat":[83],"product_tag":[],"yith_product_brand":[202],"class_list":{"0":"post-16546","1":"product","2":"type-product","3":"status-publish","4":"has-post-thumbnail","6":"product_cat-soins-visage","7":"yith_product_brand-la-roche-posay","9":"first","10":"instock","11":"sale","12":"shipping-taxable","13":"purchasable","14":"product-type-simple"},"_links":{"self":[{"href":"https:\/\/parapharmacieenligne.ma\/en\/wp-json\/wp\/v2\/product\/16546","targetHints":{"allow":["GET"]}}],"collection":[{"href":"https:\/\/parapharmacieenligne.ma\/en\/wp-json\/wp\/v2\/product"}],"about":[{"href":"https:\/\/parapharmacieenligne.ma\/en\/wp-json\/wp\/v2\/types\/product"}],"replies":[{"embeddable":true,"href":"https:\/\/parapharmacieenligne.ma\/en\/wp-json\/wp\/v2\/comments?post=16546"}],"version-history":[{"count":1,"href":"https:\/\/parapharmacieenligne.ma\/en\/wp-json\/wp\/v2\/product\/16546\/revisions"}],"predecessor-version":[{"id":16547,"href":"https:\/\/parapharmacieenligne.ma\/en\/wp-json\/wp\/v2\/product\/16546\/revisions\/16547"}],"wp:featuredmedia":[{"embeddable":true,"href":"https:\/\/parapharmacieenligne.ma\/en\/wp-json\/wp\/v2\/media\/16545"}],"wp:attachment":[{"href":"https:\/\/parapharmacieenligne.ma\/en\/wp-json\/wp\/v2\/media?parent=16546"}],"wp:term":[{"taxonomy":"product_cat","embeddable":true,"href":"https:\/\/parapharmacieenligne.ma\/en\/wp-json\/wp\/v2\/product_cat?post=16546"},{"taxonomy":"product_tag","embeddable":true,"href":"https:\/\/parapharmacieenligne.ma\/en\/wp-json\/wp\/v2\/product_tag?post=16546"},{"taxonomy":"yith_product_brand","embeddable":true,"href":"https:\/\/parapharmacieenligne.ma\/en\/wp-json\/wp\/v2\/yith_product_brand?post=16546"}],"curies":[{"name":"wp","href":"https:\/\/api.w.org\/{rel}","templated":true}]}}