{"id":16549,"date":"2026-03-01T19:07:50","date_gmt":"2026-03-01T18:07:50","guid":{"rendered":"https:\/\/parapharmacieenligne.ma\/?post_type=product&#038;p=16549"},"modified":"2026-03-31T18:28:52","modified_gmt":"2026-03-31T16:28:52","slug":"la-roche-posay-effaclar-masque-sebo-regulateur-100-ml","status":"publish","type":"product","link":"https:\/\/parapharmacieenligne.ma\/en\/product\/la-roche-posay-effaclar-masque-sebo-regulateur-100-ml\/","title":{"rendered":"LA ROCHE POSAY EFFACLAR MASQUE SEBO REGULATEUR 100 ML"},"content":{"rendered":"<p>Le masque EFFACLAR aux argiles douces purifie, \u00e9limine l&rsquo;exc\u00e8s de s\u00e9bum et les impuret\u00e9s (poussi\u00e8res, particules polluantes) et contr\u00f4le la brillance.<\/p>\n<p>Peaux sensibles, peaux grasses \u00e0 tendance acn\u00e9\u00efque.<\/p>\n<p>Apaise la peau pour \u00e9viter un effet rebond du s\u00e9bum<\/p>","protected":false},"excerpt":{"rendered":"<p>Le masque EFFACLAR aux argiles douces purifie, \u00e9limine l&rsquo;exc\u00e8s de s\u00e9bum et les impuret\u00e9s (poussi\u00e8res, particules polluantes) et contr\u00f4le la brillance. Peaux&hellip;<\/p>","protected":false},"featured_media":16548,"comment_status":"open","ping_status":"closed","template":"","meta":[],"product_cat":[206,83],"product_tag":[],"yith_product_brand":[202],"class_list":{"0":"post-16549","1":"product","2":"type-product","3":"status-publish","4":"has-post-thumbnail","6":"product_cat-acne","7":"product_cat-soins-visage","8":"yith_product_brand-la-roche-posay","10":"first","11":"instock","12":"sale","13":"shipping-taxable","14":"purchasable","15":"product-type-simple"},"_links":{"self":[{"href":"https:\/\/parapharmacieenligne.ma\/en\/wp-json\/wp\/v2\/product\/16549","targetHints":{"allow":["GET"]}}],"collection":[{"href":"https:\/\/parapharmacieenligne.ma\/en\/wp-json\/wp\/v2\/product"}],"about":[{"href":"https:\/\/parapharmacieenligne.ma\/en\/wp-json\/wp\/v2\/types\/product"}],"replies":[{"embeddable":true,"href":"https:\/\/parapharmacieenligne.ma\/en\/wp-json\/wp\/v2\/comments?post=16549"}],"version-history":[{"count":1,"href":"https:\/\/parapharmacieenligne.ma\/en\/wp-json\/wp\/v2\/product\/16549\/revisions"}],"predecessor-version":[{"id":16550,"href":"https:\/\/parapharmacieenligne.ma\/en\/wp-json\/wp\/v2\/product\/16549\/revisions\/16550"}],"wp:featuredmedia":[{"embeddable":true,"href":"https:\/\/parapharmacieenligne.ma\/en\/wp-json\/wp\/v2\/media\/16548"}],"wp:attachment":[{"href":"https:\/\/parapharmacieenligne.ma\/en\/wp-json\/wp\/v2\/media?parent=16549"}],"wp:term":[{"taxonomy":"product_cat","embeddable":true,"href":"https:\/\/parapharmacieenligne.ma\/en\/wp-json\/wp\/v2\/product_cat?post=16549"},{"taxonomy":"product_tag","embeddable":true,"href":"https:\/\/parapharmacieenligne.ma\/en\/wp-json\/wp\/v2\/product_tag?post=16549"},{"taxonomy":"yith_product_brand","embeddable":true,"href":"https:\/\/parapharmacieenligne.ma\/en\/wp-json\/wp\/v2\/yith_product_brand?post=16549"}],"curies":[{"name":"wp","href":"https:\/\/api.w.org\/{rel}","templated":true}]}}