{"id":16561,"date":"2026-03-01T19:08:59","date_gmt":"2026-03-01T18:08:59","guid":{"rendered":"https:\/\/parapharmacieenligne.ma\/?post_type=product&#038;p=16561"},"modified":"2026-03-30T21:05:06","modified_gmt":"2026-03-30T19:05:06","slug":"la-roche-posay-effaclar-gel-micro-peeling-purifiant-200-ml","status":"publish","type":"product","link":"https:\/\/parapharmacieenligne.ma\/en\/product\/la-roche-posay-effaclar-gel-micro-peeling-purifiant-200-ml\/","title":{"rendered":"LA ROCHE POSAY EFFACLAR GEL MICRO-PEELING PURIFIANT 200 ML"},"content":{"rendered":"<p>Gr\u00e2ce \u00e0 des agents exfoliants s\u00e9lectionn\u00e9s qui laissent la texture de la peau plus lisse, le gel micro-peeling EFFACLAR purifie intens\u00e9ment les peaux grasses, d\u00e9sobstrue les pores en profondeur et \u00e9limine l&rsquo;exc\u00e8s de s\u00e9bum. Il aide \u00e0 r\u00e9duire progressivement et durablement les imperfections persistantes, y compris les taches et marques, et \u00e0 pr\u00e9venir leur r\u00e9apparition.<\/p>\n<p>Combat les imperfections s\u00e9v\u00e8res.<br \/>\nFavorisant l&rsquo;\u00e9limination des cellules mortes sans irritation, le gel micro-peeling EFFACLAR aide \u00e0 \u00e9liminer les impuret\u00e9s et l&rsquo;exc\u00e8s de s\u00e9bum et d\u00e9bouche les pores en profondeur. Il r\u00e9duit la visibilit\u00e9 des points noirs et contr\u00f4le la brillance. Il laisse la peau douce, propre et fra\u00eeche.<\/p>\n<p>Formul\u00e9 avec des agents micro-exfoliants et purifiants. Agit sur les imperfections persistantes et le s\u00e9bum tout en apportant un maximum de confort aux peaux \u00e0 tendance acn\u00e9ique, m\u00eame sur le corps.<\/p>\n<p>Formule test\u00e9e sous contr\u00f4le dermatologique. Hypoallerg\u00e9nique, pH physiologique. Test\u00e9e sur les peaux grasses \u00e0 tendance acn\u00e9ique. Test\u00e9e sous contr\u00f4le d&rsquo;allergie.<\/p>","protected":false},"excerpt":{"rendered":"<p>Gr\u00e2ce \u00e0 des agents exfoliants s\u00e9lectionn\u00e9s qui laissent la texture de la peau plus lisse, le gel micro-peeling EFFACLAR purifie intens\u00e9ment les&hellip;<\/p>","protected":false},"featured_media":16560,"comment_status":"open","ping_status":"closed","template":"","meta":[],"product_cat":[206,83],"product_tag":[],"yith_product_brand":[202],"class_list":{"0":"post-16561","1":"product","2":"type-product","3":"status-publish","4":"has-post-thumbnail","6":"product_cat-acne","7":"product_cat-soins-visage","8":"yith_product_brand-la-roche-posay","10":"first","11":"instock","12":"sale","13":"shipping-taxable","14":"purchasable","15":"product-type-simple"},"_links":{"self":[{"href":"https:\/\/parapharmacieenligne.ma\/en\/wp-json\/wp\/v2\/product\/16561","targetHints":{"allow":["GET"]}}],"collection":[{"href":"https:\/\/parapharmacieenligne.ma\/en\/wp-json\/wp\/v2\/product"}],"about":[{"href":"https:\/\/parapharmacieenligne.ma\/en\/wp-json\/wp\/v2\/types\/product"}],"replies":[{"embeddable":true,"href":"https:\/\/parapharmacieenligne.ma\/en\/wp-json\/wp\/v2\/comments?post=16561"}],"version-history":[{"count":1,"href":"https:\/\/parapharmacieenligne.ma\/en\/wp-json\/wp\/v2\/product\/16561\/revisions"}],"predecessor-version":[{"id":16562,"href":"https:\/\/parapharmacieenligne.ma\/en\/wp-json\/wp\/v2\/product\/16561\/revisions\/16562"}],"wp:featuredmedia":[{"embeddable":true,"href":"https:\/\/parapharmacieenligne.ma\/en\/wp-json\/wp\/v2\/media\/16560"}],"wp:attachment":[{"href":"https:\/\/parapharmacieenligne.ma\/en\/wp-json\/wp\/v2\/media?parent=16561"}],"wp:term":[{"taxonomy":"product_cat","embeddable":true,"href":"https:\/\/parapharmacieenligne.ma\/en\/wp-json\/wp\/v2\/product_cat?post=16561"},{"taxonomy":"product_tag","embeddable":true,"href":"https:\/\/parapharmacieenligne.ma\/en\/wp-json\/wp\/v2\/product_tag?post=16561"},{"taxonomy":"yith_product_brand","embeddable":true,"href":"https:\/\/parapharmacieenligne.ma\/en\/wp-json\/wp\/v2\/yith_product_brand?post=16561"}],"curies":[{"name":"wp","href":"https:\/\/api.w.org\/{rel}","templated":true}]}}