{"id":16579,"date":"2026-03-01T19:14:19","date_gmt":"2026-03-01T18:14:19","guid":{"rendered":"https:\/\/parapharmacieenligne.ma\/?post_type=product&#038;p=16579"},"modified":"2026-03-01T19:14:28","modified_gmt":"2026-03-01T18:14:28","slug":"la-roche-posay-retinol-b3-serum-30-ml","status":"publish","type":"product","link":"https:\/\/parapharmacieenligne.ma\/en\/product\/la-roche-posay-retinol-b3-serum-30-ml\/","title":{"rendered":"LA ROCHE POSAY RETINOL B3 SERUM 30 ML"},"content":{"rendered":"<p>Ce concentr\u00e9 resurfa\u00e7ant agit nuit apr\u00e8s nuit pour lisser la texture cutan\u00e9e, unifier le teint et raviver l\u2019\u00e9clat du visage. Cliniquement prouv\u00e9, il r\u00e9duit les rides de 14 %, les ridules de 19 %, am\u00e9liore la douceur de 25 % et la r\u00e9gularit\u00e9 du teint de 21 % apr\u00e8s seulement 2 mois d&rsquo;utilisation.<\/p>\n<p>Dot\u00e9 d&rsquo;une texture fluide et non-collante, ce s\u00e9rum p\u00e9n\u00e8tre rapidement, laissant la peau souple, confortable et visiblement plus jeune. Son efficacit\u00e9 est valid\u00e9e par 82 % des utilisatrices qui trouvent leur peau plus jeune et 96 % qui la sentent douce et hydrat\u00e9e.<\/p>","protected":false},"excerpt":{"rendered":"<p>Ce concentr\u00e9 resurfa\u00e7ant agit nuit apr\u00e8s nuit pour lisser la texture cutan\u00e9e, unifier le teint et raviver l\u2019\u00e9clat du visage. Cliniquement prouv\u00e9,&hellip;<\/p>","protected":false},"featured_media":16578,"comment_status":"open","ping_status":"closed","template":"","meta":[],"product_cat":[83],"product_tag":[],"yith_product_brand":[202],"class_list":{"0":"post-16579","1":"product","2":"type-product","3":"status-publish","4":"has-post-thumbnail","6":"product_cat-soins-visage","7":"yith_product_brand-la-roche-posay","9":"first","10":"instock","11":"sale","12":"shipping-taxable","13":"purchasable","14":"product-type-simple"},"_links":{"self":[{"href":"https:\/\/parapharmacieenligne.ma\/en\/wp-json\/wp\/v2\/product\/16579","targetHints":{"allow":["GET"]}}],"collection":[{"href":"https:\/\/parapharmacieenligne.ma\/en\/wp-json\/wp\/v2\/product"}],"about":[{"href":"https:\/\/parapharmacieenligne.ma\/en\/wp-json\/wp\/v2\/types\/product"}],"replies":[{"embeddable":true,"href":"https:\/\/parapharmacieenligne.ma\/en\/wp-json\/wp\/v2\/comments?post=16579"}],"version-history":[{"count":1,"href":"https:\/\/parapharmacieenligne.ma\/en\/wp-json\/wp\/v2\/product\/16579\/revisions"}],"predecessor-version":[{"id":16580,"href":"https:\/\/parapharmacieenligne.ma\/en\/wp-json\/wp\/v2\/product\/16579\/revisions\/16580"}],"wp:featuredmedia":[{"embeddable":true,"href":"https:\/\/parapharmacieenligne.ma\/en\/wp-json\/wp\/v2\/media\/16578"}],"wp:attachment":[{"href":"https:\/\/parapharmacieenligne.ma\/en\/wp-json\/wp\/v2\/media?parent=16579"}],"wp:term":[{"taxonomy":"product_cat","embeddable":true,"href":"https:\/\/parapharmacieenligne.ma\/en\/wp-json\/wp\/v2\/product_cat?post=16579"},{"taxonomy":"product_tag","embeddable":true,"href":"https:\/\/parapharmacieenligne.ma\/en\/wp-json\/wp\/v2\/product_tag?post=16579"},{"taxonomy":"yith_product_brand","embeddable":true,"href":"https:\/\/parapharmacieenligne.ma\/en\/wp-json\/wp\/v2\/yith_product_brand?post=16579"}],"curies":[{"name":"wp","href":"https:\/\/api.w.org\/{rel}","templated":true}]}}