{"id":16594,"date":"2026-03-01T19:16:02","date_gmt":"2026-03-01T18:16:02","guid":{"rendered":"https:\/\/parapharmacieenligne.ma\/?post_type=product&#038;p=16594"},"modified":"2026-03-01T19:16:12","modified_gmt":"2026-03-01T18:16:12","slug":"la-roche-posay-toleriane-dermallergo-nuit-40ml","status":"publish","type":"product","link":"https:\/\/parapharmacieenligne.ma\/en\/product\/la-roche-posay-toleriane-dermallergo-nuit-40ml\/","title":{"rendered":"LA ROCHE POSAY TOLERIANE DERMALLERGO NUIT 40ML"},"content":{"rendered":"<p>La cr\u00e8me de nuit hydratante et apaisante dermatologique quotidienne Toleriane Dermallergo Nuit de La Roche Posay est con\u00e7ue pour les peaux \u00e0 tendance allergiques ou sensibles.<\/p>\n<p>Conseils d&rsquo;utilisation:<\/p>\n<p>Appliquer tous les soirs sur le visage et le cou.<\/p>","protected":false},"excerpt":{"rendered":"<p>La cr\u00e8me de nuit hydratante et apaisante dermatologique quotidienne Toleriane Dermallergo Nuit de La Roche Posay est con\u00e7ue pour les peaux \u00e0&hellip;<\/p>","protected":false},"featured_media":16593,"comment_status":"open","ping_status":"closed","template":"","meta":[],"product_cat":[83],"product_tag":[],"yith_product_brand":[202],"class_list":{"0":"post-16594","1":"product","2":"type-product","3":"status-publish","4":"has-post-thumbnail","6":"product_cat-soins-visage","7":"yith_product_brand-la-roche-posay","9":"first","10":"instock","11":"sale","12":"shipping-taxable","13":"purchasable","14":"product-type-simple"},"_links":{"self":[{"href":"https:\/\/parapharmacieenligne.ma\/en\/wp-json\/wp\/v2\/product\/16594","targetHints":{"allow":["GET"]}}],"collection":[{"href":"https:\/\/parapharmacieenligne.ma\/en\/wp-json\/wp\/v2\/product"}],"about":[{"href":"https:\/\/parapharmacieenligne.ma\/en\/wp-json\/wp\/v2\/types\/product"}],"replies":[{"embeddable":true,"href":"https:\/\/parapharmacieenligne.ma\/en\/wp-json\/wp\/v2\/comments?post=16594"}],"version-history":[{"count":1,"href":"https:\/\/parapharmacieenligne.ma\/en\/wp-json\/wp\/v2\/product\/16594\/revisions"}],"predecessor-version":[{"id":16595,"href":"https:\/\/parapharmacieenligne.ma\/en\/wp-json\/wp\/v2\/product\/16594\/revisions\/16595"}],"wp:featuredmedia":[{"embeddable":true,"href":"https:\/\/parapharmacieenligne.ma\/en\/wp-json\/wp\/v2\/media\/16593"}],"wp:attachment":[{"href":"https:\/\/parapharmacieenligne.ma\/en\/wp-json\/wp\/v2\/media?parent=16594"}],"wp:term":[{"taxonomy":"product_cat","embeddable":true,"href":"https:\/\/parapharmacieenligne.ma\/en\/wp-json\/wp\/v2\/product_cat?post=16594"},{"taxonomy":"product_tag","embeddable":true,"href":"https:\/\/parapharmacieenligne.ma\/en\/wp-json\/wp\/v2\/product_tag?post=16594"},{"taxonomy":"yith_product_brand","embeddable":true,"href":"https:\/\/parapharmacieenligne.ma\/en\/wp-json\/wp\/v2\/yith_product_brand?post=16594"}],"curies":[{"name":"wp","href":"https:\/\/api.w.org\/{rel}","templated":true}]}}