{"id":16603,"date":"2026-03-01T19:16:54","date_gmt":"2026-03-01T18:16:54","guid":{"rendered":"https:\/\/parapharmacieenligne.ma\/?post_type=product&#038;p=16603"},"modified":"2026-03-01T19:17:09","modified_gmt":"2026-03-01T18:17:09","slug":"la-roche-posay-toleriane-vernis-silicium-02-rose","status":"publish","type":"product","link":"https:\/\/parapharmacieenligne.ma\/en\/product\/la-roche-posay-toleriane-vernis-silicium-02-rose\/","title":{"rendered":"LA ROCHE POSAY TOLERIANE VERNIS SILICIUM 02 ROSE"},"content":{"rendered":"<p>Sa teinte Rose 02 offre une finition subtile et sophistiqu\u00e9e, id\u00e9ale pour habiller vos ongles avec \u00e9l\u00e9gance tout en assurant leur protection. La formule est hypoallerg\u00e9nique et formul\u00e9e sans nickel, sans formol, sans tolu\u00e8ne ni colophane, garantissant une tol\u00e9rance optimale m\u00eame pour les ongles les plus sensibles.<\/p>\n<p>Gr\u00e2ce \u00e0 ses pigments anti-migration et ses billes m\u00e9langeuses sans nickel, la texture reste homog\u00e8ne \u00e0 chaque application et la couleur conserve tout son \u00e9clat. R\u00e9sultat : des ongles forts, sublim\u00e9s et prot\u00e9g\u00e9s jour apr\u00e8s jour.<\/p>\n<p>Ce soin vernis est parfaitement adapt\u00e9 \u00e0 un usage fr\u00e9quent. Il convient aux personnes ayant subi des traitements m\u00e9dicaux ou dermatologiques affectant la sant\u00e9 de leurs ongles. Il agit \u00e9galement comme barri\u00e8re protectrice, emp\u00eachant les agressions chimiques ou environnementales d\u2019endommager la k\u00e9ratine de l\u2019ongle.<\/p>\n<p>Conseils d&rsquo;utilisation<br \/>\nBien agiter le flacon gr\u00e2ce aux billes m\u00e9langeuses avant utilisation.<\/p>\n<p>Appliquer une couche sur l&rsquo;ensemble de l&rsquo;ongle, de la base vers l&rsquo;extr\u00e9mit\u00e9.<\/p>\n<p>Pour un r\u00e9sultat optimal, renouveler l\u2019application tous les 3 \u00e0 5 jours.<\/p>\n<p>\u00c0 utiliser seul ou en base avant l\u2019application d\u2019un autre vernis color\u00e9.<\/p>\n<p>Composition<br \/>\nButyl Acetate, Ethyl Acetate, Phthalic Anhydride\/Glycerin\/Glycidyl Decanoate Copolymer, Nitrocellulose, Isopropyl Alcohol, Ethyl Tosylamide, Acetyl Tributyl Citrate, Stearalkonium Hectorite, Drometrizole Trisiloxane, Silica, Citric Acid, Alumina, Oxidized Polyethylene, CI 77002 \/ Aluminum Hydroxide, CI 77891 \/ Titanium Dioxide, Mica, CI 77120 \/ Barium Sulfate, CI 77491, CI 77499 \/ Iron Oxides, CI 15850 \/ Red 7 Lake, CI 15850 \/ Red 6 Lake, CI 19140 \/ Yellow 5 Lake, CI 77510 \/ Ferric Ferrocyanide, CI 42090 \/ Blue 1 Lake<\/p>","protected":false},"excerpt":{"rendered":"<p>Sa teinte Rose 02 offre une finition subtile et sophistiqu\u00e9e, id\u00e9ale pour habiller vos ongles avec \u00e9l\u00e9gance tout en assurant leur protection.&hellip;<\/p>","protected":false},"featured_media":16602,"comment_status":"open","ping_status":"closed","template":"","meta":[],"product_cat":[91],"product_tag":[],"yith_product_brand":[202],"class_list":{"0":"post-16603","1":"product","2":"type-product","3":"status-publish","4":"has-post-thumbnail","6":"product_cat-maquillage","7":"yith_product_brand-la-roche-posay","9":"first","10":"instock","11":"sale","12":"shipping-taxable","13":"purchasable","14":"product-type-simple"},"_links":{"self":[{"href":"https:\/\/parapharmacieenligne.ma\/en\/wp-json\/wp\/v2\/product\/16603","targetHints":{"allow":["GET"]}}],"collection":[{"href":"https:\/\/parapharmacieenligne.ma\/en\/wp-json\/wp\/v2\/product"}],"about":[{"href":"https:\/\/parapharmacieenligne.ma\/en\/wp-json\/wp\/v2\/types\/product"}],"replies":[{"embeddable":true,"href":"https:\/\/parapharmacieenligne.ma\/en\/wp-json\/wp\/v2\/comments?post=16603"}],"version-history":[{"count":1,"href":"https:\/\/parapharmacieenligne.ma\/en\/wp-json\/wp\/v2\/product\/16603\/revisions"}],"predecessor-version":[{"id":16604,"href":"https:\/\/parapharmacieenligne.ma\/en\/wp-json\/wp\/v2\/product\/16603\/revisions\/16604"}],"wp:featuredmedia":[{"embeddable":true,"href":"https:\/\/parapharmacieenligne.ma\/en\/wp-json\/wp\/v2\/media\/16602"}],"wp:attachment":[{"href":"https:\/\/parapharmacieenligne.ma\/en\/wp-json\/wp\/v2\/media?parent=16603"}],"wp:term":[{"taxonomy":"product_cat","embeddable":true,"href":"https:\/\/parapharmacieenligne.ma\/en\/wp-json\/wp\/v2\/product_cat?post=16603"},{"taxonomy":"product_tag","embeddable":true,"href":"https:\/\/parapharmacieenligne.ma\/en\/wp-json\/wp\/v2\/product_tag?post=16603"},{"taxonomy":"yith_product_brand","embeddable":true,"href":"https:\/\/parapharmacieenligne.ma\/en\/wp-json\/wp\/v2\/yith_product_brand?post=16603"}],"curies":[{"name":"wp","href":"https:\/\/api.w.org\/{rel}","templated":true}]}}