{"id":16606,"date":"2026-03-01T19:17:22","date_gmt":"2026-03-01T18:17:22","guid":{"rendered":"https:\/\/parapharmacieenligne.ma\/?post_type=product&#038;p=16606"},"modified":"2026-03-01T19:17:28","modified_gmt":"2026-03-01T18:17:28","slug":"la-roche-posay-toleriane-fluide-correcteur-haute-couvrance-teinte-9-5-spf-25","status":"publish","type":"product","link":"https:\/\/parapharmacieenligne.ma\/en\/product\/la-roche-posay-toleriane-fluide-correcteur-haute-couvrance-teinte-9-5-spf-25\/","title":{"rendered":"LA ROCHE POSAY TOLERIANE FLUIDE CORRECTEUR HAUTE COUVRANCE TEINTE 9.5 SPF 25"},"content":{"rendered":"<p>Le fond de teint Toleriane Fluide Correcteur est un fond de teint ultra haute couvrance, test\u00e9 sur peaux sensibles avec des marques cutan\u00e9es et adapt\u00e9 aux peaux \u00e0 tendance acn\u00e9ique et \u00e0 tendance atopique. Il offre une couvrance longue tenue de 16h et une correction imm\u00e9diate. Le teint est visiblement unifi\u00e9 pour un r\u00e9sultat naturel. Protection SPF 25. Sp\u00e9cialement con\u00e7u pour les peaux sensibles et allergiques. Soumis \u00e0 des tests d\u2019allergies. Test\u00e9 sur des patients atteints de cancer, il a \u00e9t\u00e9 prouv\u00e9 qu&rsquo;il am\u00e9liore le confort de la peau.<\/p>\n<p>Conseils d&rsquo;utilisations:<\/p>\n<p>Apr\u00e8s la cr\u00e8me de jour, appliquer au doigt ou \u00e0 l&rsquo;\u00e9ponge par petites touches, sur les marques localis\u00e9es (br\u00fblures, imperfections, cicatrices, marques r\u00e9siduelles, rosac\u00e9e\u2026) ou sur l&rsquo;ensemble du visage.<\/p>","protected":false},"excerpt":{"rendered":"<p>Le fond de teint Toleriane Fluide Correcteur est un fond de teint ultra haute couvrance, test\u00e9 sur peaux sensibles avec des marques&hellip;<\/p>","protected":false},"featured_media":16605,"comment_status":"open","ping_status":"closed","template":"","meta":[],"product_cat":[91],"product_tag":[],"yith_product_brand":[202],"class_list":{"0":"post-16606","1":"product","2":"type-product","3":"status-publish","4":"has-post-thumbnail","6":"product_cat-maquillage","7":"yith_product_brand-la-roche-posay","9":"first","10":"instock","11":"sale","12":"shipping-taxable","13":"purchasable","14":"product-type-simple"},"_links":{"self":[{"href":"https:\/\/parapharmacieenligne.ma\/en\/wp-json\/wp\/v2\/product\/16606","targetHints":{"allow":["GET"]}}],"collection":[{"href":"https:\/\/parapharmacieenligne.ma\/en\/wp-json\/wp\/v2\/product"}],"about":[{"href":"https:\/\/parapharmacieenligne.ma\/en\/wp-json\/wp\/v2\/types\/product"}],"replies":[{"embeddable":true,"href":"https:\/\/parapharmacieenligne.ma\/en\/wp-json\/wp\/v2\/comments?post=16606"}],"version-history":[{"count":1,"href":"https:\/\/parapharmacieenligne.ma\/en\/wp-json\/wp\/v2\/product\/16606\/revisions"}],"predecessor-version":[{"id":16607,"href":"https:\/\/parapharmacieenligne.ma\/en\/wp-json\/wp\/v2\/product\/16606\/revisions\/16607"}],"wp:featuredmedia":[{"embeddable":true,"href":"https:\/\/parapharmacieenligne.ma\/en\/wp-json\/wp\/v2\/media\/16605"}],"wp:attachment":[{"href":"https:\/\/parapharmacieenligne.ma\/en\/wp-json\/wp\/v2\/media?parent=16606"}],"wp:term":[{"taxonomy":"product_cat","embeddable":true,"href":"https:\/\/parapharmacieenligne.ma\/en\/wp-json\/wp\/v2\/product_cat?post=16606"},{"taxonomy":"product_tag","embeddable":true,"href":"https:\/\/parapharmacieenligne.ma\/en\/wp-json\/wp\/v2\/product_tag?post=16606"},{"taxonomy":"yith_product_brand","embeddable":true,"href":"https:\/\/parapharmacieenligne.ma\/en\/wp-json\/wp\/v2\/yith_product_brand?post=16606"}],"curies":[{"name":"wp","href":"https:\/\/api.w.org\/{rel}","templated":true}]}}