{"id":16612,"date":"2026-03-01T19:17:54","date_gmt":"2026-03-01T18:17:54","guid":{"rendered":"https:\/\/parapharmacieenligne.ma\/?post_type=product&#038;p=16612"},"modified":"2026-03-01T19:18:00","modified_gmt":"2026-03-01T18:18:00","slug":"la-roche-posay-toleriane-rosaliac-ar-concentre-40-ml-teinte-verte-neutralisante","status":"publish","type":"product","link":"https:\/\/parapharmacieenligne.ma\/en\/product\/la-roche-posay-toleriane-rosaliac-ar-concentre-40-ml-teinte-verte-neutralisante\/","title":{"rendered":"LA ROCHE POSAY TOLERIANE ROSALIAC AR CONCENTRE 40 ML TEINTE VERTE NEUTRALISANTE"},"content":{"rendered":"<p>Hydratant l\u00e9ger teint\u00e9 vert pour le visage qui est cliniquement prouv\u00e9 pour hydrater instantan\u00e9ment la peau. Apaise la peau et aide \u00e0 neutraliser les rougeurs sur la peau.<\/p>\n<p>Toleriane Rosaliac AR Concentr\u00e9 aide \u00e0 pr\u00e9venir les pouss\u00e9es de peau s\u00e8che, r\u00e9duit les sensations de tiraillement et les sensations d&rsquo;inconfort. La formule non grasse \u00e0 absorption rapide contient des pigments verts correcteurs de couleur pour un effet masquant les rougeurs, r\u00e9duisant l&rsquo;apparence des rougeurs et apaisant l&rsquo;apparence de la peau irrit\u00e9e. Formule sans parfum et non com\u00e9dog\u00e8ne.<\/p>\n<p>Sp\u00e9cialement formul\u00e9 pour les peaux s\u00e8ches et sujettes aux rougeurs. Convient \u00e9galement aux peaux sujettes \u00e0 la rosac\u00e9e.<\/p>\n<p>Conseils d&rsquo;utilisation:<\/p>\n<p>Appliquez cette cr\u00e8me hydratante l\u00e9g\u00e8re matin et soir sur l&rsquo;ensemble du visage. Le matin, faire suivre de Rosaliac AR SPF 30.<\/p>","protected":false},"excerpt":{"rendered":"<p>Hydratant l\u00e9ger teint\u00e9 vert pour le visage qui est cliniquement prouv\u00e9 pour hydrater instantan\u00e9ment la peau. Apaise la peau et aide \u00e0&hellip;<\/p>","protected":false},"featured_media":16611,"comment_status":"open","ping_status":"closed","template":"","meta":[],"product_cat":[83],"product_tag":[],"yith_product_brand":[202],"class_list":{"0":"post-16612","1":"product","2":"type-product","3":"status-publish","4":"has-post-thumbnail","6":"product_cat-soins-visage","7":"yith_product_brand-la-roche-posay","9":"first","10":"instock","11":"sale","12":"shipping-taxable","13":"purchasable","14":"product-type-simple"},"_links":{"self":[{"href":"https:\/\/parapharmacieenligne.ma\/en\/wp-json\/wp\/v2\/product\/16612","targetHints":{"allow":["GET"]}}],"collection":[{"href":"https:\/\/parapharmacieenligne.ma\/en\/wp-json\/wp\/v2\/product"}],"about":[{"href":"https:\/\/parapharmacieenligne.ma\/en\/wp-json\/wp\/v2\/types\/product"}],"replies":[{"embeddable":true,"href":"https:\/\/parapharmacieenligne.ma\/en\/wp-json\/wp\/v2\/comments?post=16612"}],"version-history":[{"count":1,"href":"https:\/\/parapharmacieenligne.ma\/en\/wp-json\/wp\/v2\/product\/16612\/revisions"}],"predecessor-version":[{"id":16613,"href":"https:\/\/parapharmacieenligne.ma\/en\/wp-json\/wp\/v2\/product\/16612\/revisions\/16613"}],"wp:featuredmedia":[{"embeddable":true,"href":"https:\/\/parapharmacieenligne.ma\/en\/wp-json\/wp\/v2\/media\/16611"}],"wp:attachment":[{"href":"https:\/\/parapharmacieenligne.ma\/en\/wp-json\/wp\/v2\/media?parent=16612"}],"wp:term":[{"taxonomy":"product_cat","embeddable":true,"href":"https:\/\/parapharmacieenligne.ma\/en\/wp-json\/wp\/v2\/product_cat?post=16612"},{"taxonomy":"product_tag","embeddable":true,"href":"https:\/\/parapharmacieenligne.ma\/en\/wp-json\/wp\/v2\/product_tag?post=16612"},{"taxonomy":"yith_product_brand","embeddable":true,"href":"https:\/\/parapharmacieenligne.ma\/en\/wp-json\/wp\/v2\/yith_product_brand?post=16612"}],"curies":[{"name":"wp","href":"https:\/\/api.w.org\/{rel}","templated":true}]}}