{"id":16615,"date":"2026-03-01T19:18:09","date_gmt":"2026-03-01T18:18:09","guid":{"rendered":"https:\/\/parapharmacieenligne.ma\/?post_type=product&#038;p=16615"},"modified":"2026-03-01T19:18:22","modified_gmt":"2026-03-01T18:18:22","slug":"la-roche-posay-hydraphase-ha-uv-legere-spf-25-40-ml","status":"publish","type":"product","link":"https:\/\/parapharmacieenligne.ma\/en\/product\/la-roche-posay-hydraphase-ha-uv-legere-spf-25-40-ml\/","title":{"rendered":"LA ROCHE POSAY HYDRAPHASE HA UV LEGERE SPF 25 -40 ML"},"content":{"rendered":"<p>La Roche Posay Hydraphase Ha Uv Spf25 Light Cream : la cr\u00e8me hydratante \u00e0 la texture l\u00e9g\u00e8re sp\u00e9cialement con\u00e7ue pour les peaux sensibles. Obtenez une hydratation intense qui dure jusqu&rsquo;\u00e0 72 heures, quel que soit le degr\u00e9 de s\u00e9cheresse de votre peau ! B\u00e9n\u00e9ficiez \u00e9galement d\u2019une protection \u00e0 large spectre contre les rayons UVA et UVB gr\u00e2ce aux filtres anti-UV SPF25. Notre m\u00e9lange unique d&rsquo;acide hyaluronique d&rsquo;origine naturelle obtenu par la Technologie Verte et d&rsquo;eau thermale connue pour ses propri\u00e9t\u00e9s apaisantes l\u00e9gendaires apporte la juste combinaison de nutriments dont votre pr\u00e9cieux teint a besoin.<\/p>\n<p>Conseils d&rsquo;utilisation:<\/p>\n<p>Appliquer tous les matins sur le visage et le cou. \u00c9viter le contour des yeux.<\/p>","protected":false},"excerpt":{"rendered":"<p>La Roche Posay Hydraphase Ha Uv Spf25 Light Cream : la cr\u00e8me hydratante \u00e0 la texture l\u00e9g\u00e8re sp\u00e9cialement con\u00e7ue pour les peaux&hellip;<\/p>","protected":false},"featured_media":16614,"comment_status":"open","ping_status":"closed","template":"","meta":[],"product_cat":[83],"product_tag":[],"yith_product_brand":[202],"class_list":{"0":"post-16615","1":"product","2":"type-product","3":"status-publish","4":"has-post-thumbnail","6":"product_cat-soins-visage","7":"yith_product_brand-la-roche-posay","9":"first","10":"instock","11":"sale","12":"shipping-taxable","13":"purchasable","14":"product-type-simple"},"_links":{"self":[{"href":"https:\/\/parapharmacieenligne.ma\/en\/wp-json\/wp\/v2\/product\/16615","targetHints":{"allow":["GET"]}}],"collection":[{"href":"https:\/\/parapharmacieenligne.ma\/en\/wp-json\/wp\/v2\/product"}],"about":[{"href":"https:\/\/parapharmacieenligne.ma\/en\/wp-json\/wp\/v2\/types\/product"}],"replies":[{"embeddable":true,"href":"https:\/\/parapharmacieenligne.ma\/en\/wp-json\/wp\/v2\/comments?post=16615"}],"version-history":[{"count":1,"href":"https:\/\/parapharmacieenligne.ma\/en\/wp-json\/wp\/v2\/product\/16615\/revisions"}],"predecessor-version":[{"id":16616,"href":"https:\/\/parapharmacieenligne.ma\/en\/wp-json\/wp\/v2\/product\/16615\/revisions\/16616"}],"wp:featuredmedia":[{"embeddable":true,"href":"https:\/\/parapharmacieenligne.ma\/en\/wp-json\/wp\/v2\/media\/16614"}],"wp:attachment":[{"href":"https:\/\/parapharmacieenligne.ma\/en\/wp-json\/wp\/v2\/media?parent=16615"}],"wp:term":[{"taxonomy":"product_cat","embeddable":true,"href":"https:\/\/parapharmacieenligne.ma\/en\/wp-json\/wp\/v2\/product_cat?post=16615"},{"taxonomy":"product_tag","embeddable":true,"href":"https:\/\/parapharmacieenligne.ma\/en\/wp-json\/wp\/v2\/product_tag?post=16615"},{"taxonomy":"yith_product_brand","embeddable":true,"href":"https:\/\/parapharmacieenligne.ma\/en\/wp-json\/wp\/v2\/yith_product_brand?post=16615"}],"curies":[{"name":"wp","href":"https:\/\/api.w.org\/{rel}","templated":true}]}}