{"id":16645,"date":"2026-03-01T19:33:53","date_gmt":"2026-03-01T18:33:53","guid":{"rendered":"https:\/\/parapharmacieenligne.ma\/?post_type=product&#038;p=16645"},"modified":"2026-03-01T19:33:58","modified_gmt":"2026-03-01T18:33:58","slug":"la-roche-posay-mela-b3-serum-concentre-30-ml","status":"publish","type":"product","link":"https:\/\/parapharmacieenligne.ma\/en\/product\/la-roche-posay-mela-b3-serum-concentre-30-ml\/","title":{"rendered":"LA ROCHE POSAY MELA B3 SERUM CONCENTRE 30 ML"},"content":{"rendered":"<p>Qu\u2019il s\u2019agisse de taches dues au soleil, au vieillissement, \u00e0 des cicatrices d\u2019acn\u00e9 ou au melasma, MELA B3 S\u00e9rum cible les d\u00e9sordres pigmentaires avec pr\u00e9cision et efficacit\u00e9. En seulement une semaine, 98% des utilisatrices constatent une diminution du nombre, de la taille et de la couleur des taches. Sa texture fluide et non collante p\u00e9n\u00e8tre rapidement sans laisser de film gras, rendant ce soin id\u00e9al pour une routine matin et\/ou soir.<\/p>\n<p>Enrichi en acide hyaluronique, ce s\u00e9rum hydrate en profondeur et apporte de l\u2019\u00e9clat \u00e0 un teint terne et irr\u00e9gulier. Sa tol\u00e9rance est test\u00e9e cliniquement et sa formule convient \u00e0 toutes les carnations, sur le visage, le cou, le d\u00e9collet\u00e9 et m\u00eame les mains.<\/p>","protected":false},"excerpt":{"rendered":"<p>Qu\u2019il s\u2019agisse de taches dues au soleil, au vieillissement, \u00e0 des cicatrices d\u2019acn\u00e9 ou au melasma, MELA B3 S\u00e9rum cible les d\u00e9sordres&hellip;<\/p>","protected":false},"featured_media":16644,"comment_status":"open","ping_status":"closed","template":"","meta":[],"product_cat":[83],"product_tag":[],"yith_product_brand":[202],"class_list":{"0":"post-16645","1":"product","2":"type-product","3":"status-publish","4":"has-post-thumbnail","6":"product_cat-soins-visage","7":"yith_product_brand-la-roche-posay","9":"first","10":"instock","11":"sale","12":"shipping-taxable","13":"purchasable","14":"product-type-simple"},"_links":{"self":[{"href":"https:\/\/parapharmacieenligne.ma\/en\/wp-json\/wp\/v2\/product\/16645","targetHints":{"allow":["GET"]}}],"collection":[{"href":"https:\/\/parapharmacieenligne.ma\/en\/wp-json\/wp\/v2\/product"}],"about":[{"href":"https:\/\/parapharmacieenligne.ma\/en\/wp-json\/wp\/v2\/types\/product"}],"replies":[{"embeddable":true,"href":"https:\/\/parapharmacieenligne.ma\/en\/wp-json\/wp\/v2\/comments?post=16645"}],"version-history":[{"count":1,"href":"https:\/\/parapharmacieenligne.ma\/en\/wp-json\/wp\/v2\/product\/16645\/revisions"}],"predecessor-version":[{"id":16646,"href":"https:\/\/parapharmacieenligne.ma\/en\/wp-json\/wp\/v2\/product\/16645\/revisions\/16646"}],"wp:featuredmedia":[{"embeddable":true,"href":"https:\/\/parapharmacieenligne.ma\/en\/wp-json\/wp\/v2\/media\/16644"}],"wp:attachment":[{"href":"https:\/\/parapharmacieenligne.ma\/en\/wp-json\/wp\/v2\/media?parent=16645"}],"wp:term":[{"taxonomy":"product_cat","embeddable":true,"href":"https:\/\/parapharmacieenligne.ma\/en\/wp-json\/wp\/v2\/product_cat?post=16645"},{"taxonomy":"product_tag","embeddable":true,"href":"https:\/\/parapharmacieenligne.ma\/en\/wp-json\/wp\/v2\/product_tag?post=16645"},{"taxonomy":"yith_product_brand","embeddable":true,"href":"https:\/\/parapharmacieenligne.ma\/en\/wp-json\/wp\/v2\/yith_product_brand?post=16645"}],"curies":[{"name":"wp","href":"https:\/\/api.w.org\/{rel}","templated":true}]}}