{"id":16651,"date":"2026-03-01T19:34:24","date_gmt":"2026-03-01T18:34:24","guid":{"rendered":"https:\/\/parapharmacieenligne.ma\/?post_type=product&#038;p=16651"},"modified":"2026-03-01T19:34:30","modified_gmt":"2026-03-01T18:34:30","slug":"la-roche-posay-mela-b3-gel-micro-peeling-unifiant-eclat-200-ml","status":"publish","type":"product","link":"https:\/\/parapharmacieenligne.ma\/en\/product\/la-roche-posay-mela-b3-gel-micro-peeling-unifiant-eclat-200-ml\/","title":{"rendered":"LA ROCHE POSAY MELA B3 GEL MICRO PEELING UNIFIANT ECLAT 200 ML"},"content":{"rendered":"<p>\u00c0 la pointe de la science dermatologique, sa formule associe le Melasyl\u2122, un actif multibrevet\u00e9 r\u00e9volutionnaire, au Niacinamide concentr\u00e9 \u00e0 10 %, pour pr\u00e9venir, corriger et unifier visiblement le teint. Enrichi \u00e9galement en PHA doux, ce gel nettoyant exfolie la peau en douceur tout en respectant la barri\u00e8re cutan\u00e9e.<\/p>\n<p>D\u00e8s la premi\u00e8re utilisation, la peau para\u00eet plus lisse, lumineuse et fra\u00eeche. En seulement 4 semaines, elle r\u00e9v\u00e8le une nouvelle clart\u00e9 :<\/p>\n<p>83 % constatent un teint visiblement plus \u00e9clatant.<\/p>\n<p>94 % voient leurs taches s\u2019estomper.<\/p>\n<p>36 % de r\u00e9duction clinique de la visibilit\u00e9 des taches.<\/p>\n<p>Ce soin quotidien convient au visage, cou, d\u00e9collet\u00e9 et m\u00eame aux mains, pour une action compl\u00e8te contre l\u2019hyperpigmentation, tout en offrant une exp\u00e9rience sensorielle agr\u00e9able gr\u00e2ce \u00e0 sa texture douce et son parfum l\u00e9ger.<\/p>","protected":false},"excerpt":{"rendered":"<p>\u00c0 la pointe de la science dermatologique, sa formule associe le Melasyl\u2122, un actif multibrevet\u00e9 r\u00e9volutionnaire, au Niacinamide concentr\u00e9 \u00e0 10 %,&hellip;<\/p>","protected":false},"featured_media":16650,"comment_status":"open","ping_status":"closed","template":"","meta":[],"product_cat":[83],"product_tag":[],"yith_product_brand":[202],"class_list":{"0":"post-16651","1":"product","2":"type-product","3":"status-publish","4":"has-post-thumbnail","6":"product_cat-soins-visage","7":"yith_product_brand-la-roche-posay","9":"first","10":"instock","11":"sale","12":"shipping-taxable","13":"purchasable","14":"product-type-simple"},"_links":{"self":[{"href":"https:\/\/parapharmacieenligne.ma\/en\/wp-json\/wp\/v2\/product\/16651","targetHints":{"allow":["GET"]}}],"collection":[{"href":"https:\/\/parapharmacieenligne.ma\/en\/wp-json\/wp\/v2\/product"}],"about":[{"href":"https:\/\/parapharmacieenligne.ma\/en\/wp-json\/wp\/v2\/types\/product"}],"replies":[{"embeddable":true,"href":"https:\/\/parapharmacieenligne.ma\/en\/wp-json\/wp\/v2\/comments?post=16651"}],"version-history":[{"count":1,"href":"https:\/\/parapharmacieenligne.ma\/en\/wp-json\/wp\/v2\/product\/16651\/revisions"}],"predecessor-version":[{"id":16652,"href":"https:\/\/parapharmacieenligne.ma\/en\/wp-json\/wp\/v2\/product\/16651\/revisions\/16652"}],"wp:featuredmedia":[{"embeddable":true,"href":"https:\/\/parapharmacieenligne.ma\/en\/wp-json\/wp\/v2\/media\/16650"}],"wp:attachment":[{"href":"https:\/\/parapharmacieenligne.ma\/en\/wp-json\/wp\/v2\/media?parent=16651"}],"wp:term":[{"taxonomy":"product_cat","embeddable":true,"href":"https:\/\/parapharmacieenligne.ma\/en\/wp-json\/wp\/v2\/product_cat?post=16651"},{"taxonomy":"product_tag","embeddable":true,"href":"https:\/\/parapharmacieenligne.ma\/en\/wp-json\/wp\/v2\/product_tag?post=16651"},{"taxonomy":"yith_product_brand","embeddable":true,"href":"https:\/\/parapharmacieenligne.ma\/en\/wp-json\/wp\/v2\/yith_product_brand?post=16651"}],"curies":[{"name":"wp","href":"https:\/\/api.w.org\/{rel}","templated":true}]}}