{"id":16654,"date":"2026-03-01T19:34:40","date_gmt":"2026-03-01T18:34:40","guid":{"rendered":"https:\/\/parapharmacieenligne.ma\/?post_type=product&#038;p=16654"},"modified":"2026-03-01T19:34:47","modified_gmt":"2026-03-01T18:34:47","slug":"la-roche-posay-effaclar-gel-moussant-purifiant-recharge-400ml","status":"publish","type":"product","link":"https:\/\/parapharmacieenligne.ma\/en\/product\/la-roche-posay-effaclar-gel-moussant-purifiant-recharge-400ml\/","title":{"rendered":"LA ROCHE POSAY EFFACLAR GEL MOUSSANT PURIFIANT RECHARGE 400ML"},"content":{"rendered":"<p>\u00c0 chaque utilisation, EFFACLAR \u00e9limine les impuret\u00e9s, l\u2019exc\u00e8s de s\u00e9bum et les particules de pollution, tout en respectant l\u2019\u00e9quilibre naturel du microbiome cutan\u00e9. Enrichi en Eau Thermale de La Roche-Posay, reconnue pour ses propri\u00e9t\u00e9s apaisantes, et en Zinc PCA, ce gel aide \u00e0 r\u00e9duire la brillance, les points noirs et les imperfections, tout en laissant une sensation de fra\u00eecheur imm\u00e9diate.<\/p>\n<p>Sa texture l\u00e9g\u00e8re et moussante offre un moment agr\u00e9able sous la douche ou au lavabo. Formul\u00e9 sans savon, sans alcool, sans parab\u00e8ne et avec un pH neutre, ce nettoyant visage est non-com\u00e9dog\u00e8ne et ne pique pas les yeux. Il est cliniquement prouv\u00e9 qu\u2019il convient m\u00eame aux peaux en cours de traitement dermatologique contre l\u2019acn\u00e9.<\/p>","protected":false},"excerpt":{"rendered":"<p>\u00c0 chaque utilisation, EFFACLAR \u00e9limine les impuret\u00e9s, l\u2019exc\u00e8s de s\u00e9bum et les particules de pollution, tout en respectant l\u2019\u00e9quilibre naturel du microbiome&hellip;<\/p>","protected":false},"featured_media":16653,"comment_status":"open","ping_status":"closed","template":"","meta":[],"product_cat":[83],"product_tag":[],"yith_product_brand":[202],"class_list":{"0":"post-16654","1":"product","2":"type-product","3":"status-publish","4":"has-post-thumbnail","6":"product_cat-soins-visage","7":"yith_product_brand-la-roche-posay","9":"first","10":"instock","11":"sale","12":"shipping-taxable","13":"purchasable","14":"product-type-simple"},"_links":{"self":[{"href":"https:\/\/parapharmacieenligne.ma\/en\/wp-json\/wp\/v2\/product\/16654","targetHints":{"allow":["GET"]}}],"collection":[{"href":"https:\/\/parapharmacieenligne.ma\/en\/wp-json\/wp\/v2\/product"}],"about":[{"href":"https:\/\/parapharmacieenligne.ma\/en\/wp-json\/wp\/v2\/types\/product"}],"replies":[{"embeddable":true,"href":"https:\/\/parapharmacieenligne.ma\/en\/wp-json\/wp\/v2\/comments?post=16654"}],"version-history":[{"count":1,"href":"https:\/\/parapharmacieenligne.ma\/en\/wp-json\/wp\/v2\/product\/16654\/revisions"}],"predecessor-version":[{"id":16655,"href":"https:\/\/parapharmacieenligne.ma\/en\/wp-json\/wp\/v2\/product\/16654\/revisions\/16655"}],"wp:featuredmedia":[{"embeddable":true,"href":"https:\/\/parapharmacieenligne.ma\/en\/wp-json\/wp\/v2\/media\/16653"}],"wp:attachment":[{"href":"https:\/\/parapharmacieenligne.ma\/en\/wp-json\/wp\/v2\/media?parent=16654"}],"wp:term":[{"taxonomy":"product_cat","embeddable":true,"href":"https:\/\/parapharmacieenligne.ma\/en\/wp-json\/wp\/v2\/product_cat?post=16654"},{"taxonomy":"product_tag","embeddable":true,"href":"https:\/\/parapharmacieenligne.ma\/en\/wp-json\/wp\/v2\/product_tag?post=16654"},{"taxonomy":"yith_product_brand","embeddable":true,"href":"https:\/\/parapharmacieenligne.ma\/en\/wp-json\/wp\/v2\/yith_product_brand?post=16654"}],"curies":[{"name":"wp","href":"https:\/\/api.w.org\/{rel}","templated":true}]}}