{"id":16657,"date":"2026-03-01T19:34:53","date_gmt":"2026-03-01T18:34:53","guid":{"rendered":"https:\/\/parapharmacieenligne.ma\/?post_type=product&#038;p=16657"},"modified":"2026-03-01T19:35:03","modified_gmt":"2026-03-01T18:35:03","slug":"la-roche-posay-toleriane-mousse-deau-micellaire-150-ml","status":"publish","type":"product","link":"https:\/\/parapharmacieenligne.ma\/en\/product\/la-roche-posay-toleriane-mousse-deau-micellaire-150-ml\/","title":{"rendered":"LA ROCHE POSAY TOLERIANE MOUSSE D&rsquo;EAU MICELLAIRE 150 ML"},"content":{"rendered":"<p>Enrichie en eau thermale de La Roche-Posay, naturellement riche en s\u00e9l\u00e9nium aux propri\u00e9t\u00e9s apaisantes et antioxydantes, cette mousse a\u00e9rienne purifie la peau sans l\u2019agresser. Sa formule unique, d\u00e9velopp\u00e9e avec des polym\u00e8res issus de solutions oculaires m\u00e9dicamenteuses, garantit une haute tol\u00e9rance, m\u00eame pour les peaux ultra-sensibles.<\/p>\n<p>Gr\u00e2ce \u00e0 sa texture l\u00e9g\u00e8re et fra\u00eeche, la mousse fond sur la peau humide pour capturer les particules de pollution, exc\u00e8s de s\u00e9bum et r\u00e9sidus de maquillage. Elle se rince facilement \u00e0 l&rsquo;eau ti\u00e8de, laissant la peau propre, douce et hydrat\u00e9e sans tiraillements. Sans alcool, au pH physiologique, elle respecte l&rsquo;int\u00e9grit\u00e9 de la barri\u00e8re cutan\u00e9e tout en procurant un vrai plaisir sensoriel.<\/p>\n<p>Parfaitement adapt\u00e9e aux peaux s\u00e8ches ou sujettes aux rougeurs, elle contient \u00e9galement de la glyc\u00e9rine, un actif hydratant puissant, capable d\u2019absorber jusqu\u2019\u00e0 10 fois son poids en eau pour restaurer et maintenir l\u2019hydratation cutan\u00e9e.<\/p>\n<p>Conseils d&rsquo;utilisation<br \/>\nAppliquez une noisette de mousse sur une peau humide.<\/p>\n<p>Massez d\u00e9licatement avec des mouvements circulaires du bout des doigts.<\/p>\n<p>Rincez abondamment \u00e0 l\u2019eau ti\u00e8de.<\/p>\n<p>Pour un d\u00e9maquillage complet et apaisant, appliquez ensuite une lotion apaisante adapt\u00e9e.<\/p>\n<p>Composition<br \/>\nAqua \/ Water, Dipropylene Glycol, Sodium Laureth Sulfate, Glycerin, PEG-200 Hydrogenated Glyceryl Palmate, Disodium Cocoamphodiacetate, PEG-30 Glyceryl Cocoate, PEG-7 Glyceryl Cocoate, Potassium Chloride, Sodium Chloride, Coco-Betaine, Poloxamer 184, Disodium EDTA, Citric Acid, Phenoxyethanol, Parfum \/ Fragrance<\/p>","protected":false},"excerpt":{"rendered":"<p>Enrichie en eau thermale de La Roche-Posay, naturellement riche en s\u00e9l\u00e9nium aux propri\u00e9t\u00e9s apaisantes et antioxydantes, cette mousse a\u00e9rienne purifie la peau&hellip;<\/p>","protected":false},"featured_media":16656,"comment_status":"open","ping_status":"closed","template":"","meta":[],"product_cat":[83],"product_tag":[],"yith_product_brand":[202],"class_list":{"0":"post-16657","1":"product","2":"type-product","3":"status-publish","4":"has-post-thumbnail","6":"product_cat-soins-visage","7":"yith_product_brand-la-roche-posay","9":"first","10":"instock","11":"sale","12":"shipping-taxable","13":"purchasable","14":"product-type-simple"},"_links":{"self":[{"href":"https:\/\/parapharmacieenligne.ma\/en\/wp-json\/wp\/v2\/product\/16657","targetHints":{"allow":["GET"]}}],"collection":[{"href":"https:\/\/parapharmacieenligne.ma\/en\/wp-json\/wp\/v2\/product"}],"about":[{"href":"https:\/\/parapharmacieenligne.ma\/en\/wp-json\/wp\/v2\/types\/product"}],"replies":[{"embeddable":true,"href":"https:\/\/parapharmacieenligne.ma\/en\/wp-json\/wp\/v2\/comments?post=16657"}],"version-history":[{"count":1,"href":"https:\/\/parapharmacieenligne.ma\/en\/wp-json\/wp\/v2\/product\/16657\/revisions"}],"predecessor-version":[{"id":16658,"href":"https:\/\/parapharmacieenligne.ma\/en\/wp-json\/wp\/v2\/product\/16657\/revisions\/16658"}],"wp:featuredmedia":[{"embeddable":true,"href":"https:\/\/parapharmacieenligne.ma\/en\/wp-json\/wp\/v2\/media\/16656"}],"wp:attachment":[{"href":"https:\/\/parapharmacieenligne.ma\/en\/wp-json\/wp\/v2\/media?parent=16657"}],"wp:term":[{"taxonomy":"product_cat","embeddable":true,"href":"https:\/\/parapharmacieenligne.ma\/en\/wp-json\/wp\/v2\/product_cat?post=16657"},{"taxonomy":"product_tag","embeddable":true,"href":"https:\/\/parapharmacieenligne.ma\/en\/wp-json\/wp\/v2\/product_tag?post=16657"},{"taxonomy":"yith_product_brand","embeddable":true,"href":"https:\/\/parapharmacieenligne.ma\/en\/wp-json\/wp\/v2\/yith_product_brand?post=16657"}],"curies":[{"name":"wp","href":"https:\/\/api.w.org\/{rel}","templated":true}]}}