{"id":16724,"date":"2026-03-01T23:44:45","date_gmt":"2026-03-01T22:44:45","guid":{"rendered":"https:\/\/parapharmacieenligne.ma\/?post_type=product&#038;p=16724"},"modified":"2026-03-01T23:44:54","modified_gmt":"2026-03-01T22:44:54","slug":"cerave-sa-creme-anti-rugosite-340g","status":"publish","type":"product","link":"https:\/\/parapharmacieenligne.ma\/en\/product\/cerave-sa-creme-anti-rugosite-340g\/","title":{"rendered":"CERAVE SA CREME ANTI RUGOSITE 340G"},"content":{"rendered":"<p>Enrichie en ur\u00e9e 10%, la cr\u00e8me hydrate intens\u00e9ment et durablement tout en favorisant l\u2019\u00e9limination des cellules mortes. Associ\u00e9e \u00e0 0,5% d\u2019acide salicylique, elle exfolie en douceur les rugosit\u00e9s pour une peau plus lisse et uniforme. Le tout est soutenu par un complexe de 3 c\u00e9ramides essentiels (1, 3, 6-II) qui restaurent et prot\u00e8gent la barri\u00e8re cutan\u00e9e, garantissant une hydratation continue pendant 24h gr\u00e2ce \u00e0 la technologie brevet\u00e9e MVE.<\/p>\n<p>Sans parfum, sans parab\u00e8ne, non-com\u00e9dog\u00e8ne et hypoallerg\u00e9nique, cette cr\u00e8me convient parfaitement aux peaux sensibles sujettes \u00e0 la k\u00e9ratose pilaire, aux squames ou aux zones tr\u00e8s s\u00e8ches (bras, jambes, coudes\u2026). Sa texture non-grasse et non-collante fond sur la peau pour un confort imm\u00e9diat.<\/p>\n<p>La cr\u00e8me CeraVe SA lisse, exfolie et hydrate intens\u00e9ment les peaux s\u00e8ches, rugueuses et squameuses. Enrichie en ur\u00e9e 10% et acide salicylique, elle \u00e9limine en douceur les cellules mortes et restaure la barri\u00e8re cutan\u00e9e gr\u00e2ce aux 3 c\u00e9ramides essentiels.<br \/>\nSans parfum, non-com\u00e9dog\u00e8ne et hypoallerg\u00e9nique, elle convient aux peaux sensibles. Sa texture non grasse p\u00e9n\u00e8tre rapidement sans laisser de film collant.<\/p>\n<p>R\u00e9sultats visibles d\u00e8s 3 jours<br \/>\nHydratation 24h continue (Technologie MVE)<br \/>\nFormule d\u00e9velopp\u00e9e avec des dermatologues<br \/>\nR\u00e9sultats cliniquement prouv\u00e9s :<\/p>\n<p>+94% d\u2019hydratation d\u00e8s la premi\u00e8re application<\/p>\n<p>+94% des utilisateurs d\u00e9clarent une peau plus lisse en 3 jours<\/p>\n<p>-76% des sympt\u00f4mes de s\u00e9cheresse apr\u00e8s 8 semaines<\/p>","protected":false},"excerpt":{"rendered":"<p>Enrichie en ur\u00e9e 10%, la cr\u00e8me hydrate intens\u00e9ment et durablement tout en favorisant l\u2019\u00e9limination des cellules mortes. Associ\u00e9e \u00e0 0,5% d\u2019acide salicylique,&hellip;<\/p>","protected":false},"featured_media":16723,"comment_status":"open","ping_status":"closed","template":"","meta":[],"product_cat":[85],"product_tag":[],"yith_product_brand":[98],"class_list":{"0":"post-16724","1":"product","2":"type-product","3":"status-publish","4":"has-post-thumbnail","6":"product_cat-soins-corps","7":"yith_product_brand-cerave","9":"first","10":"instock","11":"sale","12":"shipping-taxable","13":"purchasable","14":"product-type-simple"},"_links":{"self":[{"href":"https:\/\/parapharmacieenligne.ma\/en\/wp-json\/wp\/v2\/product\/16724","targetHints":{"allow":["GET"]}}],"collection":[{"href":"https:\/\/parapharmacieenligne.ma\/en\/wp-json\/wp\/v2\/product"}],"about":[{"href":"https:\/\/parapharmacieenligne.ma\/en\/wp-json\/wp\/v2\/types\/product"}],"replies":[{"embeddable":true,"href":"https:\/\/parapharmacieenligne.ma\/en\/wp-json\/wp\/v2\/comments?post=16724"}],"version-history":[{"count":1,"href":"https:\/\/parapharmacieenligne.ma\/en\/wp-json\/wp\/v2\/product\/16724\/revisions"}],"predecessor-version":[{"id":16725,"href":"https:\/\/parapharmacieenligne.ma\/en\/wp-json\/wp\/v2\/product\/16724\/revisions\/16725"}],"wp:featuredmedia":[{"embeddable":true,"href":"https:\/\/parapharmacieenligne.ma\/en\/wp-json\/wp\/v2\/media\/16723"}],"wp:attachment":[{"href":"https:\/\/parapharmacieenligne.ma\/en\/wp-json\/wp\/v2\/media?parent=16724"}],"wp:term":[{"taxonomy":"product_cat","embeddable":true,"href":"https:\/\/parapharmacieenligne.ma\/en\/wp-json\/wp\/v2\/product_cat?post=16724"},{"taxonomy":"product_tag","embeddable":true,"href":"https:\/\/parapharmacieenligne.ma\/en\/wp-json\/wp\/v2\/product_tag?post=16724"},{"taxonomy":"yith_product_brand","embeddable":true,"href":"https:\/\/parapharmacieenligne.ma\/en\/wp-json\/wp\/v2\/yith_product_brand?post=16724"}],"curies":[{"name":"wp","href":"https:\/\/api.w.org\/{rel}","templated":true}]}}