{"id":17028,"date":"2026-03-04T19:38:13","date_gmt":"2026-03-04T18:38:13","guid":{"rendered":"https:\/\/parapharmacieenligne.ma\/?post_type=product&#038;p=17028"},"modified":"2026-03-04T19:38:21","modified_gmt":"2026-03-04T18:38:21","slug":"isdin-offre-web-daylisdin-ultra-doux-400-ml-daylisdin-100ml-offert","status":"publish","type":"product","link":"https:\/\/parapharmacieenligne.ma\/en\/product\/isdin-offre-web-daylisdin-ultra-doux-400-ml-daylisdin-100ml-offert\/","title":{"rendered":"ISDIN OFFRE WEB DAYLISDIN ULTRA DOUX 400 ML + DAYLISDIN 100ML OFFERT"},"content":{"rendered":"<p>Shampoing ultra doux. Cheveux cassants visiblement plus sains, plus doux et plus brillants.<br \/>\nShampooing sp\u00e9cialement formul\u00e9 pour un usage quotidien des cheveux fragiles et d\u00e9licats. Apporte douceur et brillance tout en respectant les cheveux et le cuir chevelu.<\/p>\n<p>Conseils d&rsquo;utilisation:<\/p>\n<p>Appliquer sur cheveux mouill\u00e9s en massant doucement jusqu&rsquo;\u00e0 l&rsquo;apparition de mousse. Rincer abondamment \u00e0 l&rsquo;eau. Renouveler l&rsquo;op\u00e9ration si n\u00e9cessaire.<\/p>","protected":false},"excerpt":{"rendered":"<p>Shampoing ultra doux. Cheveux cassants visiblement plus sains, plus doux et plus brillants. Shampooing sp\u00e9cialement formul\u00e9 pour un usage quotidien des cheveux&hellip;<\/p>","protected":false},"featured_media":17027,"comment_status":"open","ping_status":"closed","template":"","meta":[],"product_cat":[84,168],"product_tag":[],"yith_product_brand":[101],"class_list":{"0":"post-17028","1":"product","2":"type-product","3":"status-publish","4":"has-post-thumbnail","6":"product_cat-soins-cheveux","7":"product_cat-promotions","8":"yith_product_brand-isdin","10":"first","11":"instock","12":"sale","13":"shipping-taxable","14":"purchasable","15":"product-type-simple"},"_links":{"self":[{"href":"https:\/\/parapharmacieenligne.ma\/en\/wp-json\/wp\/v2\/product\/17028","targetHints":{"allow":["GET"]}}],"collection":[{"href":"https:\/\/parapharmacieenligne.ma\/en\/wp-json\/wp\/v2\/product"}],"about":[{"href":"https:\/\/parapharmacieenligne.ma\/en\/wp-json\/wp\/v2\/types\/product"}],"replies":[{"embeddable":true,"href":"https:\/\/parapharmacieenligne.ma\/en\/wp-json\/wp\/v2\/comments?post=17028"}],"version-history":[{"count":1,"href":"https:\/\/parapharmacieenligne.ma\/en\/wp-json\/wp\/v2\/product\/17028\/revisions"}],"predecessor-version":[{"id":17029,"href":"https:\/\/parapharmacieenligne.ma\/en\/wp-json\/wp\/v2\/product\/17028\/revisions\/17029"}],"wp:featuredmedia":[{"embeddable":true,"href":"https:\/\/parapharmacieenligne.ma\/en\/wp-json\/wp\/v2\/media\/17027"}],"wp:attachment":[{"href":"https:\/\/parapharmacieenligne.ma\/en\/wp-json\/wp\/v2\/media?parent=17028"}],"wp:term":[{"taxonomy":"product_cat","embeddable":true,"href":"https:\/\/parapharmacieenligne.ma\/en\/wp-json\/wp\/v2\/product_cat?post=17028"},{"taxonomy":"product_tag","embeddable":true,"href":"https:\/\/parapharmacieenligne.ma\/en\/wp-json\/wp\/v2\/product_tag?post=17028"},{"taxonomy":"yith_product_brand","embeddable":true,"href":"https:\/\/parapharmacieenligne.ma\/en\/wp-json\/wp\/v2\/yith_product_brand?post=17028"}],"curies":[{"name":"wp","href":"https:\/\/api.w.org\/{rel}","templated":true}]}}