{"id":17034,"date":"2026-03-04T19:38:58","date_gmt":"2026-03-04T18:38:58","guid":{"rendered":"https:\/\/parapharmacieenligne.ma\/?post_type=product&#038;p=17034"},"modified":"2026-03-31T22:52:32","modified_gmt":"2026-03-31T20:52:32","slug":"isdin-teen-skin-acniben-2-gel-creme-pour-peaux-grasse-40-ml","status":"publish","type":"product","link":"https:\/\/parapharmacieenligne.ma\/en\/product\/isdin-teen-skin-acniben-2-gel-creme-pour-peaux-grasse-40-ml\/","title":{"rendered":"ISDIN TEEN SKIN ACNIBEN 2 GEL CREME POUR PEAUX GRASSE 40 ML"},"content":{"rendered":"<p>Gel-cr\u00e8me quotidien pour le visage pour contr\u00f4ler la brillance et les boutons<br \/>\nAvec une texture l\u00e9g\u00e8re et non grasse. Acniben Shine &amp; Pimples control est un gel-cr\u00e8me pour le visage qui matifie la peau et aide \u00e0 r\u00e9duire les boutons. Sa formule \u00e0 l&rsquo;acide hyaluronique hydrate et apporte un fini soyeux aux peaux grasses.<\/p>\n<p>\u200bConseils d&rsquo;utilisation:<\/p>\n<p>Appliquer matin et\/ou soir sur l&rsquo;ensemble du visage apr\u00e8s avoir nettoy\u00e9 votre peau. Massez doucement jusqu&rsquo;\u00e0 absorption compl\u00e8te. Pour de meilleurs r\u00e9sultats, combinez-le avec l&rsquo;\u00e9tape 1 de la routine Acniben<\/p>","protected":false},"excerpt":{"rendered":"<p>Gel-cr\u00e8me quotidien pour le visage pour contr\u00f4ler la brillance et les boutons Avec une texture l\u00e9g\u00e8re et non grasse. Acniben Shine &amp;&hellip;<\/p>","protected":false},"featured_media":17033,"comment_status":"open","ping_status":"closed","template":"","meta":[],"product_cat":[206,83],"product_tag":[],"yith_product_brand":[101],"class_list":{"0":"post-17034","1":"product","2":"type-product","3":"status-publish","4":"has-post-thumbnail","6":"product_cat-acne","7":"product_cat-soins-visage","8":"yith_product_brand-isdin","10":"first","11":"instock","12":"sale","13":"shipping-taxable","14":"purchasable","15":"product-type-simple"},"_links":{"self":[{"href":"https:\/\/parapharmacieenligne.ma\/en\/wp-json\/wp\/v2\/product\/17034","targetHints":{"allow":["GET"]}}],"collection":[{"href":"https:\/\/parapharmacieenligne.ma\/en\/wp-json\/wp\/v2\/product"}],"about":[{"href":"https:\/\/parapharmacieenligne.ma\/en\/wp-json\/wp\/v2\/types\/product"}],"replies":[{"embeddable":true,"href":"https:\/\/parapharmacieenligne.ma\/en\/wp-json\/wp\/v2\/comments?post=17034"}],"version-history":[{"count":1,"href":"https:\/\/parapharmacieenligne.ma\/en\/wp-json\/wp\/v2\/product\/17034\/revisions"}],"predecessor-version":[{"id":17035,"href":"https:\/\/parapharmacieenligne.ma\/en\/wp-json\/wp\/v2\/product\/17034\/revisions\/17035"}],"wp:featuredmedia":[{"embeddable":true,"href":"https:\/\/parapharmacieenligne.ma\/en\/wp-json\/wp\/v2\/media\/17033"}],"wp:attachment":[{"href":"https:\/\/parapharmacieenligne.ma\/en\/wp-json\/wp\/v2\/media?parent=17034"}],"wp:term":[{"taxonomy":"product_cat","embeddable":true,"href":"https:\/\/parapharmacieenligne.ma\/en\/wp-json\/wp\/v2\/product_cat?post=17034"},{"taxonomy":"product_tag","embeddable":true,"href":"https:\/\/parapharmacieenligne.ma\/en\/wp-json\/wp\/v2\/product_tag?post=17034"},{"taxonomy":"yith_product_brand","embeddable":true,"href":"https:\/\/parapharmacieenligne.ma\/en\/wp-json\/wp\/v2\/yith_product_brand?post=17034"}],"curies":[{"name":"wp","href":"https:\/\/api.w.org\/{rel}","templated":true}]}}