{"id":17084,"date":"2026-03-04T20:18:36","date_gmt":"2026-03-04T19:18:36","guid":{"rendered":"https:\/\/parapharmacieenligne.ma\/?post_type=product&#038;p=17084"},"modified":"2026-03-04T20:18:46","modified_gmt":"2026-03-04T19:18:46","slug":"isdin-flavo-c-forte-serum-15-flacons-30-jours","status":"publish","type":"product","link":"https:\/\/parapharmacieenligne.ma\/en\/product\/isdin-flavo-c-forte-serum-15-flacons-30-jours\/","title":{"rendered":"ISDIN FLAVO C FORTE SERUM 15% FLACONS 30 JOURS"},"content":{"rendered":"<p>Flavo-C Forte est un puissant s\u00e9rum intensif pour le visage avec 15 % de vitamine C pure et fra\u00eeche qui revitalise, illumine et aide \u00e0 r\u00e9duire les signes de fatigue de la peau. Il augmente \u00e9galement la production de collag\u00e8ne, apporte de la fermet\u00e9 et aide \u00e0 r\u00e9duire les rides en seulement 10 jours, tout en prot\u00e9geant la peau du stress oxydatif et de la pollution. Son format innovant avec de la vitamine C en poudre maintient la vitamine C fra\u00eeche et stable jusqu&rsquo;au premier moment d&rsquo;utilisation, quand il est m\u00e9lang\u00e9 avec une solution liquide avec des ingr\u00e9dients antioxydants, hydratants et anti-pollution.<\/p>","protected":false},"excerpt":{"rendered":"<p>Flavo-C Forte est un puissant s\u00e9rum intensif pour le visage avec 15 % de vitamine C pure et fra\u00eeche qui revitalise, illumine&hellip;<\/p>","protected":false},"featured_media":17083,"comment_status":"open","ping_status":"closed","template":"","meta":[],"product_cat":[83],"product_tag":[],"yith_product_brand":[101],"class_list":{"0":"post-17084","1":"product","2":"type-product","3":"status-publish","4":"has-post-thumbnail","6":"product_cat-soins-visage","7":"yith_product_brand-isdin","9":"first","10":"instock","11":"sale","12":"shipping-taxable","13":"purchasable","14":"product-type-simple"},"_links":{"self":[{"href":"https:\/\/parapharmacieenligne.ma\/en\/wp-json\/wp\/v2\/product\/17084","targetHints":{"allow":["GET"]}}],"collection":[{"href":"https:\/\/parapharmacieenligne.ma\/en\/wp-json\/wp\/v2\/product"}],"about":[{"href":"https:\/\/parapharmacieenligne.ma\/en\/wp-json\/wp\/v2\/types\/product"}],"replies":[{"embeddable":true,"href":"https:\/\/parapharmacieenligne.ma\/en\/wp-json\/wp\/v2\/comments?post=17084"}],"version-history":[{"count":1,"href":"https:\/\/parapharmacieenligne.ma\/en\/wp-json\/wp\/v2\/product\/17084\/revisions"}],"predecessor-version":[{"id":17085,"href":"https:\/\/parapharmacieenligne.ma\/en\/wp-json\/wp\/v2\/product\/17084\/revisions\/17085"}],"wp:featuredmedia":[{"embeddable":true,"href":"https:\/\/parapharmacieenligne.ma\/en\/wp-json\/wp\/v2\/media\/17083"}],"wp:attachment":[{"href":"https:\/\/parapharmacieenligne.ma\/en\/wp-json\/wp\/v2\/media?parent=17084"}],"wp:term":[{"taxonomy":"product_cat","embeddable":true,"href":"https:\/\/parapharmacieenligne.ma\/en\/wp-json\/wp\/v2\/product_cat?post=17084"},{"taxonomy":"product_tag","embeddable":true,"href":"https:\/\/parapharmacieenligne.ma\/en\/wp-json\/wp\/v2\/product_tag?post=17084"},{"taxonomy":"yith_product_brand","embeddable":true,"href":"https:\/\/parapharmacieenligne.ma\/en\/wp-json\/wp\/v2\/yith_product_brand?post=17084"}],"curies":[{"name":"wp","href":"https:\/\/api.w.org\/{rel}","templated":true}]}}