{"id":17382,"date":"2026-03-08T14:10:17","date_gmt":"2026-03-08T13:10:17","guid":{"rendered":"https:\/\/parapharmacieenligne.ma\/?post_type=product&#038;p=17382"},"modified":"2026-03-08T14:12:35","modified_gmt":"2026-03-08T13:12:35","slug":"3-boites-eric-favre-pure-collagen-formule-liquide-peche-citron-10-unicadoses-de-15ml","status":"publish","type":"product","link":"https:\/\/parapharmacieenligne.ma\/en\/product\/3-boites-eric-favre-pure-collagen-formule-liquide-peche-citron-10-unicadoses-de-15ml\/","title":{"rendered":"3 Boites Eric Favre Pure Collagen + Formule Liquide P\u00eache \u2013 Citron (10 unicadoses\u00ae de 15ml)"},"content":{"rendered":"<p>ERIC FAVRE PURE COLLAGEN PLUS SAVEUR PECHE CITRON 150 ML est une formule avanc\u00e9e pour la sant\u00e9 et la beaut\u00e9 de votre peau, enrichie de 4 000 mg de collag\u00e8ne marin hydrolys\u00e9, d&rsquo;acide hyaluronique, de s\u00e9l\u00e9nium et de vitamine E. Cette combinaison unique favorise une peau \u00e9clatante et des cheveux et des ongles renforc\u00e9s.<\/p>","protected":false},"excerpt":{"rendered":"<p>ERIC FAVRE PURE COLLAGEN PLUS SAVEUR PECHE CITRON 150 ML est une formule avanc\u00e9e pour la sant\u00e9 et la beaut\u00e9 de votre&hellip;<\/p>","protected":false},"featured_media":17383,"comment_status":"open","ping_status":"closed","template":"","meta":[],"product_cat":[92,168],"product_tag":[],"yith_product_brand":[94],"class_list":{"0":"post-17382","1":"product","2":"type-product","3":"status-publish","4":"has-post-thumbnail","6":"product_cat-complements-alimentaires","7":"product_cat-promotions","8":"yith_product_brand-eric-favre","10":"first","11":"instock","12":"sale","13":"featured","14":"shipping-taxable","15":"purchasable","16":"product-type-simple"},"_links":{"self":[{"href":"https:\/\/parapharmacieenligne.ma\/en\/wp-json\/wp\/v2\/product\/17382","targetHints":{"allow":["GET"]}}],"collection":[{"href":"https:\/\/parapharmacieenligne.ma\/en\/wp-json\/wp\/v2\/product"}],"about":[{"href":"https:\/\/parapharmacieenligne.ma\/en\/wp-json\/wp\/v2\/types\/product"}],"replies":[{"embeddable":true,"href":"https:\/\/parapharmacieenligne.ma\/en\/wp-json\/wp\/v2\/comments?post=17382"}],"version-history":[{"count":1,"href":"https:\/\/parapharmacieenligne.ma\/en\/wp-json\/wp\/v2\/product\/17382\/revisions"}],"predecessor-version":[{"id":17384,"href":"https:\/\/parapharmacieenligne.ma\/en\/wp-json\/wp\/v2\/product\/17382\/revisions\/17384"}],"wp:featuredmedia":[{"embeddable":true,"href":"https:\/\/parapharmacieenligne.ma\/en\/wp-json\/wp\/v2\/media\/17383"}],"wp:attachment":[{"href":"https:\/\/parapharmacieenligne.ma\/en\/wp-json\/wp\/v2\/media?parent=17382"}],"wp:term":[{"taxonomy":"product_cat","embeddable":true,"href":"https:\/\/parapharmacieenligne.ma\/en\/wp-json\/wp\/v2\/product_cat?post=17382"},{"taxonomy":"product_tag","embeddable":true,"href":"https:\/\/parapharmacieenligne.ma\/en\/wp-json\/wp\/v2\/product_tag?post=17382"},{"taxonomy":"yith_product_brand","embeddable":true,"href":"https:\/\/parapharmacieenligne.ma\/en\/wp-json\/wp\/v2\/yith_product_brand?post=17382"}],"curies":[{"name":"wp","href":"https:\/\/api.w.org\/{rel}","templated":true}]}}