{"id":17385,"date":"2026-03-08T14:20:23","date_gmt":"2026-03-08T13:20:23","guid":{"rendered":"https:\/\/parapharmacieenligne.ma\/?post_type=product&#038;p=17385"},"modified":"2026-03-08T14:20:25","modified_gmt":"2026-03-08T13:20:25","slug":"babycheck-1-wb-test-auto-diagnostic-test-de-grossesse-sanguin","status":"publish","type":"product","link":"https:\/\/parapharmacieenligne.ma\/en\/product\/babycheck-1-wb-test-auto-diagnostic-test-de-grossesse-sanguin\/","title":{"rendered":"BABYCHECK -1 WB TEST AUTO DIAGNOSTIC &#8211; Test de grossesse sanguin"},"content":{"rendered":"<p>Le BabyCheck Test de Grossesse Sanguin Auto-Diagnostique offre une m\u00e9thode fiable et pratique pour d\u00e9tecter la pr\u00e9sence de l\u2019hormone hCG dans le sang, confirmant ainsi une \u00e9ventuelle grossesse. Ce test sanguin ultrasensible peut \u00eatre effectu\u00e9 \u00e0 tout moment de la journ\u00e9e, offrant une pr\u00e9cision sup\u00e9rieure \u00e0 98%. Con\u00e7u conform\u00e9ment aux normes de l\u2019OMS, un r\u00e9sultat positif est une indication claire de la grossesse, permettant aux futures mamans d\u2019obtenir des informations pr\u00e9coces sur leur \u00e9tat.<\/p>\n<p>Dot\u00e9 d\u2019une pr\u00e9cision de 99% en seulement 5 minutes, le test est facile \u00e0 lire, avec une lisibilit\u00e9 optimale. Il peut \u00eatre r\u00e9alis\u00e9 dans le confort de votre domicile, garantissant une exp\u00e9rience hygi\u00e9nique et pratique. D\u00e8s le premier jour de retard de la date suppos\u00e9e des r\u00e8gles, ce test n\u00e9cessite seulement 4 gouttes de diluant, simplifiant ainsi le processus.<\/p>\n<p><strong>Contenu de la boite:<\/strong><\/p>\n<p>1 Sachet en aluminium comprenant :<\/p>\n<ul>\n<li>1 Cassette de test<\/li>\n<li>1 Pipette en plastique<\/li>\n<li>1 Sachet dess\u00e9chant<\/li>\n<li>1 Flacon compte-gouttes contenant 1 ml de diluant<\/li>\n<li>1 Bloc autopiqueur st\u00e9rile pour le pr\u00e9l\u00e8vement sanguin<\/li>\n<\/ul>\n<p><strong>Conseils d\u2019application:<\/strong><\/p>\n<ul>\n<li>Lavez soigneusement vos mains et assurez-vous qu\u2019elles sont bien s\u00e9ch\u00e9es.<\/li>\n<li>Retirez tous les \u00e9l\u00e9ments du test de l\u2019emballage, y compris la plaque de test et la pipette de pr\u00e9l\u00e8vement sanguin.<\/li>\n<li>D\u00e9chirez le sachet en aluminium et pr\u00e9parez l\u2019autopiqueur sans toucher le bouton de d\u00e9verrouillage.<\/li>\n<li>Tournez le capuchon jusqu\u2019\u00e0 ce qu\u2019il se d\u00e9tache de l\u2019autopiqueur \u2013 ne tirez pas ! Poursuivez en tordant (2-3 tours), retirez et jetez l\u2019\u00e9crou.<\/li>\n<li>Appliquez fermement l\u2019autopiqueur contre votre doigt et appuyez sur le bouton de lib\u00e9ration de la lancette.<\/li>\n<li>Recueillez le sang dans la pipette, en veillant \u00e0 ne pas presser le renflement de la pipette. Placez la pointe de la pipette contre la goutte de sang, qui migrera librement jusqu\u2019au trait marqu\u00e9 sur la pipette.<\/li>\n<li>Transf\u00e9rez le sang recueilli dans le puits d\u2019\u00e9chantillon de la plaque de test et ajoutez le diluant du flacon compte-gouttes.<\/li>\n<li>Apr\u00e8s 5 minutes, lisez le r\u00e9sultat du test conform\u00e9ment aux instructions du manuel inclus.<\/li>\n<\/ul>","protected":false},"excerpt":{"rendered":"<p>Le BabyCheck Test de Grossesse Sanguin Auto-Diagnostique offre une m\u00e9thode fiable et pratique pour d\u00e9tecter la pr\u00e9sence de l\u2019hormone hCG dans le&hellip;<\/p>","protected":false},"featured_media":17386,"comment_status":"open","ping_status":"closed","template":"","meta":[],"product_cat":[87],"product_tag":[],"yith_product_brand":[166],"class_list":{"0":"post-17385","1":"product","2":"type-product","3":"status-publish","4":"has-post-thumbnail","6":"product_cat-bebe-et-maman","7":"yith_product_brand-vedalab","9":"first","10":"instock","11":"sale","12":"shipping-taxable","13":"purchasable","14":"product-type-simple"},"_links":{"self":[{"href":"https:\/\/parapharmacieenligne.ma\/en\/wp-json\/wp\/v2\/product\/17385","targetHints":{"allow":["GET"]}}],"collection":[{"href":"https:\/\/parapharmacieenligne.ma\/en\/wp-json\/wp\/v2\/product"}],"about":[{"href":"https:\/\/parapharmacieenligne.ma\/en\/wp-json\/wp\/v2\/types\/product"}],"replies":[{"embeddable":true,"href":"https:\/\/parapharmacieenligne.ma\/en\/wp-json\/wp\/v2\/comments?post=17385"}],"version-history":[{"count":1,"href":"https:\/\/parapharmacieenligne.ma\/en\/wp-json\/wp\/v2\/product\/17385\/revisions"}],"predecessor-version":[{"id":17387,"href":"https:\/\/parapharmacieenligne.ma\/en\/wp-json\/wp\/v2\/product\/17385\/revisions\/17387"}],"wp:featuredmedia":[{"embeddable":true,"href":"https:\/\/parapharmacieenligne.ma\/en\/wp-json\/wp\/v2\/media\/17386"}],"wp:attachment":[{"href":"https:\/\/parapharmacieenligne.ma\/en\/wp-json\/wp\/v2\/media?parent=17385"}],"wp:term":[{"taxonomy":"product_cat","embeddable":true,"href":"https:\/\/parapharmacieenligne.ma\/en\/wp-json\/wp\/v2\/product_cat?post=17385"},{"taxonomy":"product_tag","embeddable":true,"href":"https:\/\/parapharmacieenligne.ma\/en\/wp-json\/wp\/v2\/product_tag?post=17385"},{"taxonomy":"yith_product_brand","embeddable":true,"href":"https:\/\/parapharmacieenligne.ma\/en\/wp-json\/wp\/v2\/yith_product_brand?post=17385"}],"curies":[{"name":"wp","href":"https:\/\/api.w.org\/{rel}","templated":true}]}}