{"id":17438,"date":"2026-03-11T22:18:57","date_gmt":"2026-03-11T21:18:57","guid":{"rendered":"https:\/\/parapharmacieenligne.ma\/?post_type=product&#038;p=17438"},"modified":"2026-03-11T22:19:04","modified_gmt":"2026-03-11T21:19:04","slug":"avene-cicalfate-creme-reparatrice-protectrice-40-ml","status":"publish","type":"product","link":"https:\/\/parapharmacieenligne.ma\/en\/product\/avene-cicalfate-creme-reparatrice-protectrice-40-ml\/","title":{"rendered":"AVENE CICALFATE+ CREME REPARATRICE PROTECTRICE 40 ML"},"content":{"rendered":"<p>Cicalfate+ Cr\u00e8me r\u00e9paratrice protectrice apaise, prot\u00e8ge et favorise la r\u00e9paration* des peaux irrit\u00e9es de toute la famille. Sa formule \u00e0 la texture protectrice est sans parfum. Cicalfate+ Cr\u00e8me r\u00e9paratrice protectrice assainit la peau, calme les effets des agressions quotidiennes subies par l&rsquo;\u00e9piderme et en favorise la r\u00e9g\u00e9n\u00e9ration. Elle peut-\u00eatre utilis\u00e9e comme cr\u00e8me r\u00e9paratrice et protectrice des fesses sensibles des b\u00e9b\u00e9s.<\/p>\n<p>Favorise la r\u00e9paration \u00e9pidermique.<\/p>\n<p>Les bienfaits :<\/p>\n<p>\u2022 R\u00c9PARATION des peaux irrit\u00e9es. [C\u207a-Restore]\u2122, premier actif r\u00e9parateur postbiotique issu de l\u2019Eau thermale d\u2019Av\u00e8ne, favorise la r\u00e9paration \u00e9pidermique.<br \/>\n\u2022 ASSAINISSEMENT des zones irrit\u00e9es. Les Sulfates de cuivre et de zinc limitent le risque de prolif\u00e9ration bact\u00e9rienne.<br \/>\n\u2022 APAISEMENT des sensations d\u2019inconfort. Riche en Eau thermale d\u2019Av\u00e8ne, Cicalfate+ Cr\u00e8me r\u00e9paratrice protectrice est recommand\u00e9e dans le cadre de l\u2019am\u00e9lioration du confort des peaux sensibilis\u00e9es, des rougeurs et irritations.<\/p>\n<p>Conseils d&rsquo;utilisation:<\/p>\n<p>Appliquez la Cr\u00e8me Cicalfate+ 2 fois par jour sur la zone irrit\u00e9e en massant l\u00e9g\u00e8rement.<\/p>\n<p>Ingr\u00e9dients :<\/p>\n<p>VEGETABLE OIL. ZINC OXIDE. PROPYLENE GLYCOL. POLYGLYCERYL-2 SESQUIISOSTEARATE. PEG-22\/DODECYL GLYCOL COPOLYMER. ALUMINUM STEARATE. AQUAPHILUS DOLOMIAE FERMENT FILTRATE. ARGININE. BEESWAX (CERA ALBA). COPPER SULFATE. MAGNESIUM STEARATE. MAGNESIUM SULFATE. MICROCRYSTALLINE WAX (CERA MICROCRISTALLINA). TROMETHAMINE. ZINC SULFATE<\/p>\n","protected":false},"excerpt":{"rendered":"<p>Cicalfate+ Cr\u00e8me r\u00e9paratrice protectrice apaise, prot\u00e8ge et favorise la r\u00e9paration* des peaux irrit\u00e9es de toute la famille. Sa formule \u00e0 la texture&hellip;<\/p>","protected":false},"featured_media":17437,"comment_status":"open","ping_status":"closed","template":"","meta":[],"product_cat":[83],"product_tag":[],"yith_product_brand":[100],"class_list":{"0":"post-17438","1":"product","2":"type-product","3":"status-publish","4":"has-post-thumbnail","6":"product_cat-soins-visage","7":"yith_product_brand-avene","9":"first","10":"instock","11":"sale","12":"shipping-taxable","13":"purchasable","14":"product-type-simple"},"_links":{"self":[{"href":"https:\/\/parapharmacieenligne.ma\/en\/wp-json\/wp\/v2\/product\/17438","targetHints":{"allow":["GET"]}}],"collection":[{"href":"https:\/\/parapharmacieenligne.ma\/en\/wp-json\/wp\/v2\/product"}],"about":[{"href":"https:\/\/parapharmacieenligne.ma\/en\/wp-json\/wp\/v2\/types\/product"}],"replies":[{"embeddable":true,"href":"https:\/\/parapharmacieenligne.ma\/en\/wp-json\/wp\/v2\/comments?post=17438"}],"version-history":[{"count":1,"href":"https:\/\/parapharmacieenligne.ma\/en\/wp-json\/wp\/v2\/product\/17438\/revisions"}],"predecessor-version":[{"id":17439,"href":"https:\/\/parapharmacieenligne.ma\/en\/wp-json\/wp\/v2\/product\/17438\/revisions\/17439"}],"wp:featuredmedia":[{"embeddable":true,"href":"https:\/\/parapharmacieenligne.ma\/en\/wp-json\/wp\/v2\/media\/17437"}],"wp:attachment":[{"href":"https:\/\/parapharmacieenligne.ma\/en\/wp-json\/wp\/v2\/media?parent=17438"}],"wp:term":[{"taxonomy":"product_cat","embeddable":true,"href":"https:\/\/parapharmacieenligne.ma\/en\/wp-json\/wp\/v2\/product_cat?post=17438"},{"taxonomy":"product_tag","embeddable":true,"href":"https:\/\/parapharmacieenligne.ma\/en\/wp-json\/wp\/v2\/product_tag?post=17438"},{"taxonomy":"yith_product_brand","embeddable":true,"href":"https:\/\/parapharmacieenligne.ma\/en\/wp-json\/wp\/v2\/yith_product_brand?post=17438"}],"curies":[{"name":"wp","href":"https:\/\/api.w.org\/{rel}","templated":true}]}}