{"id":17450,"date":"2026-03-11T22:19:53","date_gmt":"2026-03-11T21:19:53","guid":{"rendered":"https:\/\/parapharmacieenligne.ma\/?post_type=product&#038;p=17450"},"modified":"2026-03-11T22:19:59","modified_gmt":"2026-03-11T21:19:59","slug":"avene-cold-creme-40-ml","status":"publish","type":"product","link":"https:\/\/parapharmacieenligne.ma\/en\/product\/avene-cold-creme-40-ml\/","title":{"rendered":"AVENE COLD CREME 40 ML"},"content":{"rendered":"<p>Test\u00e9 en conditions de grand froid, ce soin nutritif \u00e0 la texture enveloppante et au parfum l\u00e9ger laisse sur la peau un fini doux, non gras et non collant. Gr\u00e2ce au Cold Cream d&rsquo;Eau Thermale Av\u00e8ne, un m\u00e9lange traditionnel d&rsquo;ingr\u00e9dients issue de la pharmacop\u00e9e fran\u00e7aise, la peau est nourrit, prot\u00e9g\u00e9e et apais\u00e9e m\u00eame en conditions de grand froid. Convient \u00e0 toute la famille. Visage et corps.<\/p>\n<p>Les bienfaits :<\/p>\n<p>\u2022 NOURRIT la peau.<br \/>\n\u2022 PROT\u00c8GE contre le froid.<br \/>\n\u2022 APAISE les sensations d&rsquo;irritation.<\/p>\n<p>Conseils d&rsquo;utilisation:<\/p>\n<p>Appliquez Cold Cream Cr\u00e8me sur le visage et le corps. Insistez sur toutes les zones expos\u00e9es au dess\u00e8chement.<\/p>","protected":false},"excerpt":{"rendered":"<p>Test\u00e9 en conditions de grand froid, ce soin nutritif \u00e0 la texture enveloppante et au parfum l\u00e9ger laisse sur la peau un&hellip;<\/p>","protected":false},"featured_media":17449,"comment_status":"open","ping_status":"closed","template":"","meta":[],"product_cat":[83],"product_tag":[],"yith_product_brand":[100],"class_list":{"0":"post-17450","1":"product","2":"type-product","3":"status-publish","4":"has-post-thumbnail","6":"product_cat-soins-visage","7":"yith_product_brand-avene","9":"first","10":"instock","11":"sale","12":"shipping-taxable","13":"purchasable","14":"product-type-simple"},"_links":{"self":[{"href":"https:\/\/parapharmacieenligne.ma\/en\/wp-json\/wp\/v2\/product\/17450","targetHints":{"allow":["GET"]}}],"collection":[{"href":"https:\/\/parapharmacieenligne.ma\/en\/wp-json\/wp\/v2\/product"}],"about":[{"href":"https:\/\/parapharmacieenligne.ma\/en\/wp-json\/wp\/v2\/types\/product"}],"replies":[{"embeddable":true,"href":"https:\/\/parapharmacieenligne.ma\/en\/wp-json\/wp\/v2\/comments?post=17450"}],"version-history":[{"count":1,"href":"https:\/\/parapharmacieenligne.ma\/en\/wp-json\/wp\/v2\/product\/17450\/revisions"}],"predecessor-version":[{"id":17451,"href":"https:\/\/parapharmacieenligne.ma\/en\/wp-json\/wp\/v2\/product\/17450\/revisions\/17451"}],"wp:featuredmedia":[{"embeddable":true,"href":"https:\/\/parapharmacieenligne.ma\/en\/wp-json\/wp\/v2\/media\/17449"}],"wp:attachment":[{"href":"https:\/\/parapharmacieenligne.ma\/en\/wp-json\/wp\/v2\/media?parent=17450"}],"wp:term":[{"taxonomy":"product_cat","embeddable":true,"href":"https:\/\/parapharmacieenligne.ma\/en\/wp-json\/wp\/v2\/product_cat?post=17450"},{"taxonomy":"product_tag","embeddable":true,"href":"https:\/\/parapharmacieenligne.ma\/en\/wp-json\/wp\/v2\/product_tag?post=17450"},{"taxonomy":"yith_product_brand","embeddable":true,"href":"https:\/\/parapharmacieenligne.ma\/en\/wp-json\/wp\/v2\/yith_product_brand?post=17450"}],"curies":[{"name":"wp","href":"https:\/\/api.w.org\/{rel}","templated":true}]}}