{"id":17453,"date":"2026-03-11T22:20:09","date_gmt":"2026-03-11T21:20:09","guid":{"rendered":"https:\/\/parapharmacieenligne.ma\/?post_type=product&#038;p=17453"},"modified":"2026-03-11T22:20:15","modified_gmt":"2026-03-11T21:20:15","slug":"avene-masque-apaisant-hydratant-50-ml","status":"publish","type":"product","link":"https:\/\/parapharmacieenligne.ma\/en\/product\/avene-masque-apaisant-hydratant-50-ml\/","title":{"rendered":"AVENE MASQUE APAISANT HYDRATANT 50 ML"},"content":{"rendered":"<p>Ce masque apaisant r\u00e9conforte et \u00e9nergise les peaux sensibles fatigu\u00e9es (traits tir\u00e9s et teint terne), inconfortables, en manque d&rsquo;hydratation. Sa combinaison d&rsquo;extrait naturel de fruits rouges, \u00ab booster \u00bb des cellules de la peau, d&rsquo;une forme stable de la vitamine E antioxydante et d&rsquo;un cocktail d&rsquo;agents nourrissants et hydratants lutte contre les signes de fatigue. Il r\u00e9v\u00e8le la beaut\u00e9 naturelle de la peau, hydrate et renforce la barri\u00e8re cutan\u00e9e. L&rsquo;Eau thermale d&rsquo;Av\u00e8ne, apaisante et adoucissante, compl\u00e8te ce soin protecteur qui laisse un voile de douceur sur le visage. Le teint est repos\u00e9 et \u00e9clatant.<\/p>\n<p>Les bienfaits:<\/p>\n<p>\u2022 APAISE gr\u00e2ce aux propri\u00e9t\u00e9s de l\u2019Eau thermale d\u2019Av\u00e8ne.<br \/>\n\u2022 HYDRATE et renforce la barri\u00e8re cutan\u00e9e.<br \/>\n\u2022 NOURRIT gr\u00e2ce \u00e0 un cocktail d\u2019agents nourrissants.<\/p>\n<p>Conseils d&rsquo;utilisation:<\/p>\n<p>Appliquez le Masque Apaisant \u00e9clat en couche \u00e9paisse sur le visage et le cou. Laissez agir pendant 10 \u00e0 15 minutes. Si n\u00e9cessaire retirez l\u2019exc\u00e9dent avec un coton d\u00e9maquillant ou \u00e9talez-le.<\/p>","protected":false},"excerpt":{"rendered":"<p>Ce masque apaisant r\u00e9conforte et \u00e9nergise les peaux sensibles fatigu\u00e9es (traits tir\u00e9s et teint terne), inconfortables, en manque d&rsquo;hydratation. Sa combinaison d&rsquo;extrait&hellip;<\/p>","protected":false},"featured_media":17452,"comment_status":"open","ping_status":"closed","template":"","meta":[],"product_cat":[83],"product_tag":[],"yith_product_brand":[100],"class_list":{"0":"post-17453","1":"product","2":"type-product","3":"status-publish","4":"has-post-thumbnail","6":"product_cat-soins-visage","7":"yith_product_brand-avene","9":"first","10":"instock","11":"sale","12":"shipping-taxable","13":"purchasable","14":"product-type-simple"},"_links":{"self":[{"href":"https:\/\/parapharmacieenligne.ma\/en\/wp-json\/wp\/v2\/product\/17453","targetHints":{"allow":["GET"]}}],"collection":[{"href":"https:\/\/parapharmacieenligne.ma\/en\/wp-json\/wp\/v2\/product"}],"about":[{"href":"https:\/\/parapharmacieenligne.ma\/en\/wp-json\/wp\/v2\/types\/product"}],"replies":[{"embeddable":true,"href":"https:\/\/parapharmacieenligne.ma\/en\/wp-json\/wp\/v2\/comments?post=17453"}],"version-history":[{"count":1,"href":"https:\/\/parapharmacieenligne.ma\/en\/wp-json\/wp\/v2\/product\/17453\/revisions"}],"predecessor-version":[{"id":17454,"href":"https:\/\/parapharmacieenligne.ma\/en\/wp-json\/wp\/v2\/product\/17453\/revisions\/17454"}],"wp:featuredmedia":[{"embeddable":true,"href":"https:\/\/parapharmacieenligne.ma\/en\/wp-json\/wp\/v2\/media\/17452"}],"wp:attachment":[{"href":"https:\/\/parapharmacieenligne.ma\/en\/wp-json\/wp\/v2\/media?parent=17453"}],"wp:term":[{"taxonomy":"product_cat","embeddable":true,"href":"https:\/\/parapharmacieenligne.ma\/en\/wp-json\/wp\/v2\/product_cat?post=17453"},{"taxonomy":"product_tag","embeddable":true,"href":"https:\/\/parapharmacieenligne.ma\/en\/wp-json\/wp\/v2\/product_tag?post=17453"},{"taxonomy":"yith_product_brand","embeddable":true,"href":"https:\/\/parapharmacieenligne.ma\/en\/wp-json\/wp\/v2\/yith_product_brand?post=17453"}],"curies":[{"name":"wp","href":"https:\/\/api.w.org\/{rel}","templated":true}]}}