{"id":17456,"date":"2026-03-11T22:20:22","date_gmt":"2026-03-11T21:20:22","guid":{"rendered":"https:\/\/parapharmacieenligne.ma\/?post_type=product&#038;p=17456"},"modified":"2026-03-11T22:20:29","modified_gmt":"2026-03-11T21:20:29","slug":"avene-hydrance-legere-emulsion-hydratante-40-ml","status":"publish","type":"product","link":"https:\/\/parapharmacieenligne.ma\/en\/product\/avene-hydrance-legere-emulsion-hydratante-40-ml\/","title":{"rendered":"AVENE HYDRANCE LEGERE EMULSION HYDRATANTE 40 ML"},"content":{"rendered":"<p>Hydrate votre peau durablement. Sa texture fine et fra\u00eeche laisse la peau infiniment confortable et douce. Hydratante: Ses agents hydratants optimisent de surcro\u00eet la p\u00e9n\u00e9tration et la diffusion de l\u2019Eau thermale d\u2019Av\u00e8ne dans la peau et contr\u00f4le la perte insensible en eau.Purifiante : Ses capsules s\u00e9boabsorbantes retiennent le s\u00e9bum et matifient votre teint. Apaisante : Riche en Eau thermale d\u2019Av\u00e8ne, apaisante et anti-irritante, elle enveloppe votre peau d\u2019un voile de douceur. Couches sup\u00e9rieures de la peau<\/p>\n<p>Conseils d&rsquo;utilisation:<\/p>\n<p>o Appliquez le matin ou le soir sur une peau parfaitement propre et s\u00e8che.<br \/>\no Le matin, vous pouvez choisir d\u2019appliquer Hydrance Optimale UV l\u00e9g\u00e8re qui vous prot\u00e8gera du soleil.<\/p>\n<p>Ingr\u00e9dients :<\/p>\n<p>TRIETHYLHEXANOIN. 1,2-HEXANEDIOL. POLYMETHYL METHACRYLATE. POTASSIUM CETYL PHOSPHATE. ACRYLATES\/C10-30 ALKYL ACRYLATE CROSSPOLYMER. BENZOIC ACID. C12-20 ALKYL GLUCOSIDE. FRAGRANCE (PARFUM). HYDROXYETHYL ACRYLATE\/SODIUM ACRYLOYLDIMETHYL TAURATE COPOLYMER. PHYTOSTEROLS. POLYSORBATE 60. SCLEROTIUM GUM. SODIUM HYDROXIDE. SORBITAN ISOSTEARATE. SQUALANE. WATER (AQUA)<\/p>","protected":false},"excerpt":{"rendered":"<p>Hydrate votre peau durablement. Sa texture fine et fra\u00eeche laisse la peau infiniment confortable et douce. Hydratante: Ses agents hydratants optimisent de&hellip;<\/p>","protected":false},"featured_media":17455,"comment_status":"open","ping_status":"closed","template":"","meta":[],"product_cat":[83],"product_tag":[],"yith_product_brand":[100],"class_list":{"0":"post-17456","1":"product","2":"type-product","3":"status-publish","4":"has-post-thumbnail","6":"product_cat-soins-visage","7":"yith_product_brand-avene","9":"first","10":"instock","11":"sale","12":"shipping-taxable","13":"purchasable","14":"product-type-simple"},"_links":{"self":[{"href":"https:\/\/parapharmacieenligne.ma\/en\/wp-json\/wp\/v2\/product\/17456","targetHints":{"allow":["GET"]}}],"collection":[{"href":"https:\/\/parapharmacieenligne.ma\/en\/wp-json\/wp\/v2\/product"}],"about":[{"href":"https:\/\/parapharmacieenligne.ma\/en\/wp-json\/wp\/v2\/types\/product"}],"replies":[{"embeddable":true,"href":"https:\/\/parapharmacieenligne.ma\/en\/wp-json\/wp\/v2\/comments?post=17456"}],"version-history":[{"count":1,"href":"https:\/\/parapharmacieenligne.ma\/en\/wp-json\/wp\/v2\/product\/17456\/revisions"}],"predecessor-version":[{"id":17457,"href":"https:\/\/parapharmacieenligne.ma\/en\/wp-json\/wp\/v2\/product\/17456\/revisions\/17457"}],"wp:featuredmedia":[{"embeddable":true,"href":"https:\/\/parapharmacieenligne.ma\/en\/wp-json\/wp\/v2\/media\/17455"}],"wp:attachment":[{"href":"https:\/\/parapharmacieenligne.ma\/en\/wp-json\/wp\/v2\/media?parent=17456"}],"wp:term":[{"taxonomy":"product_cat","embeddable":true,"href":"https:\/\/parapharmacieenligne.ma\/en\/wp-json\/wp\/v2\/product_cat?post=17456"},{"taxonomy":"product_tag","embeddable":true,"href":"https:\/\/parapharmacieenligne.ma\/en\/wp-json\/wp\/v2\/product_tag?post=17456"},{"taxonomy":"yith_product_brand","embeddable":true,"href":"https:\/\/parapharmacieenligne.ma\/en\/wp-json\/wp\/v2\/yith_product_brand?post=17456"}],"curies":[{"name":"wp","href":"https:\/\/api.w.org\/{rel}","templated":true}]}}