{"id":17462,"date":"2026-03-11T22:20:47","date_gmt":"2026-03-11T21:20:47","guid":{"rendered":"https:\/\/parapharmacieenligne.ma\/?post_type=product&#038;p=17462"},"modified":"2026-03-11T22:20:52","modified_gmt":"2026-03-11T21:20:52","slug":"avene-hydrance-uv-riche-creme-hydratante-40-ml","status":"publish","type":"product","link":"https:\/\/parapharmacieenligne.ma\/en\/product\/avene-hydrance-uv-riche-creme-hydratante-40-ml\/","title":{"rendered":"AVENE HYDRANCE UV RICHE CREME HYDRATANTE 40 ML"},"content":{"rendered":"<p>Hydrate et prot\u00e8ge votre peau du soleil. Sa texture fondante et onctueuse apporte \u00e0 votre peau un infini confort.Protectrice : Ses agents photoprotecteurs (SPF20) prot\u00e8gent votre peau des agressions du soleil qui la vieillissent pr\u00e9matur\u00e9ment. Hydratante: Ses agents hydratants optimisent, de surcro\u00eet, la p\u00e9n\u00e9tration et la diffusion de l\u2019Eau thermale d\u2019Av\u00e8ne dans la peau et contr\u00f4lent la perte insensible en eau.<br \/>\nApaisante : Enrichie en Eau thermale d\u2019Av\u00e8ne, apaisante et anti-irritante, elle enveloppe votre peau d\u2019un voile de douceur.Couches sup\u00e9rieures de la peau<\/p>\n<p>Les bienfaits :<\/p>\n<p>\u2022 PROT\u00c8GE des rayons solaires, des UV et de la pollution.<br \/>\n\u2022 HYDRATE 24 h en continu. Son complexe hydratant assure une diffusion optimale de l\u2019Eau thermale d&rsquo;Av\u00e8ne.<br \/>\n\u2022 ADOUCIT : Cette cr\u00e8me hydratante au parfum frais contribue r\u00e9v\u00e9ler \u00e0 une peau douce et lumineuse.<\/p>\n<p>Conseils d&rsquo;utilisation:<br \/>\nAppliquez le matin ou le soir sur une peau parfaitement propre et s\u00e8che.<\/p>\n<p>Ingr\u00e9dients :<\/p>\n<p>AVENE THERMAL SPRING WATER (AVENE AQUA). C12-15 ALKYL BENZOATE. DICAPRYLYL CARBONATE. DIISOPROPYL ADIPATE. GLYCERIN. METHYLENE BIS-BENZOTRIAZOLYL TETRAMETHYLBUTYLPHENOL [NANO]. WATER (AQUA). BIS-ETHYLHEXYLOXYPHENOL METHOXYPHENYL TRIAZINE. DIETHYLHEXYL BUTAMIDO TRIAZONE. POLYMETHYL METHACRYLATE. BUTYL METHOXYDIBENZOYLMETHANE. BUTYROSPERMUM PARKII (SHEA) BUTTER (BUTYROSPERMUM PARKII BUTTER). METHYL GLUCETH-20. ISOCETYL STEAROYL STEARATE. TRIETHYLHEXANOIN. HYDROGENATED STARCH HYDROLYSATE. C10-18 TRIGLYCERIDES. GLYCERYL STEARATE. PEG-100 STEARATE. POTASSIUM CETYL PHOSPHATE. BENZOIC ACID. CAPRYLIC\/CAPRIC TRIGLYCERIDE. CAPRYLYL GLYCOL. DECYL GLUCOSIDE. DISODIUM EDTA. FRAGRANCE (PARFUM). GLYCERYL BEHENATE. GLYCERYL DIBEHENATE. PHYTOSTEROLS. POLYACRYLATE-13. POLYISOBUTENE. POLYSORBATE 20. PROPYLENE GLYCOL. SORBITAN ISOSTEARATE. STEARYL ALCOHOL. TOCOPHEROL. TOCOPHERYL GLUCOSIDE. TRIBEHENIN. XANTHAN GUM<\/p>\n","protected":false},"excerpt":{"rendered":"<p>Hydrate et prot\u00e8ge votre peau du soleil. Sa texture fondante et onctueuse apporte \u00e0 votre peau un infini confort.Protectrice : Ses agents&hellip;<\/p>","protected":false},"featured_media":17461,"comment_status":"open","ping_status":"closed","template":"","meta":[],"product_cat":[83],"product_tag":[],"yith_product_brand":[100],"class_list":{"0":"post-17462","1":"product","2":"type-product","3":"status-publish","4":"has-post-thumbnail","6":"product_cat-soins-visage","7":"yith_product_brand-avene","9":"first","10":"instock","11":"sale","12":"shipping-taxable","13":"purchasable","14":"product-type-simple"},"_links":{"self":[{"href":"https:\/\/parapharmacieenligne.ma\/en\/wp-json\/wp\/v2\/product\/17462","targetHints":{"allow":["GET"]}}],"collection":[{"href":"https:\/\/parapharmacieenligne.ma\/en\/wp-json\/wp\/v2\/product"}],"about":[{"href":"https:\/\/parapharmacieenligne.ma\/en\/wp-json\/wp\/v2\/types\/product"}],"replies":[{"embeddable":true,"href":"https:\/\/parapharmacieenligne.ma\/en\/wp-json\/wp\/v2\/comments?post=17462"}],"version-history":[{"count":1,"href":"https:\/\/parapharmacieenligne.ma\/en\/wp-json\/wp\/v2\/product\/17462\/revisions"}],"predecessor-version":[{"id":17463,"href":"https:\/\/parapharmacieenligne.ma\/en\/wp-json\/wp\/v2\/product\/17462\/revisions\/17463"}],"wp:featuredmedia":[{"embeddable":true,"href":"https:\/\/parapharmacieenligne.ma\/en\/wp-json\/wp\/v2\/media\/17461"}],"wp:attachment":[{"href":"https:\/\/parapharmacieenligne.ma\/en\/wp-json\/wp\/v2\/media?parent=17462"}],"wp:term":[{"taxonomy":"product_cat","embeddable":true,"href":"https:\/\/parapharmacieenligne.ma\/en\/wp-json\/wp\/v2\/product_cat?post=17462"},{"taxonomy":"product_tag","embeddable":true,"href":"https:\/\/parapharmacieenligne.ma\/en\/wp-json\/wp\/v2\/product_tag?post=17462"},{"taxonomy":"yith_product_brand","embeddable":true,"href":"https:\/\/parapharmacieenligne.ma\/en\/wp-json\/wp\/v2\/yith_product_brand?post=17462"}],"curies":[{"name":"wp","href":"https:\/\/api.w.org\/{rel}","templated":true}]}}