{"id":17465,"date":"2026-03-11T22:21:00","date_gmt":"2026-03-11T21:21:00","guid":{"rendered":"https:\/\/parapharmacieenligne.ma\/?post_type=product&#038;p=17465"},"modified":"2026-03-11T22:21:08","modified_gmt":"2026-03-11T21:21:08","slug":"avene-spray-deau-thermale-150-ml","status":"publish","type":"product","link":"https:\/\/parapharmacieenligne.ma\/en\/product\/avene-spray-deau-thermale-150-ml\/","title":{"rendered":"AVENE SPRAY D&rsquo;EAU THERMALE 150 ML"},"content":{"rendered":"<p>Le Spray d&rsquo;Eau thermale d&rsquo;Av\u00e8ne apaise et renforce et r\u00e9\u00e9quilibre les peaux sensibles ou irrit\u00e9es, pr\u00e9sentant inconforts, rougeurs, d\u00e9mangeaisons et tiraillements. Le Spray d&rsquo;Eau Thermale s&rsquo;utilise tous les jours, pour contribuer \u00e0 \u00e9liminer les impuret\u00e9s r\u00e9siduelles apr\u00e8s le nettoyage ou pr\u00e9parer et faciliter l&rsquo;application des soins hydratants. Avec une efficacit\u00e9 anti-dess\u00e8chement imm\u00e9diate, le Spray d&rsquo;Eau Thermale s&#8217;emploie par toute la famille, pour une peau apais\u00e9e, renforc\u00e9e et en bonne sant\u00e9.<\/p>\n<p>Les bienfaits :<br \/>\n\u2022 APAISE : diminution de la sensibilit\u00e9 de la peau de 64 %*.<br \/>\n\u2022 RENFORCE : la barri\u00e8re cutan\u00e9e des peaux sensibles, gr\u00e2ce \u00e0 son \u00e9quilibre Calcium\/Magnesium id\u00e9al.<br \/>\n\u2022 R\u00c9\u00c9QUILIBRE : les sensations d&rsquo;inconfort de la peau et sa sensibilit\u00e9 pour la maintenir en bonne sant\u00e9.<\/p>\n<p>Conseil d&rsquo;utilisation:<br \/>\nPour un effet apaisant et rafraichissant, pulv\u00e9risez g\u00e9n\u00e9reusement pendant plusieurs secondes, attendez un peu puis s\u00e9cher d\u00e9licatement en tamponnant avec une serviette.<\/p>","protected":false},"excerpt":{"rendered":"<p>Le Spray d&rsquo;Eau thermale d&rsquo;Av\u00e8ne apaise et renforce et r\u00e9\u00e9quilibre les peaux sensibles ou irrit\u00e9es, pr\u00e9sentant inconforts, rougeurs, d\u00e9mangeaisons et tiraillements. Le&hellip;<\/p>","protected":false},"featured_media":17464,"comment_status":"open","ping_status":"closed","template":"","meta":[],"product_cat":[83],"product_tag":[],"yith_product_brand":[100],"class_list":{"0":"post-17465","1":"product","2":"type-product","3":"status-publish","4":"has-post-thumbnail","6":"product_cat-soins-visage","7":"yith_product_brand-avene","9":"first","10":"instock","11":"sale","12":"shipping-taxable","13":"purchasable","14":"product-type-simple"},"_links":{"self":[{"href":"https:\/\/parapharmacieenligne.ma\/en\/wp-json\/wp\/v2\/product\/17465","targetHints":{"allow":["GET"]}}],"collection":[{"href":"https:\/\/parapharmacieenligne.ma\/en\/wp-json\/wp\/v2\/product"}],"about":[{"href":"https:\/\/parapharmacieenligne.ma\/en\/wp-json\/wp\/v2\/types\/product"}],"replies":[{"embeddable":true,"href":"https:\/\/parapharmacieenligne.ma\/en\/wp-json\/wp\/v2\/comments?post=17465"}],"version-history":[{"count":1,"href":"https:\/\/parapharmacieenligne.ma\/en\/wp-json\/wp\/v2\/product\/17465\/revisions"}],"predecessor-version":[{"id":17466,"href":"https:\/\/parapharmacieenligne.ma\/en\/wp-json\/wp\/v2\/product\/17465\/revisions\/17466"}],"wp:featuredmedia":[{"embeddable":true,"href":"https:\/\/parapharmacieenligne.ma\/en\/wp-json\/wp\/v2\/media\/17464"}],"wp:attachment":[{"href":"https:\/\/parapharmacieenligne.ma\/en\/wp-json\/wp\/v2\/media?parent=17465"}],"wp:term":[{"taxonomy":"product_cat","embeddable":true,"href":"https:\/\/parapharmacieenligne.ma\/en\/wp-json\/wp\/v2\/product_cat?post=17465"},{"taxonomy":"product_tag","embeddable":true,"href":"https:\/\/parapharmacieenligne.ma\/en\/wp-json\/wp\/v2\/product_tag?post=17465"},{"taxonomy":"yith_product_brand","embeddable":true,"href":"https:\/\/parapharmacieenligne.ma\/en\/wp-json\/wp\/v2\/yith_product_brand?post=17465"}],"curies":[{"name":"wp","href":"https:\/\/api.w.org\/{rel}","templated":true}]}}