{"id":17498,"date":"2026-03-11T22:28:40","date_gmt":"2026-03-11T21:28:40","guid":{"rendered":"https:\/\/parapharmacieenligne.ma\/?post_type=product&#038;p=17498"},"modified":"2026-03-11T22:28:48","modified_gmt":"2026-03-11T21:28:48","slug":"avene-cold-cream-stick-levres","status":"publish","type":"product","link":"https:\/\/parapharmacieenligne.ma\/en\/product\/avene-cold-cream-stick-levres\/","title":{"rendered":"AVENE COLD CREAM STICK LEVRES"},"content":{"rendered":"<p>Riche en Cold Cream, ce stick onctueux et couvrant nourrit et prot\u00e8ge vos l\u00e8vres. Gr\u00e2ce \u00e0 son actif le Sucralfate, il r\u00e9g\u00e9n\u00e8re les muqueuses.L\u2019Eau thermale d\u2019Av\u00e8ne, apaisante et anti-irritante, procure \u00e0 votre peau une sensation de confort imm\u00e9diate.<\/p>","protected":false},"excerpt":{"rendered":"<p>Riche en Cold Cream, ce stick onctueux et couvrant nourrit et prot\u00e8ge vos l\u00e8vres. Gr\u00e2ce \u00e0 son actif le Sucralfate, il r\u00e9g\u00e9n\u00e8re&hellip;<\/p>","protected":false},"featured_media":17497,"comment_status":"open","ping_status":"closed","template":"","meta":[],"product_cat":[83],"product_tag":[],"yith_product_brand":[100],"class_list":{"0":"post-17498","1":"product","2":"type-product","3":"status-publish","4":"has-post-thumbnail","6":"product_cat-soins-visage","7":"yith_product_brand-avene","9":"first","10":"instock","11":"sale","12":"shipping-taxable","13":"purchasable","14":"product-type-simple"},"_links":{"self":[{"href":"https:\/\/parapharmacieenligne.ma\/en\/wp-json\/wp\/v2\/product\/17498","targetHints":{"allow":["GET"]}}],"collection":[{"href":"https:\/\/parapharmacieenligne.ma\/en\/wp-json\/wp\/v2\/product"}],"about":[{"href":"https:\/\/parapharmacieenligne.ma\/en\/wp-json\/wp\/v2\/types\/product"}],"replies":[{"embeddable":true,"href":"https:\/\/parapharmacieenligne.ma\/en\/wp-json\/wp\/v2\/comments?post=17498"}],"version-history":[{"count":1,"href":"https:\/\/parapharmacieenligne.ma\/en\/wp-json\/wp\/v2\/product\/17498\/revisions"}],"predecessor-version":[{"id":17499,"href":"https:\/\/parapharmacieenligne.ma\/en\/wp-json\/wp\/v2\/product\/17498\/revisions\/17499"}],"wp:featuredmedia":[{"embeddable":true,"href":"https:\/\/parapharmacieenligne.ma\/en\/wp-json\/wp\/v2\/media\/17497"}],"wp:attachment":[{"href":"https:\/\/parapharmacieenligne.ma\/en\/wp-json\/wp\/v2\/media?parent=17498"}],"wp:term":[{"taxonomy":"product_cat","embeddable":true,"href":"https:\/\/parapharmacieenligne.ma\/en\/wp-json\/wp\/v2\/product_cat?post=17498"},{"taxonomy":"product_tag","embeddable":true,"href":"https:\/\/parapharmacieenligne.ma\/en\/wp-json\/wp\/v2\/product_tag?post=17498"},{"taxonomy":"yith_product_brand","embeddable":true,"href":"https:\/\/parapharmacieenligne.ma\/en\/wp-json\/wp\/v2\/yith_product_brand?post=17498"}],"curies":[{"name":"wp","href":"https:\/\/api.w.org\/{rel}","templated":true}]}}