{"id":17504,"date":"2026-03-11T22:29:12","date_gmt":"2026-03-11T21:29:12","guid":{"rendered":"https:\/\/parapharmacieenligne.ma\/?post_type=product&#038;p=17504"},"modified":"2026-04-21T13:05:46","modified_gmt":"2026-04-21T11:05:46","slug":"avene-tolerance-control-creme-apaisante-40-ml","status":"publish","type":"product","link":"https:\/\/parapharmacieenligne.ma\/en\/product\/avene-tolerance-control-creme-apaisante-40-ml\/","title":{"rendered":"AVENE TOLERANCE CONTROL CREME APAISANTE 40 ML"},"content":{"rendered":"<p>Tol\u00e9rance Control cr\u00e8me apaisante pour peaux hypersensibles, r\u00e9actives, intol\u00e9rantes ou allergiques calme la peau en 30 secondes. Gr\u00e2ce au D-Sensinose\u2122 ultra-calmant, nouvel actif postbiotique brevet\u00e9, ce soin soulage les sensations d&rsquo;\u00e9chauffement, de tiraillements, picotements, d&rsquo;inconfort. La peau est intens\u00e9ment hydrat\u00e9e et sa barri\u00e8re restaur\u00e9e en 48h. Ce soin haute tol\u00e9rance sans parfum ni conservateur, b\u00e9n\u00e9ficie d&rsquo;un nouveau tube Cosm\u00e9tique St\u00e9rile qui pr\u00e9serve la formule de l&rsquo;air ext\u00e9rieur et des bact\u00e9ries.<\/p>\n<p>Conseils d&rsquo;utilisation:<\/p>\n<p>Appliquer matin et soir sur le visage, le cou et le contour des yeux.<\/p>\n<p>Astuce de l&rsquo;expert:<br \/>\nDes gestes doux ne pas r\u00e9activer l&rsquo;hyper-sensibilit\u00e9 cutan\u00e9e:<br \/>\n\u2022 Commencez par \u00e9taler la cr\u00e8me entre les doigts.<br \/>\n\u2022 D\u00e9posez-la par touches sur le visage et le cou.<br \/>\n\u2022 Etalez en lissant d\u00e9licatement du bout des doigts du centre vers les contours du visage sans oublier le cou.<\/p>","protected":false},"excerpt":{"rendered":"<p>Tol\u00e9rance Control cr\u00e8me apaisante pour peaux hypersensibles, r\u00e9actives, intol\u00e9rantes ou allergiques calme la peau en 30 secondes. Gr\u00e2ce au D-Sensinose\u2122 ultra-calmant, nouvel&hellip;<\/p>","protected":false},"featured_media":17503,"comment_status":"open","ping_status":"closed","template":"","meta":[],"product_cat":[208,83],"product_tag":[],"yith_product_brand":[100],"class_list":{"0":"post-17504","1":"product","2":"type-product","3":"status-publish","4":"has-post-thumbnail","6":"product_cat-anti-taches","7":"product_cat-soins-visage","8":"yith_product_brand-avene","10":"first","11":"instock","12":"sale","13":"shipping-taxable","14":"purchasable","15":"product-type-simple"},"_links":{"self":[{"href":"https:\/\/parapharmacieenligne.ma\/en\/wp-json\/wp\/v2\/product\/17504","targetHints":{"allow":["GET"]}}],"collection":[{"href":"https:\/\/parapharmacieenligne.ma\/en\/wp-json\/wp\/v2\/product"}],"about":[{"href":"https:\/\/parapharmacieenligne.ma\/en\/wp-json\/wp\/v2\/types\/product"}],"replies":[{"embeddable":true,"href":"https:\/\/parapharmacieenligne.ma\/en\/wp-json\/wp\/v2\/comments?post=17504"}],"version-history":[{"count":1,"href":"https:\/\/parapharmacieenligne.ma\/en\/wp-json\/wp\/v2\/product\/17504\/revisions"}],"predecessor-version":[{"id":17505,"href":"https:\/\/parapharmacieenligne.ma\/en\/wp-json\/wp\/v2\/product\/17504\/revisions\/17505"}],"wp:featuredmedia":[{"embeddable":true,"href":"https:\/\/parapharmacieenligne.ma\/en\/wp-json\/wp\/v2\/media\/17503"}],"wp:attachment":[{"href":"https:\/\/parapharmacieenligne.ma\/en\/wp-json\/wp\/v2\/media?parent=17504"}],"wp:term":[{"taxonomy":"product_cat","embeddable":true,"href":"https:\/\/parapharmacieenligne.ma\/en\/wp-json\/wp\/v2\/product_cat?post=17504"},{"taxonomy":"product_tag","embeddable":true,"href":"https:\/\/parapharmacieenligne.ma\/en\/wp-json\/wp\/v2\/product_tag?post=17504"},{"taxonomy":"yith_product_brand","embeddable":true,"href":"https:\/\/parapharmacieenligne.ma\/en\/wp-json\/wp\/v2\/yith_product_brand?post=17504"}],"curies":[{"name":"wp","href":"https:\/\/api.w.org\/{rel}","templated":true}]}}