{"id":17519,"date":"2026-03-11T22:30:19","date_gmt":"2026-03-11T21:30:19","guid":{"rendered":"https:\/\/parapharmacieenligne.ma\/?post_type=product&#038;p=17519"},"modified":"2026-03-11T22:30:24","modified_gmt":"2026-03-11T21:30:24","slug":"avene-hydrance-boost-serum-hydratant-peau-sensible-30-ml","status":"publish","type":"product","link":"https:\/\/parapharmacieenligne.ma\/en\/product\/avene-hydrance-boost-serum-hydratant-peau-sensible-30-ml\/","title":{"rendered":"AVENE HYDRANCE BOOST SERUM HYDRATANT PEAU SENSIBLE 30 ML"},"content":{"rendered":"<p>Sa formule, contenant 96% d&rsquo;ingr\u00e9dients d&rsquo;origine naturelle, utilise une texture gel d&rsquo;eau ultra-l\u00e9g\u00e8re, fra\u00eeche, non grasse et non collante qui s&rsquo;absorbe facilement, laissant une sensation de voile d&rsquo;eau agr\u00e9able. Ce s\u00e9rum am\u00e9liore l&rsquo;apparence de la peau, la rendant plus souple, lisse et \u00e9clatante, tout en luttant contre le teint terne.<\/p>\n<p>Le produit est adapt\u00e9 aux yeux sensibles et aux porteurs de lentilles, et il a \u00e9t\u00e9 test\u00e9 sous contr\u00f4le dermatologique et ophtalmologique. Fabriqu\u00e9 en France, ce s\u00e9rum vise \u00e0 offrir confort, douceur et souplesse \u00e0 la peau de mani\u00e8re durable.<\/p>\n<p>COMPOSITION<\/p>\n<p>Avene Thermal Spring Water (Avene Aqua), Propanediol, Glycerin, Pentylene Glycol, Diglycerin, 1,2-Hexanediol, Niacinamide, Sodium Hyaluronate, Betaine, Citric Acid, Fragrance (Parfum), Pca, Polyglyceryl-4 Caprate, Sclerotium Gum, Sodium Citrate, Sodium Hydroxide, Water (Aqua).<\/p>\n<p>CONSEIL D\u2019UTILISATION<\/p>\n<p>Utiliser matin et\/ou soir sur le visage, le cou et le d\u00e9collet\u00e9, avant votre soin habituel. Sert de base id\u00e9ale pour optimiser les soins hydratants.<\/p>\n<p>Pour usage externe uniquement. \u00c9viter le contact avec les yeux.<\/p>","protected":false},"excerpt":{"rendered":"<p>Sa formule, contenant 96% d&rsquo;ingr\u00e9dients d&rsquo;origine naturelle, utilise une texture gel d&rsquo;eau ultra-l\u00e9g\u00e8re, fra\u00eeche, non grasse et non collante qui s&rsquo;absorbe facilement,&hellip;<\/p>","protected":false},"featured_media":17518,"comment_status":"open","ping_status":"closed","template":"","meta":[],"product_cat":[83],"product_tag":[],"yith_product_brand":[100],"class_list":{"0":"post-17519","1":"product","2":"type-product","3":"status-publish","4":"has-post-thumbnail","6":"product_cat-soins-visage","7":"yith_product_brand-avene","9":"first","10":"instock","11":"sale","12":"shipping-taxable","13":"purchasable","14":"product-type-simple"},"_links":{"self":[{"href":"https:\/\/parapharmacieenligne.ma\/en\/wp-json\/wp\/v2\/product\/17519","targetHints":{"allow":["GET"]}}],"collection":[{"href":"https:\/\/parapharmacieenligne.ma\/en\/wp-json\/wp\/v2\/product"}],"about":[{"href":"https:\/\/parapharmacieenligne.ma\/en\/wp-json\/wp\/v2\/types\/product"}],"replies":[{"embeddable":true,"href":"https:\/\/parapharmacieenligne.ma\/en\/wp-json\/wp\/v2\/comments?post=17519"}],"version-history":[{"count":1,"href":"https:\/\/parapharmacieenligne.ma\/en\/wp-json\/wp\/v2\/product\/17519\/revisions"}],"predecessor-version":[{"id":17520,"href":"https:\/\/parapharmacieenligne.ma\/en\/wp-json\/wp\/v2\/product\/17519\/revisions\/17520"}],"wp:featuredmedia":[{"embeddable":true,"href":"https:\/\/parapharmacieenligne.ma\/en\/wp-json\/wp\/v2\/media\/17518"}],"wp:attachment":[{"href":"https:\/\/parapharmacieenligne.ma\/en\/wp-json\/wp\/v2\/media?parent=17519"}],"wp:term":[{"taxonomy":"product_cat","embeddable":true,"href":"https:\/\/parapharmacieenligne.ma\/en\/wp-json\/wp\/v2\/product_cat?post=17519"},{"taxonomy":"product_tag","embeddable":true,"href":"https:\/\/parapharmacieenligne.ma\/en\/wp-json\/wp\/v2\/product_tag?post=17519"},{"taxonomy":"yith_product_brand","embeddable":true,"href":"https:\/\/parapharmacieenligne.ma\/en\/wp-json\/wp\/v2\/yith_product_brand?post=17519"}],"curies":[{"name":"wp","href":"https:\/\/api.w.org\/{rel}","templated":true}]}}