{"id":17522,"date":"2026-03-11T22:30:31","date_gmt":"2026-03-11T21:30:31","guid":{"rendered":"https:\/\/parapharmacieenligne.ma\/?post_type=product&#038;p=17522"},"modified":"2026-03-25T12:23:50","modified_gmt":"2026-03-25T11:23:50","slug":"avene-hyaluron-activ-b3-creme-multi-intensive-nuit-40-ml","status":"publish","type":"product","link":"https:\/\/parapharmacieenligne.ma\/en\/product\/avene-hyaluron-activ-b3-creme-multi-intensive-nuit-40-ml\/","title":{"rendered":"AVENE HYALURON ACTIV B3 CREME MULTI INTENSIVE NUIT 40 ML"},"content":{"rendered":"<p>Cr\u00e8me nuit int\u00e9grale r\u00e9paratrice, contient du r\u00e9tinal, acide hyaluronique pur et niacinamide pour agir sur la cause du vieillissement. La peau est plus ferme, les rides sont combl\u00e9es.<br \/>\nAvec l&rsquo;\u00e2ge tout s&rsquo;acc\u00e9l\u00e8re. Les cellules vieillissantes se propagent et la peau fonctionne au ralenti. Les laboratoires dermatologiques Av\u00e8ne cr\u00e9ent la cr\u00e8me nuit Hyaluron Activ B3 contenant du r\u00e9tinal, de l&rsquo;acide hyaluronique pur, de l&rsquo;extrait d&rsquo;Haritaki et du niacinamide pour agir sur la cause du vieillissement et prolonger la vie des cellules*. D\u00e8s le r\u00e9veil, la peau est d\u00e9froiss\u00e9e. D\u00e8s 15 jours, elle est r\u00e9par\u00e9e, plus ferme et les rides sont combl\u00e9es**. V\u00e9ritable soin cocooning pour la nuit, sa texture d\u00e9licatement parfum\u00e9e apporte du confort \u00e0 la peau, sans fini gras. Sa teinte l\u00e9g\u00e9rement orang\u00e9e est li\u00e9e \u00e0 la pr\u00e9sence de r\u00e9tinal.<br \/>\nLa cr\u00e8me multi-intensive nuit Hyaluron Activ B3 est un soin \u00e9co-con\u00e7u contenant 97% d&rsquo;ingr\u00e9dients d&rsquo;origine naturelle, sans ingr\u00e9dients d\u2019origine animale, le tout dans un pot pompe pratique et s\u00e9curitaire.<\/p>\n<p>CONSEILS D&rsquo;UTILISATION:<\/p>\n<p>Appliquer 2 doses sur le visage, le cou et le d\u00e9collet\u00e9. En cas de picotements, espacer les applications.<\/p>","protected":false},"excerpt":{"rendered":"<p>Cr\u00e8me nuit int\u00e9grale r\u00e9paratrice, contient du r\u00e9tinal, acide hyaluronique pur et niacinamide pour agir sur la cause du vieillissement. La peau est&hellip;<\/p>","protected":false},"featured_media":17521,"comment_status":"open","ping_status":"closed","template":"","meta":[],"product_cat":[83],"product_tag":[170],"yith_product_brand":[100],"class_list":{"0":"post-17522","1":"product","2":"type-product","3":"status-publish","4":"has-post-thumbnail","6":"product_cat-soins-visage","7":"product_tag-acide-hyaluronique","8":"yith_product_brand-avene","10":"first","11":"instock","12":"sale","13":"shipping-taxable","14":"purchasable","15":"product-type-simple"},"_links":{"self":[{"href":"https:\/\/parapharmacieenligne.ma\/en\/wp-json\/wp\/v2\/product\/17522","targetHints":{"allow":["GET"]}}],"collection":[{"href":"https:\/\/parapharmacieenligne.ma\/en\/wp-json\/wp\/v2\/product"}],"about":[{"href":"https:\/\/parapharmacieenligne.ma\/en\/wp-json\/wp\/v2\/types\/product"}],"replies":[{"embeddable":true,"href":"https:\/\/parapharmacieenligne.ma\/en\/wp-json\/wp\/v2\/comments?post=17522"}],"version-history":[{"count":1,"href":"https:\/\/parapharmacieenligne.ma\/en\/wp-json\/wp\/v2\/product\/17522\/revisions"}],"predecessor-version":[{"id":17523,"href":"https:\/\/parapharmacieenligne.ma\/en\/wp-json\/wp\/v2\/product\/17522\/revisions\/17523"}],"wp:featuredmedia":[{"embeddable":true,"href":"https:\/\/parapharmacieenligne.ma\/en\/wp-json\/wp\/v2\/media\/17521"}],"wp:attachment":[{"href":"https:\/\/parapharmacieenligne.ma\/en\/wp-json\/wp\/v2\/media?parent=17522"}],"wp:term":[{"taxonomy":"product_cat","embeddable":true,"href":"https:\/\/parapharmacieenligne.ma\/en\/wp-json\/wp\/v2\/product_cat?post=17522"},{"taxonomy":"product_tag","embeddable":true,"href":"https:\/\/parapharmacieenligne.ma\/en\/wp-json\/wp\/v2\/product_tag?post=17522"},{"taxonomy":"yith_product_brand","embeddable":true,"href":"https:\/\/parapharmacieenligne.ma\/en\/wp-json\/wp\/v2\/yith_product_brand?post=17522"}],"curies":[{"name":"wp","href":"https:\/\/api.w.org\/{rel}","templated":true}]}}