{"id":17537,"date":"2026-03-11T22:43:39","date_gmt":"2026-03-11T21:43:39","guid":{"rendered":"https:\/\/parapharmacieenligne.ma\/?post_type=product&#038;p=17537"},"modified":"2026-03-11T22:43:45","modified_gmt":"2026-03-11T21:43:45","slug":"avene-hyaluron-activ-b3-serum-concentre-repulpant-30-ml","status":"publish","type":"product","link":"https:\/\/parapharmacieenligne.ma\/en\/product\/avene-hyaluron-activ-b3-serum-concentre-repulpant-30-ml\/","title":{"rendered":"AVENE HYALURON ACTIV B3 SERUM CONCENTRE REPULPANT 30 ML"},"content":{"rendered":"<p>Le s\u00e9rum concentr\u00e9 en acide hyaluronique pur (1,5%) et niacinamide (6%) pour agir sur la cause du vieillissement. La peau est plus ferme, les rides sont corrig\u00e9es.<\/p>\n<p>Avec l&rsquo;\u00e2ge tout s&rsquo;acc\u00e9l\u00e8re. Les cellules vieillissantes se propagent et la peau fonctionne au ralenti. Les laboratoires dermatologiques Av\u00e8ne cr\u00e9ent le s\u00e9rum Hyaluron Activ B3, hautement concentr\u00e9 en acide hyaluronique pur (1,5% : haut et bas poids mol\u00e9culaire) et niacinamide (6%) pour agir sur la cause du vieillissement et prolonger la vie des cellules. Gr\u00e2ce \u00e0 sa formule minimaliste contenant uniquement 8 ingr\u00e9dients, ce s\u00e9rum apporte un effet tenseur d\u00e8s 15 jours. D\u00e8s 15 jours, la peau est repulp\u00e9e, plus ferme et plus \u00e9lastique: v\u00e9ritable efficacit\u00e9 \u00e0 l&rsquo;\u00e9tat pur. Test\u00e9 sur peaux sensibles, ce soin sans parfum est adapt\u00e9 \u00e0 toutes les zones du visage, m\u00eame le contour de l&rsquo;oeil.<br \/>\nLe s\u00e9rum concentr\u00e9 repulpant Hyaluron Activ B3 est un soin \u00e9co-con\u00e7u contenant 94% d&rsquo;ingr\u00e9dients d&rsquo;origine naturelle , sans ingr\u00e9dients d\u2019origine animale, dans un flacon pipette en verre recyclable.<\/p>\n<p>CONSEILS D&rsquo;UTILISATION:<\/p>\n<p>Appliquer 1 \u00e0 2 gouttes sur le visage, contour des yeux, cou et d\u00e9collet\u00e9, le matin et\/ou le soir, seul ou avant votre soin.<\/p>","protected":false},"excerpt":{"rendered":"<p>Le s\u00e9rum concentr\u00e9 en acide hyaluronique pur (1,5%) et niacinamide (6%) pour agir sur la cause du vieillissement. La peau est plus&hellip;<\/p>","protected":false},"featured_media":17536,"comment_status":"open","ping_status":"closed","template":"","meta":[],"product_cat":[83],"product_tag":[],"yith_product_brand":[100],"class_list":{"0":"post-17537","1":"product","2":"type-product","3":"status-publish","4":"has-post-thumbnail","6":"product_cat-soins-visage","7":"yith_product_brand-avene","9":"first","10":"instock","11":"sale","12":"shipping-taxable","13":"purchasable","14":"product-type-simple"},"_links":{"self":[{"href":"https:\/\/parapharmacieenligne.ma\/en\/wp-json\/wp\/v2\/product\/17537","targetHints":{"allow":["GET"]}}],"collection":[{"href":"https:\/\/parapharmacieenligne.ma\/en\/wp-json\/wp\/v2\/product"}],"about":[{"href":"https:\/\/parapharmacieenligne.ma\/en\/wp-json\/wp\/v2\/types\/product"}],"replies":[{"embeddable":true,"href":"https:\/\/parapharmacieenligne.ma\/en\/wp-json\/wp\/v2\/comments?post=17537"}],"version-history":[{"count":1,"href":"https:\/\/parapharmacieenligne.ma\/en\/wp-json\/wp\/v2\/product\/17537\/revisions"}],"predecessor-version":[{"id":17538,"href":"https:\/\/parapharmacieenligne.ma\/en\/wp-json\/wp\/v2\/product\/17537\/revisions\/17538"}],"wp:featuredmedia":[{"embeddable":true,"href":"https:\/\/parapharmacieenligne.ma\/en\/wp-json\/wp\/v2\/media\/17536"}],"wp:attachment":[{"href":"https:\/\/parapharmacieenligne.ma\/en\/wp-json\/wp\/v2\/media?parent=17537"}],"wp:term":[{"taxonomy":"product_cat","embeddable":true,"href":"https:\/\/parapharmacieenligne.ma\/en\/wp-json\/wp\/v2\/product_cat?post=17537"},{"taxonomy":"product_tag","embeddable":true,"href":"https:\/\/parapharmacieenligne.ma\/en\/wp-json\/wp\/v2\/product_tag?post=17537"},{"taxonomy":"yith_product_brand","embeddable":true,"href":"https:\/\/parapharmacieenligne.ma\/en\/wp-json\/wp\/v2\/yith_product_brand?post=17537"}],"curies":[{"name":"wp","href":"https:\/\/api.w.org\/{rel}","templated":true}]}}