{"id":17555,"date":"2026-03-11T22:49:21","date_gmt":"2026-03-11T21:49:21","guid":{"rendered":"https:\/\/parapharmacieenligne.ma\/?post_type=product&#038;p=17555"},"modified":"2026-03-31T22:38:40","modified_gmt":"2026-03-31T20:38:40","slug":"avene-cleanance-soin-matifiant-40-ml","status":"publish","type":"product","link":"https:\/\/parapharmacieenligne.ma\/en\/product\/avene-cleanance-soin-matifiant-40-ml\/","title":{"rendered":"AVENE CLEANANCE SOIN MATIFIANT 40 ML"},"content":{"rendered":"<p>Cleanance Soin matifiant est un soin quotidien qui r\u00e9duit l&rsquo;exc\u00e8s de s\u00e9bum et apporte aux peaux grasses confort et hydratation &#8211; sans brillance &#8211; pendant 24h*. La peau, douce au toucher, est matifi\u00e9e durant 6h. La brillance est r\u00e9duite imm\u00e9diatement et durablement. Sa texture mate et non collante, formul\u00e9e \u00e0 l\u2019aide d\u2019une s\u00e9lection rigoureuse de poudres matifiantes, d\u2019agents hydratants et de la Comedoclastin\u2122, actif v\u00e9g\u00e9tal extrait des graines de Chardon-Marie s\u00e9bo-r\u00e9ducteur, garantit une efficacit\u00e9 imm\u00e9diate et durable. Un soin est respectueux des peaux sensibles, gr\u00e2ce \u00e0 l\u2019Eau thermale d&rsquo;Av\u00e8ne qui restitue toutes ses propri\u00e9t\u00e9s apaisantes et adoucissantes. Cleanance Soin matifiant constitue \u00e9galement une bonne base de maquillage.<\/p>\n<p>Les bienfaits :<\/p>\n<p>\u2022 MATIFIE : R\u00e9duit l\u2019exc\u00e8s de s\u00e9bum et la brillance.<br \/>\n\u2022 HYDRATE les peaux grasses.<br \/>\n\u2022 APAISE gr\u00e2ce \u00e0 l&rsquo;Eau thermale d&rsquo;Av\u00e8ne.<\/p>\n<p>Conseils d&rsquo;utilisation:<\/p>\n<p>Appliquez matin et soir une noisette de Cleanance soin matifiant sur le bout de vos doigts et la faire p\u00e9n\u00e9trer en massage doux du bout de vos doigts.<\/p>","protected":false},"excerpt":{"rendered":"<p>Cleanance Soin matifiant est un soin quotidien qui r\u00e9duit l&rsquo;exc\u00e8s de s\u00e9bum et apporte aux peaux grasses confort et hydratation &#8211; sans&hellip;<\/p>","protected":false},"featured_media":17554,"comment_status":"open","ping_status":"closed","template":"","meta":[],"product_cat":[206,83],"product_tag":[],"yith_product_brand":[100],"class_list":{"0":"post-17555","1":"product","2":"type-product","3":"status-publish","4":"has-post-thumbnail","6":"product_cat-acne","7":"product_cat-soins-visage","8":"yith_product_brand-avene","10":"first","11":"instock","12":"sale","13":"shipping-taxable","14":"purchasable","15":"product-type-simple"},"_links":{"self":[{"href":"https:\/\/parapharmacieenligne.ma\/en\/wp-json\/wp\/v2\/product\/17555","targetHints":{"allow":["GET"]}}],"collection":[{"href":"https:\/\/parapharmacieenligne.ma\/en\/wp-json\/wp\/v2\/product"}],"about":[{"href":"https:\/\/parapharmacieenligne.ma\/en\/wp-json\/wp\/v2\/types\/product"}],"replies":[{"embeddable":true,"href":"https:\/\/parapharmacieenligne.ma\/en\/wp-json\/wp\/v2\/comments?post=17555"}],"version-history":[{"count":1,"href":"https:\/\/parapharmacieenligne.ma\/en\/wp-json\/wp\/v2\/product\/17555\/revisions"}],"predecessor-version":[{"id":17556,"href":"https:\/\/parapharmacieenligne.ma\/en\/wp-json\/wp\/v2\/product\/17555\/revisions\/17556"}],"wp:featuredmedia":[{"embeddable":true,"href":"https:\/\/parapharmacieenligne.ma\/en\/wp-json\/wp\/v2\/media\/17554"}],"wp:attachment":[{"href":"https:\/\/parapharmacieenligne.ma\/en\/wp-json\/wp\/v2\/media?parent=17555"}],"wp:term":[{"taxonomy":"product_cat","embeddable":true,"href":"https:\/\/parapharmacieenligne.ma\/en\/wp-json\/wp\/v2\/product_cat?post=17555"},{"taxonomy":"product_tag","embeddable":true,"href":"https:\/\/parapharmacieenligne.ma\/en\/wp-json\/wp\/v2\/product_tag?post=17555"},{"taxonomy":"yith_product_brand","embeddable":true,"href":"https:\/\/parapharmacieenligne.ma\/en\/wp-json\/wp\/v2\/yith_product_brand?post=17555"}],"curies":[{"name":"wp","href":"https:\/\/api.w.org\/{rel}","templated":true}]}}