{"id":17579,"date":"2026-03-11T22:52:39","date_gmt":"2026-03-11T21:52:39","guid":{"rendered":"https:\/\/parapharmacieenligne.ma\/?post_type=product&#038;p=17579"},"modified":"2026-03-11T22:52:44","modified_gmt":"2026-03-11T21:52:44","slug":"avene-cleanance-gel-nettoyant-400-ml","status":"publish","type":"product","link":"https:\/\/parapharmacieenligne.ma\/en\/product\/avene-cleanance-gel-nettoyant-400-ml\/","title":{"rendered":"AVENE CLEANANCE GEL NETTOYANT 400 ML"},"content":{"rendered":"<p>Sa formule innovante associe des actifs tri-fonctionnels pour r\u00e9pondre aux besoins sp\u00e9cifiques des peaux \u00e0 imperfections. La base lavante douce nettoie efficacement sans agresser la peau, tandis que le Comedoclastin\u2122, un actif v\u00e9g\u00e9tal brevet\u00e9 issu des graines de chardon-marie, r\u00e9gule la production de s\u00e9bum et r\u00e9duit l\u2019apparition des imperfections. L\u2019ajout de l\u2019Eau thermale d\u2019Av\u00e8ne, aux propri\u00e9t\u00e9s apaisantes et anti-irritantes, offre un confort imm\u00e9diat et limite les rougeurs et irritations.<\/p>\n<p>Ce gel nettoyant a un pH physiologique, est formul\u00e9 sans savon et pr\u00e9sente une tol\u00e9rance cutan\u00e9e \u00e9lev\u00e9e, ce qui le rend adapt\u00e9 m\u00eame aux porteurs de lentilles et aux peaux les plus sensibles. Sa formule biod\u00e9gradable respecte \u00e9galement l\u2019environnement, combinant efficacit\u00e9, douceur et responsabilit\u00e9 \u00e9cologique.<\/p>\n<p>Avec le Cleanance Gel Nettoyant, la peau retrouve son \u00e9quilibre naturel : l\u2019exc\u00e8s de s\u00e9bum est r\u00e9duit, les zones brillantes sont matifi\u00e9es et les imperfections sont progressivement att\u00e9nu\u00e9es. L\u2019utilisation r\u00e9guli\u00e8re contribue \u00e0 une peau plus nette, purifi\u00e9e et visiblement saine, tout en offrant une base id\u00e9ale pour vos soins compl\u00e9mentaires. Que ce soit pour le visage ou le corps, il repr\u00e9sente un alli\u00e9 quotidien pour un teint clair et confortable, adapt\u00e9 aux adolescents comme aux adultes.<\/p>\n<p>Conseils d&rsquo;utilisation:<br \/>\nAppliquer matin et soir sur peau humide.<\/p>\n<p>Faire mousser d\u00e9licatement sur le visage et\/ou le corps.<\/p>\n<p>Rincer abondamment \u00e0 l\u2019eau ti\u00e8de.<\/p>\n<p>\u00c9viter le contact direct avec les yeux.<\/p>\n<p>Peut \u00eatre utilis\u00e9 sur les peaux sensibles et les porteurs de lentilles.<\/p>\n<p>Composition:<br \/>\nEAU THERMALE D&rsquo;AV\u00c8NE (AV\u00c8NE AQUA). EAU (AQUA). SULFATE DE COCETH DE ZINC. LAURYL B\u00c9TA\u00cfNE. D\u00c9CYL GLUCOSIDE. CETEARETH-60. MYRISTYL GLYCOL. PEG-7 GLYCERYL COCOATE. POLYSORBATE 20. ACIDE CITRIQUE. PARFUM. VERT 5 (CI 61570). ALCOOL ISOPROPYLIQUE. HUILE DE RICIN HYDROG\u00c9N\u00c9E PEG-40. PEG-6. PPG-26-BUTETH-26. EXTRAIT DE FRUIT DE SILYBUM MARIANUM. BENZOATE DE SODIUM. CHLORURE DE SODIUM. HYDROXYDE DE SODIUM. DISUCCINATE D&rsquo;\u00c9THYL\u00c8NEDIAMINE TRISODIQUE. JAUNE 5 (CI 19140). GLUCONATE DE ZINC<\/p>","protected":false},"excerpt":{"rendered":"<p>Sa formule innovante associe des actifs tri-fonctionnels pour r\u00e9pondre aux besoins sp\u00e9cifiques des peaux \u00e0 imperfections. La base lavante douce nettoie efficacement&hellip;<\/p>","protected":false},"featured_media":17578,"comment_status":"open","ping_status":"closed","template":"","meta":[],"product_cat":[83],"product_tag":[],"yith_product_brand":[100],"class_list":{"0":"post-17579","1":"product","2":"type-product","3":"status-publish","4":"has-post-thumbnail","6":"product_cat-soins-visage","7":"yith_product_brand-avene","9":"first","10":"instock","11":"sale","12":"shipping-taxable","13":"purchasable","14":"product-type-simple"},"_links":{"self":[{"href":"https:\/\/parapharmacieenligne.ma\/en\/wp-json\/wp\/v2\/product\/17579","targetHints":{"allow":["GET"]}}],"collection":[{"href":"https:\/\/parapharmacieenligne.ma\/en\/wp-json\/wp\/v2\/product"}],"about":[{"href":"https:\/\/parapharmacieenligne.ma\/en\/wp-json\/wp\/v2\/types\/product"}],"replies":[{"embeddable":true,"href":"https:\/\/parapharmacieenligne.ma\/en\/wp-json\/wp\/v2\/comments?post=17579"}],"version-history":[{"count":1,"href":"https:\/\/parapharmacieenligne.ma\/en\/wp-json\/wp\/v2\/product\/17579\/revisions"}],"predecessor-version":[{"id":17580,"href":"https:\/\/parapharmacieenligne.ma\/en\/wp-json\/wp\/v2\/product\/17579\/revisions\/17580"}],"wp:featuredmedia":[{"embeddable":true,"href":"https:\/\/parapharmacieenligne.ma\/en\/wp-json\/wp\/v2\/media\/17578"}],"wp:attachment":[{"href":"https:\/\/parapharmacieenligne.ma\/en\/wp-json\/wp\/v2\/media?parent=17579"}],"wp:term":[{"taxonomy":"product_cat","embeddable":true,"href":"https:\/\/parapharmacieenligne.ma\/en\/wp-json\/wp\/v2\/product_cat?post=17579"},{"taxonomy":"product_tag","embeddable":true,"href":"https:\/\/parapharmacieenligne.ma\/en\/wp-json\/wp\/v2\/product_tag?post=17579"},{"taxonomy":"yith_product_brand","embeddable":true,"href":"https:\/\/parapharmacieenligne.ma\/en\/wp-json\/wp\/v2\/yith_product_brand?post=17579"}],"curies":[{"name":"wp","href":"https:\/\/api.w.org\/{rel}","templated":true}]}}