{"id":17611,"date":"2026-03-11T23:19:11","date_gmt":"2026-03-11T22:19:11","guid":{"rendered":"https:\/\/parapharmacieenligne.ma\/?post_type=product&#038;p=17611"},"modified":"2026-03-31T10:48:42","modified_gmt":"2026-03-31T08:48:42","slug":"ducray-keracnyl-serum-30-ml","status":"publish","type":"product","link":"https:\/\/parapharmacieenligne.ma\/en\/product\/ducray-keracnyl-serum-30-ml\/","title":{"rendered":"DUCRAY KERACNYL SERUM 30 ML"},"content":{"rendered":"<p>Le s\u00e9rum KERACNYL est un soin quotidien anti-imperfections et anti-\u00e2ge \u00e0 destination des peaux \u00e0 tendance acn\u00e9ique de la femme adulte \u2022 Sa formule triple action favorise la disparition des boutons et des marques pigmentaires tout en limitant l&rsquo;apparition des premi\u00e8res rides \u2022 Au fil de l&rsquo;utilisation, la peau para\u00eet plus lisse, plus nette et les imperfections s&rsquo;att\u00e9nuent\u2022 Excellente base de maquillage pour les peaux adultes sujettes aux imperfections<\/p>\n<p>Conseils d&rsquo;utilisation:<\/p>\n<p>Appliquer sur tout le visage matin et soir<\/p>","protected":false},"excerpt":{"rendered":"<p>Le s\u00e9rum KERACNYL est un soin quotidien anti-imperfections et anti-\u00e2ge \u00e0 destination des peaux \u00e0 tendance acn\u00e9ique de la femme adulte \u2022&hellip;<\/p>","protected":false},"featured_media":17610,"comment_status":"open","ping_status":"closed","template":"","meta":[],"product_cat":[206,83],"product_tag":[],"yith_product_brand":[164],"class_list":{"0":"post-17611","1":"product","2":"type-product","3":"status-publish","4":"has-post-thumbnail","6":"product_cat-acne","7":"product_cat-soins-visage","8":"yith_product_brand-ducray","10":"first","11":"instock","12":"sale","13":"shipping-taxable","14":"purchasable","15":"product-type-simple"},"_links":{"self":[{"href":"https:\/\/parapharmacieenligne.ma\/en\/wp-json\/wp\/v2\/product\/17611","targetHints":{"allow":["GET"]}}],"collection":[{"href":"https:\/\/parapharmacieenligne.ma\/en\/wp-json\/wp\/v2\/product"}],"about":[{"href":"https:\/\/parapharmacieenligne.ma\/en\/wp-json\/wp\/v2\/types\/product"}],"replies":[{"embeddable":true,"href":"https:\/\/parapharmacieenligne.ma\/en\/wp-json\/wp\/v2\/comments?post=17611"}],"version-history":[{"count":1,"href":"https:\/\/parapharmacieenligne.ma\/en\/wp-json\/wp\/v2\/product\/17611\/revisions"}],"predecessor-version":[{"id":17612,"href":"https:\/\/parapharmacieenligne.ma\/en\/wp-json\/wp\/v2\/product\/17611\/revisions\/17612"}],"wp:featuredmedia":[{"embeddable":true,"href":"https:\/\/parapharmacieenligne.ma\/en\/wp-json\/wp\/v2\/media\/17610"}],"wp:attachment":[{"href":"https:\/\/parapharmacieenligne.ma\/en\/wp-json\/wp\/v2\/media?parent=17611"}],"wp:term":[{"taxonomy":"product_cat","embeddable":true,"href":"https:\/\/parapharmacieenligne.ma\/en\/wp-json\/wp\/v2\/product_cat?post=17611"},{"taxonomy":"product_tag","embeddable":true,"href":"https:\/\/parapharmacieenligne.ma\/en\/wp-json\/wp\/v2\/product_tag?post=17611"},{"taxonomy":"yith_product_brand","embeddable":true,"href":"https:\/\/parapharmacieenligne.ma\/en\/wp-json\/wp\/v2\/yith_product_brand?post=17611"}],"curies":[{"name":"wp","href":"https:\/\/api.w.org\/{rel}","templated":true}]}}