{"id":17617,"date":"2026-03-11T23:19:50","date_gmt":"2026-03-11T22:19:50","guid":{"rendered":"https:\/\/parapharmacieenligne.ma\/?post_type=product&#038;p=17617"},"modified":"2026-04-07T17:00:41","modified_gmt":"2026-04-07T15:00:41","slug":"ducray-melascreen-fluide-anti-taches-protecteur-spf-50","status":"publish","type":"product","link":"https:\/\/parapharmacieenligne.ma\/en\/product\/ducray-melascreen-fluide-anti-taches-protecteur-spf-50\/","title":{"rendered":"DUCRAY MELASCREEN FLUIDE ANTI TACHES PROTECTEUR SPF 50+"},"content":{"rendered":"<p>Le fluide antitaches protecteur SPF50+ MELASCREEN est le 1er fluide antitaches quotidien tr\u00e8s haute protection qui pr\u00e9vient et r\u00e9duit l\u2019apparence des taches brunes, tout en prot\u00e9geant la peau contre les UVB, les UVA courts et longs, la lumi\u00e8re bleue et les effets d\u00e9l\u00e9t\u00e8res de la pollution.<br \/>\nIndispensable au quotidien, ce soin innovant poss\u00e8de une double efficacit\u00e9 d\u00e9montr\u00e9e sur les taches brunes et \u00e9galement sur le vieillissement cutan\u00e9 :<br \/>\nL\u2019ACIDE AZELA\u00cfQUE reconnu pour r\u00e9duire les taches brunes install\u00e9es tout en d\u00e9livrant une action antioxydante prot\u00e9geant la peau du stress oxydatif.<br \/>\nLe filtre solaire brevet\u00e9 TRIASORB\u2122 offre une tr\u00e8s haute protection SPF50+ \u00e0 ultra large spectre prot\u00e9geant la peau des m\u00e9faits des rayonnement UVB\/UVA et de la lumi\u00e8re bleue jusqu\u2019\u00e0 450 nm.<br \/>\nUn fluide sans parfum au \u201ctoucher sec\u201d et \u00e0 la texture l\u00e9g\u00e8re alliant hydratation et fini invisible sur toutes les couleurs de peau. Excellente base de maquillage et r\u00e9sistant \u00e0 l\u2019eau, il est parfaitement adapt\u00e9 pour une utilisation au quotidien des peaux normales \u00e0 mixtes.<br \/>\nFormule de bonne tol\u00e9rance qui convient aux femmes enceintes ou allaitantes. Non com\u00e9dog\u00e8ne et d\u00e9velopp\u00e9 pour minimiser les risques allergiques.<\/p>\n<p>CONSEILS D&rsquo;UTILISATION:<\/p>\n<p> Renouvelez fr\u00e9quemment pour maintenir la protection, surtout apr\u00e8s vous \u00eatre baign\u00e9 ou essuy\u00e9 et avoir transpir\u00e9.<\/p>","protected":false},"excerpt":{"rendered":"<p>Le fluide antitaches protecteur SPF50+ MELASCREEN est le 1er fluide antitaches quotidien tr\u00e8s haute protection qui pr\u00e9vient et r\u00e9duit l\u2019apparence des taches&hellip;<\/p>","protected":false},"featured_media":17616,"comment_status":"open","ping_status":"closed","template":"","meta":[],"product_cat":[208,86],"product_tag":[],"yith_product_brand":[164],"class_list":{"0":"post-17617","1":"product","2":"type-product","3":"status-publish","4":"has-post-thumbnail","6":"product_cat-anti-taches","7":"product_cat-protection-solaire","8":"yith_product_brand-ducray","10":"first","11":"instock","12":"sale","13":"shipping-taxable","14":"purchasable","15":"product-type-simple"},"_links":{"self":[{"href":"https:\/\/parapharmacieenligne.ma\/en\/wp-json\/wp\/v2\/product\/17617","targetHints":{"allow":["GET"]}}],"collection":[{"href":"https:\/\/parapharmacieenligne.ma\/en\/wp-json\/wp\/v2\/product"}],"about":[{"href":"https:\/\/parapharmacieenligne.ma\/en\/wp-json\/wp\/v2\/types\/product"}],"replies":[{"embeddable":true,"href":"https:\/\/parapharmacieenligne.ma\/en\/wp-json\/wp\/v2\/comments?post=17617"}],"version-history":[{"count":1,"href":"https:\/\/parapharmacieenligne.ma\/en\/wp-json\/wp\/v2\/product\/17617\/revisions"}],"predecessor-version":[{"id":17618,"href":"https:\/\/parapharmacieenligne.ma\/en\/wp-json\/wp\/v2\/product\/17617\/revisions\/17618"}],"wp:featuredmedia":[{"embeddable":true,"href":"https:\/\/parapharmacieenligne.ma\/en\/wp-json\/wp\/v2\/media\/17616"}],"wp:attachment":[{"href":"https:\/\/parapharmacieenligne.ma\/en\/wp-json\/wp\/v2\/media?parent=17617"}],"wp:term":[{"taxonomy":"product_cat","embeddable":true,"href":"https:\/\/parapharmacieenligne.ma\/en\/wp-json\/wp\/v2\/product_cat?post=17617"},{"taxonomy":"product_tag","embeddable":true,"href":"https:\/\/parapharmacieenligne.ma\/en\/wp-json\/wp\/v2\/product_tag?post=17617"},{"taxonomy":"yith_product_brand","embeddable":true,"href":"https:\/\/parapharmacieenligne.ma\/en\/wp-json\/wp\/v2\/yith_product_brand?post=17617"}],"curies":[{"name":"wp","href":"https:\/\/api.w.org\/{rel}","templated":true}]}}