{"id":17626,"date":"2026-03-11T23:20:39","date_gmt":"2026-03-11T22:20:39","guid":{"rendered":"https:\/\/parapharmacieenligne.ma\/?post_type=product&#038;p=17626"},"modified":"2026-03-11T23:20:48","modified_gmt":"2026-03-11T22:20:48","slug":"ducray-kertyol-pso-shampoing-traitant-200-ml","status":"publish","type":"product","link":"https:\/\/parapharmacieenligne.ma\/en\/product\/ducray-kertyol-pso-shampoing-traitant-200-ml\/","title":{"rendered":"DUCRAY KERTYOL PSO SHAMPOING TRAITANT 200 ML"},"content":{"rendered":"<p>Le shampooing traitant r\u00e9\u00e9quilibrant KERTYOL PSO est un soin d&rsquo;accompagnement des cuirs chevelus \u00e0 tendance psoriasique \u2022 Il s&rsquo;utilise d\u00e8s l&rsquo;apparition des plaques qu&rsquo;en entretien \u2022 Il apaise le cuir chevelu, favorise la disparition des plaques et en limite la re\u0301apparition<\/p>\n<p>Conseils d&rsquo;utilisation:<\/p>\n<p>\u2022 Appliquer sur cheveux humides<br \/>\n\u2022 Masser d\u00e9licatement et rincer<br \/>\n\u2022 Renouveler l&rsquo;application, laisser poser 2 \u00e0 3 minutes puis rincer abondamment<br \/>\n\u2022 En phase d&rsquo;attaque : 3 shampooings par semaine pendant 4 semaines<br \/>\n\u2022 En phase d&rsquo;entretien : 1 shampooing par semaine, en alternance avec le shampoing doux<\/p>","protected":false},"excerpt":{"rendered":"<p>Le shampooing traitant r\u00e9\u00e9quilibrant KERTYOL PSO est un soin d&rsquo;accompagnement des cuirs chevelus \u00e0 tendance psoriasique \u2022 Il s&rsquo;utilise d\u00e8s l&rsquo;apparition des&hellip;<\/p>","protected":false},"featured_media":17625,"comment_status":"open","ping_status":"closed","template":"","meta":[],"product_cat":[84],"product_tag":[],"yith_product_brand":[164],"class_list":{"0":"post-17626","1":"product","2":"type-product","3":"status-publish","4":"has-post-thumbnail","6":"product_cat-soins-cheveux","7":"yith_product_brand-ducray","9":"first","10":"instock","11":"sale","12":"shipping-taxable","13":"purchasable","14":"product-type-simple"},"_links":{"self":[{"href":"https:\/\/parapharmacieenligne.ma\/en\/wp-json\/wp\/v2\/product\/17626","targetHints":{"allow":["GET"]}}],"collection":[{"href":"https:\/\/parapharmacieenligne.ma\/en\/wp-json\/wp\/v2\/product"}],"about":[{"href":"https:\/\/parapharmacieenligne.ma\/en\/wp-json\/wp\/v2\/types\/product"}],"replies":[{"embeddable":true,"href":"https:\/\/parapharmacieenligne.ma\/en\/wp-json\/wp\/v2\/comments?post=17626"}],"version-history":[{"count":1,"href":"https:\/\/parapharmacieenligne.ma\/en\/wp-json\/wp\/v2\/product\/17626\/revisions"}],"predecessor-version":[{"id":17627,"href":"https:\/\/parapharmacieenligne.ma\/en\/wp-json\/wp\/v2\/product\/17626\/revisions\/17627"}],"wp:featuredmedia":[{"embeddable":true,"href":"https:\/\/parapharmacieenligne.ma\/en\/wp-json\/wp\/v2\/media\/17625"}],"wp:attachment":[{"href":"https:\/\/parapharmacieenligne.ma\/en\/wp-json\/wp\/v2\/media?parent=17626"}],"wp:term":[{"taxonomy":"product_cat","embeddable":true,"href":"https:\/\/parapharmacieenligne.ma\/en\/wp-json\/wp\/v2\/product_cat?post=17626"},{"taxonomy":"product_tag","embeddable":true,"href":"https:\/\/parapharmacieenligne.ma\/en\/wp-json\/wp\/v2\/product_tag?post=17626"},{"taxonomy":"yith_product_brand","embeddable":true,"href":"https:\/\/parapharmacieenligne.ma\/en\/wp-json\/wp\/v2\/yith_product_brand?post=17626"}],"curies":[{"name":"wp","href":"https:\/\/api.w.org\/{rel}","templated":true}]}}