{"id":17629,"date":"2026-03-11T23:20:56","date_gmt":"2026-03-11T22:20:56","guid":{"rendered":"https:\/\/parapharmacieenligne.ma\/?post_type=product&#038;p=17629"},"modified":"2026-03-11T23:21:09","modified_gmt":"2026-03-11T22:21:09","slug":"ducray-shampooing-extra-doux-400-ml","status":"publish","type":"product","link":"https:\/\/parapharmacieenligne.ma\/en\/product\/ducray-shampooing-extra-doux-400-ml\/","title":{"rendered":"DUCRAY SHAMPOOING EXTRA DOUX 400 ML"},"content":{"rendered":"<p>Le shampooing dermo-protecteur EXTRA-DOUX, au parfum hypoallerg\u00e9nique, lave en douceur les cheveux de toute la famille\u2022 Sa formule minimaliste et biod\u00e9gradable est compos\u00e9e de 11 ingr\u00e9dients \u00e0 91% d&rsquo;origine naturelle\u2022 Il respecte l&rsquo;\u00e9quilibre du cuir chevelu et ne pique pas les yeux\u2022 Sans colorant ni silicone, il offre aux cheveux hydratation, brillance et souplesse pour un usage fr\u00e9quent\u2022 Engag\u00e9 aupr\u00e8s de l&rsquo;environnement, il se pr\u00e9sente sous forme d&rsquo;un flacon en 100% PET recycl\u00e9 et recyclable<\/p>\n<p>Conseils d&rsquo;utilisation:<\/p>\n<p>\u2022 Appliquer sur cheveux mouill\u00e9s<br \/>\n\u2022 Faire mousser<br \/>\n\u2022 Rincer<br \/>\n\u2022 Renouveler l&rsquo;application<\/p>","protected":false},"excerpt":{"rendered":"<p>Le shampooing dermo-protecteur EXTRA-DOUX, au parfum hypoallerg\u00e9nique, lave en douceur les cheveux de toute la famille\u2022 Sa formule minimaliste et biod\u00e9gradable est&hellip;<\/p>","protected":false},"featured_media":17628,"comment_status":"open","ping_status":"closed","template":"","meta":[],"product_cat":[84],"product_tag":[],"yith_product_brand":[164],"class_list":{"0":"post-17629","1":"product","2":"type-product","3":"status-publish","4":"has-post-thumbnail","6":"product_cat-soins-cheveux","7":"yith_product_brand-ducray","9":"first","10":"instock","11":"sale","12":"shipping-taxable","13":"purchasable","14":"product-type-simple"},"_links":{"self":[{"href":"https:\/\/parapharmacieenligne.ma\/en\/wp-json\/wp\/v2\/product\/17629","targetHints":{"allow":["GET"]}}],"collection":[{"href":"https:\/\/parapharmacieenligne.ma\/en\/wp-json\/wp\/v2\/product"}],"about":[{"href":"https:\/\/parapharmacieenligne.ma\/en\/wp-json\/wp\/v2\/types\/product"}],"replies":[{"embeddable":true,"href":"https:\/\/parapharmacieenligne.ma\/en\/wp-json\/wp\/v2\/comments?post=17629"}],"version-history":[{"count":1,"href":"https:\/\/parapharmacieenligne.ma\/en\/wp-json\/wp\/v2\/product\/17629\/revisions"}],"predecessor-version":[{"id":17630,"href":"https:\/\/parapharmacieenligne.ma\/en\/wp-json\/wp\/v2\/product\/17629\/revisions\/17630"}],"wp:featuredmedia":[{"embeddable":true,"href":"https:\/\/parapharmacieenligne.ma\/en\/wp-json\/wp\/v2\/media\/17628"}],"wp:attachment":[{"href":"https:\/\/parapharmacieenligne.ma\/en\/wp-json\/wp\/v2\/media?parent=17629"}],"wp:term":[{"taxonomy":"product_cat","embeddable":true,"href":"https:\/\/parapharmacieenligne.ma\/en\/wp-json\/wp\/v2\/product_cat?post=17629"},{"taxonomy":"product_tag","embeddable":true,"href":"https:\/\/parapharmacieenligne.ma\/en\/wp-json\/wp\/v2\/product_tag?post=17629"},{"taxonomy":"yith_product_brand","embeddable":true,"href":"https:\/\/parapharmacieenligne.ma\/en\/wp-json\/wp\/v2\/yith_product_brand?post=17629"}],"curies":[{"name":"wp","href":"https:\/\/api.w.org\/{rel}","templated":true}]}}