{"id":17632,"date":"2026-03-11T23:21:23","date_gmt":"2026-03-11T22:21:23","guid":{"rendered":"https:\/\/parapharmacieenligne.ma\/?post_type=product&#038;p=17632"},"modified":"2026-03-11T23:21:30","modified_gmt":"2026-03-11T22:21:30","slug":"ducray-kelual-squanorm-shampooing-traitant-hydratant-pellicules-seches-200-ml","status":"publish","type":"product","link":"https:\/\/parapharmacieenligne.ma\/en\/product\/ducray-kelual-squanorm-shampooing-traitant-hydratant-pellicules-seches-200-ml\/","title":{"rendered":"DUCRAY KELUAL SQUANORM SHAMPOOING TRAITANT HYDRATANT PELLICULES SECHES 200 ML"},"content":{"rendered":"<p>DUCRAY, expert en dermatologie capillaire, a con\u00e7u ce shampooing pour une efficacit\u00e9 prouv\u00e9e et des bienfaits profonds :<\/p>\n<p>Une Efficacit\u00e9 R\u00e9volutionnaire Contre les Pellicules : La force de ce shampooing r\u00e9side dans sa technologie innovante PROBIOTIC-SCIENCE. Cette formule unique permet d&rsquo;\u00e9liminer en douceur 100% des pellicules visibles d\u00e8s la premi\u00e8re application*, vous offrant un r\u00e9sultat imm\u00e9diat et rassurant. Mieux encore, elle pr\u00e9vient leur r\u00e9apparition avec une efficacit\u00e9 anti-r\u00e9cidive pendant 2 mois apr\u00e8s le traitement, pour une tranquillit\u00e9 d&rsquo;esprit prolong\u00e9e. C&rsquo;est l&rsquo;alli\u00e9 id\u00e9al pour retrouver un cuir chevelu sain et en pleine forme.<\/p>\n<p>Hydratation et Confort Imm\u00e9diats : Contrairement aux shampooings antipelliculaires traditionnels qui peuvent dess\u00e9cher, KELUAL SQUANORM est sp\u00e9cifiquement formul\u00e9 pour les pellicules s\u00e8ches. Il hydrate le cuir chevelu et maintient l&rsquo;int\u00e9grit\u00e9 de sa barri\u00e8re protectrice d\u00e8s la premi\u00e8re utilisation. En seulement 6 shampooings, votre cuir chevelu est sain, hydrat\u00e9 et confortable, et les sensations de tiraillement et les d\u00e9mangeaisons sont soulag\u00e9es. C&rsquo;est un soin qui traite et apaise en m\u00eame temps.<\/p>\n<p>Des Cheveux Sublime en Compl\u00e9ment : Au-del\u00e0 de son action traitante, ce shampooing prend \u00e9galement soin de vos cheveux. Il leur conf\u00e8re imm\u00e9diatement souplesse, brillance et douceur. Vous obtenez ainsi un double b\u00e9n\u00e9fice : un cuir chevelu sain et des cheveux magnifiques, pour une chevelure qui rayonne de vitalit\u00e9 de la racine aux pointes.<\/p>\n<p>Le Geste Quotidien pour une Chevelure \u00c9clatante : Avec son format pratique de 200ml, ce shampooing est l&rsquo;alli\u00e9 id\u00e9al de votre routine de soin. Il s&rsquo;int\u00e8gre harmonieusement \u00e0 votre quotidien, apportant une solution efficace et douce pour un probl\u00e8me courant. C&rsquo;est le secret d&rsquo;une chevelure sans d\u00e9faut, pour une confiance retrouv\u00e9e.<\/p>\n<p>Conseils d&rsquo;utilisation :<\/p>\n<p>Utilisez ce shampooing 2 \u00e0 3 fois par semaine pendant 2 semaines.<\/p>","protected":false},"excerpt":{"rendered":"<p>DUCRAY, expert en dermatologie capillaire, a con\u00e7u ce shampooing pour une efficacit\u00e9 prouv\u00e9e et des bienfaits profonds : Une Efficacit\u00e9 R\u00e9volutionnaire Contre&hellip;<\/p>","protected":false},"featured_media":17631,"comment_status":"open","ping_status":"closed","template":"","meta":[],"product_cat":[84],"product_tag":[],"yith_product_brand":[164],"class_list":{"0":"post-17632","1":"product","2":"type-product","3":"status-publish","4":"has-post-thumbnail","6":"product_cat-soins-cheveux","7":"yith_product_brand-ducray","9":"first","10":"instock","11":"sale","12":"shipping-taxable","13":"purchasable","14":"product-type-simple"},"_links":{"self":[{"href":"https:\/\/parapharmacieenligne.ma\/en\/wp-json\/wp\/v2\/product\/17632","targetHints":{"allow":["GET"]}}],"collection":[{"href":"https:\/\/parapharmacieenligne.ma\/en\/wp-json\/wp\/v2\/product"}],"about":[{"href":"https:\/\/parapharmacieenligne.ma\/en\/wp-json\/wp\/v2\/types\/product"}],"replies":[{"embeddable":true,"href":"https:\/\/parapharmacieenligne.ma\/en\/wp-json\/wp\/v2\/comments?post=17632"}],"version-history":[{"count":1,"href":"https:\/\/parapharmacieenligne.ma\/en\/wp-json\/wp\/v2\/product\/17632\/revisions"}],"predecessor-version":[{"id":17633,"href":"https:\/\/parapharmacieenligne.ma\/en\/wp-json\/wp\/v2\/product\/17632\/revisions\/17633"}],"wp:featuredmedia":[{"embeddable":true,"href":"https:\/\/parapharmacieenligne.ma\/en\/wp-json\/wp\/v2\/media\/17631"}],"wp:attachment":[{"href":"https:\/\/parapharmacieenligne.ma\/en\/wp-json\/wp\/v2\/media?parent=17632"}],"wp:term":[{"taxonomy":"product_cat","embeddable":true,"href":"https:\/\/parapharmacieenligne.ma\/en\/wp-json\/wp\/v2\/product_cat?post=17632"},{"taxonomy":"product_tag","embeddable":true,"href":"https:\/\/parapharmacieenligne.ma\/en\/wp-json\/wp\/v2\/product_tag?post=17632"},{"taxonomy":"yith_product_brand","embeddable":true,"href":"https:\/\/parapharmacieenligne.ma\/en\/wp-json\/wp\/v2\/yith_product_brand?post=17632"}],"curies":[{"name":"wp","href":"https:\/\/api.w.org\/{rel}","templated":true}]}}