{"id":17635,"date":"2026-03-11T23:21:38","date_gmt":"2026-03-11T22:21:38","guid":{"rendered":"https:\/\/parapharmacieenligne.ma\/?post_type=product&#038;p=17635"},"modified":"2026-03-11T23:21:47","modified_gmt":"2026-03-11T22:21:47","slug":"ducray-dexyane-baume-emollient-anti-grattage-200-ml","status":"publish","type":"product","link":"https:\/\/parapharmacieenligne.ma\/en\/product\/ducray-dexyane-baume-emollient-anti-grattage-200-ml\/","title":{"rendered":"DUCRAY DEXYANE BAUME EMOLLIENT ANTI GRATTAGE 200 ML"},"content":{"rendered":"<p>Le baume \u00e9mollient anti-grattage DEXYANE est un soin pour le visage et le corps qui nourrit et apaise les peaux tr\u00e8s s\u00e8ches sujettes \u00e0 l&rsquo;ecz\u00e9ma atopique \u2022 Ce baume \u00e0 la texture innovante se transforme en huile au contact de la peau et lui procure une agr\u00e9able sensation de confort \u2022 Sa formule nourrissante contenant notamment de l&rsquo;HYDROXYD\u00c9CINE\u00ae am\u00e9liore la fonction barri\u00e8re de la peau tout en l&rsquo;hydratant intens\u00e9ment \u2022 Une texture non grasse et non collante qui facilite l&rsquo;habillage \u2022 Convient pour toute la famille, \u00e9galement pour prendre soin de la peau des nourrissons<\/p>\n<p>Conseils d&rsquo;utilisation:<\/p>\n<p>Appliquer 1 fois par jour sur les zones s\u00e8ches en massant l\u00e9g\u00e8rement jusqu\u2019\u00e0 p\u00e9n\u00e9tration compl\u00e8te du produit<\/p>","protected":false},"excerpt":{"rendered":"<p>Le baume \u00e9mollient anti-grattage DEXYANE est un soin pour le visage et le corps qui nourrit et apaise les peaux tr\u00e8s s\u00e8ches&hellip;<\/p>","protected":false},"featured_media":17634,"comment_status":"open","ping_status":"closed","template":"","meta":[],"product_cat":[83],"product_tag":[],"yith_product_brand":[164],"class_list":{"0":"post-17635","1":"product","2":"type-product","3":"status-publish","4":"has-post-thumbnail","6":"product_cat-soins-visage","7":"yith_product_brand-ducray","9":"first","10":"instock","11":"sale","12":"shipping-taxable","13":"purchasable","14":"product-type-simple"},"_links":{"self":[{"href":"https:\/\/parapharmacieenligne.ma\/en\/wp-json\/wp\/v2\/product\/17635","targetHints":{"allow":["GET"]}}],"collection":[{"href":"https:\/\/parapharmacieenligne.ma\/en\/wp-json\/wp\/v2\/product"}],"about":[{"href":"https:\/\/parapharmacieenligne.ma\/en\/wp-json\/wp\/v2\/types\/product"}],"replies":[{"embeddable":true,"href":"https:\/\/parapharmacieenligne.ma\/en\/wp-json\/wp\/v2\/comments?post=17635"}],"version-history":[{"count":1,"href":"https:\/\/parapharmacieenligne.ma\/en\/wp-json\/wp\/v2\/product\/17635\/revisions"}],"predecessor-version":[{"id":17636,"href":"https:\/\/parapharmacieenligne.ma\/en\/wp-json\/wp\/v2\/product\/17635\/revisions\/17636"}],"wp:featuredmedia":[{"embeddable":true,"href":"https:\/\/parapharmacieenligne.ma\/en\/wp-json\/wp\/v2\/media\/17634"}],"wp:attachment":[{"href":"https:\/\/parapharmacieenligne.ma\/en\/wp-json\/wp\/v2\/media?parent=17635"}],"wp:term":[{"taxonomy":"product_cat","embeddable":true,"href":"https:\/\/parapharmacieenligne.ma\/en\/wp-json\/wp\/v2\/product_cat?post=17635"},{"taxonomy":"product_tag","embeddable":true,"href":"https:\/\/parapharmacieenligne.ma\/en\/wp-json\/wp\/v2\/product_tag?post=17635"},{"taxonomy":"yith_product_brand","embeddable":true,"href":"https:\/\/parapharmacieenligne.ma\/en\/wp-json\/wp\/v2\/yith_product_brand?post=17635"}],"curies":[{"name":"wp","href":"https:\/\/api.w.org\/{rel}","templated":true}]}}