{"id":17641,"date":"2026-03-11T23:31:32","date_gmt":"2026-03-11T22:31:32","guid":{"rendered":"https:\/\/parapharmacieenligne.ma\/?post_type=product&#038;p=17641"},"modified":"2026-03-11T23:31:38","modified_gmt":"2026-03-11T22:31:38","slug":"ducray-dexyane-gel-nettoyant-surgras-400-ml","status":"publish","type":"product","link":"https:\/\/parapharmacieenligne.ma\/en\/product\/ducray-dexyane-gel-nettoyant-surgras-400-ml\/","title":{"rendered":"DUCRAY DEXYANE GEL NETTOYANT SURGRAS 400 ML"},"content":{"rendered":"<p>Le gel nettoyant surgras DEXYANE est un soin d&rsquo;hygi\u00e8ne qui nettoie tout en respectant les peaux tr\u00e8s s\u00e8ches et \u00e0 tendance atopique \u2022 Formul\u00e9 sans parfum, sans savon et biod\u00e9gradable, il respecte la peau autant que l&rsquo;environnement \u2022 Il nettoie, nourrit et prot\u00e8ge du dess\u00e8chement cutan\u00e9\u2022 Un soin quotidien haute tol\u00e9rance qui convient \u00e0 toute la famille, m\u00eame au nourrisson<br \/>\nConseils d&rsquo;utilisation :<\/p>\n<p>\u2022 Appliquer sur peau humide, sur le visage et le corps (et les cheveux pour les b\u00e9b\u00e9s)<br \/>\n\u2022 Faire mousser<br \/>\n\u2022 Rincer<br \/>\n\u2022 S\u00e9cher d\u00e9licatement<\/p>","protected":false},"excerpt":{"rendered":"<p>Le gel nettoyant surgras DEXYANE est un soin d&rsquo;hygi\u00e8ne qui nettoie tout en respectant les peaux tr\u00e8s s\u00e8ches et \u00e0 tendance atopique&hellip;<\/p>","protected":false},"featured_media":17640,"comment_status":"open","ping_status":"closed","template":"","meta":[],"product_cat":[83],"product_tag":[],"yith_product_brand":[164],"class_list":{"0":"post-17641","1":"product","2":"type-product","3":"status-publish","4":"has-post-thumbnail","6":"product_cat-soins-visage","7":"yith_product_brand-ducray","9":"first","10":"instock","11":"sale","12":"shipping-taxable","13":"purchasable","14":"product-type-simple"},"_links":{"self":[{"href":"https:\/\/parapharmacieenligne.ma\/en\/wp-json\/wp\/v2\/product\/17641","targetHints":{"allow":["GET"]}}],"collection":[{"href":"https:\/\/parapharmacieenligne.ma\/en\/wp-json\/wp\/v2\/product"}],"about":[{"href":"https:\/\/parapharmacieenligne.ma\/en\/wp-json\/wp\/v2\/types\/product"}],"replies":[{"embeddable":true,"href":"https:\/\/parapharmacieenligne.ma\/en\/wp-json\/wp\/v2\/comments?post=17641"}],"version-history":[{"count":1,"href":"https:\/\/parapharmacieenligne.ma\/en\/wp-json\/wp\/v2\/product\/17641\/revisions"}],"predecessor-version":[{"id":17642,"href":"https:\/\/parapharmacieenligne.ma\/en\/wp-json\/wp\/v2\/product\/17641\/revisions\/17642"}],"wp:featuredmedia":[{"embeddable":true,"href":"https:\/\/parapharmacieenligne.ma\/en\/wp-json\/wp\/v2\/media\/17640"}],"wp:attachment":[{"href":"https:\/\/parapharmacieenligne.ma\/en\/wp-json\/wp\/v2\/media?parent=17641"}],"wp:term":[{"taxonomy":"product_cat","embeddable":true,"href":"https:\/\/parapharmacieenligne.ma\/en\/wp-json\/wp\/v2\/product_cat?post=17641"},{"taxonomy":"product_tag","embeddable":true,"href":"https:\/\/parapharmacieenligne.ma\/en\/wp-json\/wp\/v2\/product_tag?post=17641"},{"taxonomy":"yith_product_brand","embeddable":true,"href":"https:\/\/parapharmacieenligne.ma\/en\/wp-json\/wp\/v2\/yith_product_brand?post=17641"}],"curies":[{"name":"wp","href":"https:\/\/api.w.org\/{rel}","templated":true}]}}