{"id":17653,"date":"2026-03-11T23:32:34","date_gmt":"2026-03-11T22:32:34","guid":{"rendered":"https:\/\/parapharmacieenligne.ma\/?post_type=product&#038;p=17653"},"modified":"2026-03-30T21:50:31","modified_gmt":"2026-03-30T19:50:31","slug":"ducray-keracnyl-pp-creme-anti-imperfections-30-ml","status":"publish","type":"product","link":"https:\/\/parapharmacieenligne.ma\/en\/product\/ducray-keracnyl-pp-creme-anti-imperfections-30-ml\/","title":{"rendered":"DUCRAY KERACNYL PP+ CREME ANTI-IMPERFECTIONS 30 ML"},"content":{"rendered":"<p>FAVORISE LA DIMINUTION DES BOUTONS ENFLAMM\u00c9S<\/p>\n<p>B\u00e9n\u00e9ficie de la synergie brevet\u00e9e du C\u00e9lastrol et de la Myrtacine\u00ae ainsi que de la vitamine PP<\/p>\n<p>COMPENSE LA S\u00c9CHERESSE ET LA DESQUAMATION DUES AUX TRAITEMENTS M\u00c9DICAMENTEUX<\/p>\n<p>LIMITE L&rsquo;APPARITION DES MARQUES<\/p>","protected":false},"excerpt":{"rendered":"<p>FAVORISE LA DIMINUTION DES BOUTONS ENFLAMM\u00c9S B\u00e9n\u00e9ficie de la synergie brevet\u00e9e du C\u00e9lastrol et de la Myrtacine\u00ae ainsi que de la vitamine&hellip;<\/p>","protected":false},"featured_media":17652,"comment_status":"open","ping_status":"closed","template":"","meta":[],"product_cat":[206,83],"product_tag":[],"yith_product_brand":[164],"class_list":{"0":"post-17653","1":"product","2":"type-product","3":"status-publish","4":"has-post-thumbnail","6":"product_cat-acne","7":"product_cat-soins-visage","8":"yith_product_brand-ducray","10":"first","11":"instock","12":"sale","13":"shipping-taxable","14":"purchasable","15":"product-type-simple"},"_links":{"self":[{"href":"https:\/\/parapharmacieenligne.ma\/en\/wp-json\/wp\/v2\/product\/17653","targetHints":{"allow":["GET"]}}],"collection":[{"href":"https:\/\/parapharmacieenligne.ma\/en\/wp-json\/wp\/v2\/product"}],"about":[{"href":"https:\/\/parapharmacieenligne.ma\/en\/wp-json\/wp\/v2\/types\/product"}],"replies":[{"embeddable":true,"href":"https:\/\/parapharmacieenligne.ma\/en\/wp-json\/wp\/v2\/comments?post=17653"}],"version-history":[{"count":1,"href":"https:\/\/parapharmacieenligne.ma\/en\/wp-json\/wp\/v2\/product\/17653\/revisions"}],"predecessor-version":[{"id":17654,"href":"https:\/\/parapharmacieenligne.ma\/en\/wp-json\/wp\/v2\/product\/17653\/revisions\/17654"}],"wp:featuredmedia":[{"embeddable":true,"href":"https:\/\/parapharmacieenligne.ma\/en\/wp-json\/wp\/v2\/media\/17652"}],"wp:attachment":[{"href":"https:\/\/parapharmacieenligne.ma\/en\/wp-json\/wp\/v2\/media?parent=17653"}],"wp:term":[{"taxonomy":"product_cat","embeddable":true,"href":"https:\/\/parapharmacieenligne.ma\/en\/wp-json\/wp\/v2\/product_cat?post=17653"},{"taxonomy":"product_tag","embeddable":true,"href":"https:\/\/parapharmacieenligne.ma\/en\/wp-json\/wp\/v2\/product_tag?post=17653"},{"taxonomy":"yith_product_brand","embeddable":true,"href":"https:\/\/parapharmacieenligne.ma\/en\/wp-json\/wp\/v2\/yith_product_brand?post=17653"}],"curies":[{"name":"wp","href":"https:\/\/api.w.org\/{rel}","templated":true}]}}