{"id":17659,"date":"2026-03-11T23:33:31","date_gmt":"2026-03-11T22:33:31","guid":{"rendered":"https:\/\/parapharmacieenligne.ma\/?post_type=product&#038;p=17659"},"modified":"2026-03-11T23:33:39","modified_gmt":"2026-03-11T22:33:39","slug":"ducray-creastim-reactiv-lotion-anti-chute-60-ml","status":"publish","type":"product","link":"https:\/\/parapharmacieenligne.ma\/en\/product\/ducray-creastim-reactiv-lotion-anti-chute-60-ml\/","title":{"rendered":"DUCRAY CREASTIM REACTIV LOTION ANTI CHUTE 60 ML"},"content":{"rendered":"<p>La lotion antichute CREASTIM est un soin capillaire recommand\u00e9 en cas d\u2019une chute de cheveux r\u00e9actionnelle survenue \u00e0 la suite d\u2019une grossesse, d\u2019un stress important ou li\u00e9e \u00e0 la fatigue ou au changement de saison.<br \/>\nSa formule innovante agit au niveau du bulbe pilaire et sur la qualit\u00e9 de la k\u00e9ratine de la fibre capillaire.<br \/>\nSon efficacit\u00e9 antichute est prouv\u00e9e cliniquement d\u00e8s le 1er mois d\u2019utilisation\u00b9.<br \/>\nLe T\u00c9TRAPEPTIDE relance la pousse* et associ\u00e9 \u00e0 la CR\u00c9ATINE, aide \u00e0 stimuler la phase de croissance des cheveux*.<br \/>\nLe complexe de VITAMINES B5, B6 et B8 renforce la structure du cheveu.<br \/>\nLa chute capillaire est ainsi ralentie, la pousse* r\u00e9activ\u00e9e et la chevelure semble plus dense.<br \/>\nConvient aux femmes enceintes (\u00e0 partir du 2e trimestre) ou allaitantes et par les personnes sous traitement contre le cancer.<br \/>\nTest\u00e9 sous contr\u00f4le dermatologique.<\/p>\n<p>CONSEILS D&rsquo;UTILISATION:<br \/>\nS&rsquo;applique sur le cuir chevelu trois fois par semaine pendant deux mois.<\/p>","protected":false},"excerpt":{"rendered":"<p>La lotion antichute CREASTIM est un soin capillaire recommand\u00e9 en cas d\u2019une chute de cheveux r\u00e9actionnelle survenue \u00e0 la suite d\u2019une grossesse,&hellip;<\/p>","protected":false},"featured_media":17658,"comment_status":"open","ping_status":"closed","template":"","meta":[],"product_cat":[84],"product_tag":[],"yith_product_brand":[164],"class_list":{"0":"post-17659","1":"product","2":"type-product","3":"status-publish","4":"has-post-thumbnail","6":"product_cat-soins-cheveux","7":"yith_product_brand-ducray","9":"first","10":"instock","11":"sale","12":"shipping-taxable","13":"purchasable","14":"product-type-simple"},"_links":{"self":[{"href":"https:\/\/parapharmacieenligne.ma\/en\/wp-json\/wp\/v2\/product\/17659","targetHints":{"allow":["GET"]}}],"collection":[{"href":"https:\/\/parapharmacieenligne.ma\/en\/wp-json\/wp\/v2\/product"}],"about":[{"href":"https:\/\/parapharmacieenligne.ma\/en\/wp-json\/wp\/v2\/types\/product"}],"replies":[{"embeddable":true,"href":"https:\/\/parapharmacieenligne.ma\/en\/wp-json\/wp\/v2\/comments?post=17659"}],"version-history":[{"count":1,"href":"https:\/\/parapharmacieenligne.ma\/en\/wp-json\/wp\/v2\/product\/17659\/revisions"}],"predecessor-version":[{"id":17660,"href":"https:\/\/parapharmacieenligne.ma\/en\/wp-json\/wp\/v2\/product\/17659\/revisions\/17660"}],"wp:featuredmedia":[{"embeddable":true,"href":"https:\/\/parapharmacieenligne.ma\/en\/wp-json\/wp\/v2\/media\/17658"}],"wp:attachment":[{"href":"https:\/\/parapharmacieenligne.ma\/en\/wp-json\/wp\/v2\/media?parent=17659"}],"wp:term":[{"taxonomy":"product_cat","embeddable":true,"href":"https:\/\/parapharmacieenligne.ma\/en\/wp-json\/wp\/v2\/product_cat?post=17659"},{"taxonomy":"product_tag","embeddable":true,"href":"https:\/\/parapharmacieenligne.ma\/en\/wp-json\/wp\/v2\/product_tag?post=17659"},{"taxonomy":"yith_product_brand","embeddable":true,"href":"https:\/\/parapharmacieenligne.ma\/en\/wp-json\/wp\/v2\/yith_product_brand?post=17659"}],"curies":[{"name":"wp","href":"https:\/\/api.w.org\/{rel}","templated":true}]}}