{"id":17671,"date":"2026-03-11T23:41:38","date_gmt":"2026-03-11T22:41:38","guid":{"rendered":"https:\/\/parapharmacieenligne.ma\/?post_type=product&#038;p=17671"},"modified":"2026-04-07T17:04:59","modified_gmt":"2026-04-07T15:04:59","slug":"ducray-melascreen-creme-antitaches-protectrice-spf-50-50-ml","status":"publish","type":"product","link":"https:\/\/parapharmacieenligne.ma\/en\/product\/ducray-melascreen-creme-antitaches-protectrice-spf-50-50-ml\/","title":{"rendered":"DUCRAY MELASCREEN CREME ANTITACHES PROTECTRICE SPF 50+ 50 ML"},"content":{"rendered":"<p>Cr\u00e8me antitaches quotidienne tr\u00e8s haute protection adapt\u00e9e aux peaux s\u00e8ches pour pr\u00e9venir, r\u00e9duire l\u2019apparence des taches et prot\u00e9ger la peau contre l\u2019ensemble des agressions ext\u00e9rieures.<\/p>\n<p>Cette cr\u00e8me est sp\u00e9cialement con\u00e7ue pour lutter contre les taches pigmentaires et prot\u00e9ger la peau des rayons UV. Gr\u00e2ce \u00e0 sa formule innovante, elle agit efficacement sur les taches existantes tout en pr\u00e9venant l&rsquo;apparition de nouvelles taches. Avec l\u2019acide azela\u00efque et les filtres solaire qu&rsquo;elle contient, cette cr\u00e8me offre une tr\u00e8s haute protection qui pr\u00e9vient et r\u00e9duit l\u2019apparence des taches brunes, tout en prot\u00e9geant la peau des UVB, des UVA courts et longs, de la lumi\u00e8re bleue et des effets d\u00e9l\u00e9t\u00e8res de la pollution. Sa formule non com\u00e9dog\u00e8ne et sans parfum respecte toutes les peaux. Elle peut \u00eatre appliqu\u00e9 sur le visage , les mains, le cou et le d\u00e9collet\u00e9 des adultes<\/p>\n<p>Conseils d&rsquo;utilisation :<\/p>\n<p>Appliquer uniform\u00e9ment sur l&rsquo;ensemble de visage, renouveler l\u2019application toutes les 2 heures en cas d\u2019exposition intense<\/p>","protected":false},"excerpt":{"rendered":"<p>Cr\u00e8me antitaches quotidienne tr\u00e8s haute protection adapt\u00e9e aux peaux s\u00e8ches pour pr\u00e9venir, r\u00e9duire l\u2019apparence des taches et prot\u00e9ger la peau contre l\u2019ensemble&hellip;<\/p>","protected":false},"featured_media":17670,"comment_status":"open","ping_status":"closed","template":"","meta":[],"product_cat":[208,86],"product_tag":[],"yith_product_brand":[164],"class_list":{"0":"post-17671","1":"product","2":"type-product","3":"status-publish","4":"has-post-thumbnail","6":"product_cat-anti-taches","7":"product_cat-protection-solaire","8":"yith_product_brand-ducray","10":"first","11":"instock","12":"sale","13":"shipping-taxable","14":"purchasable","15":"product-type-simple"},"_links":{"self":[{"href":"https:\/\/parapharmacieenligne.ma\/en\/wp-json\/wp\/v2\/product\/17671","targetHints":{"allow":["GET"]}}],"collection":[{"href":"https:\/\/parapharmacieenligne.ma\/en\/wp-json\/wp\/v2\/product"}],"about":[{"href":"https:\/\/parapharmacieenligne.ma\/en\/wp-json\/wp\/v2\/types\/product"}],"replies":[{"embeddable":true,"href":"https:\/\/parapharmacieenligne.ma\/en\/wp-json\/wp\/v2\/comments?post=17671"}],"version-history":[{"count":1,"href":"https:\/\/parapharmacieenligne.ma\/en\/wp-json\/wp\/v2\/product\/17671\/revisions"}],"predecessor-version":[{"id":17672,"href":"https:\/\/parapharmacieenligne.ma\/en\/wp-json\/wp\/v2\/product\/17671\/revisions\/17672"}],"wp:featuredmedia":[{"embeddable":true,"href":"https:\/\/parapharmacieenligne.ma\/en\/wp-json\/wp\/v2\/media\/17670"}],"wp:attachment":[{"href":"https:\/\/parapharmacieenligne.ma\/en\/wp-json\/wp\/v2\/media?parent=17671"}],"wp:term":[{"taxonomy":"product_cat","embeddable":true,"href":"https:\/\/parapharmacieenligne.ma\/en\/wp-json\/wp\/v2\/product_cat?post=17671"},{"taxonomy":"product_tag","embeddable":true,"href":"https:\/\/parapharmacieenligne.ma\/en\/wp-json\/wp\/v2\/product_tag?post=17671"},{"taxonomy":"yith_product_brand","embeddable":true,"href":"https:\/\/parapharmacieenligne.ma\/en\/wp-json\/wp\/v2\/yith_product_brand?post=17671"}],"curies":[{"name":"wp","href":"https:\/\/api.w.org\/{rel}","templated":true}]}}