{"id":17674,"date":"2026-03-11T23:41:58","date_gmt":"2026-03-11T22:41:58","guid":{"rendered":"https:\/\/parapharmacieenligne.ma\/?post_type=product&#038;p=17674"},"modified":"2026-03-11T23:42:07","modified_gmt":"2026-03-11T22:42:07","slug":"ducray-melascreen-photo-veillessement-creme-nuit-50-ml","status":"publish","type":"product","link":"https:\/\/parapharmacieenligne.ma\/en\/product\/ducray-melascreen-photo-veillessement-creme-nuit-50-ml\/","title":{"rendered":"DUCRAY MELASCREEN PHOTO VEILLESSEMENT CREME NUIT 50 ML"},"content":{"rendered":"<p>MELASCREEN PHOTO-VIEILLISSEMENT Cr\u00e8me nuit est une cr\u00e8me de nuit anti taches brunes qui aide \u00e0 r\u00e9duire leur apparence, mais aussi \u00e0 pr\u00e9venir leur apparition \u2022 En plus de son action sur les taches pigmentaires induites par le soleil, elle nourrit intens\u00e9ment la peau pour un effet repulpant instantan\u00e9 \u2022 Une cr\u00e8me de nuit anti taches qui peut \u00eatre appliqu\u00e9e en compl\u00e9ment ou en relai des proc\u00e9dures dermatologiques<\/p>\n<p>Conseils d&rsquo;utilisation:<\/p>\n<p>Appliquer le soir sur le visage et le d\u00e9collet\u00e9<\/p>","protected":false},"excerpt":{"rendered":"<p>MELASCREEN PHOTO-VIEILLISSEMENT Cr\u00e8me nuit est une cr\u00e8me de nuit anti taches brunes qui aide \u00e0 r\u00e9duire leur apparence, mais aussi \u00e0 pr\u00e9venir&hellip;<\/p>","protected":false},"featured_media":17673,"comment_status":"open","ping_status":"closed","template":"","meta":[],"product_cat":[83],"product_tag":[],"yith_product_brand":[164],"class_list":{"0":"post-17674","1":"product","2":"type-product","3":"status-publish","4":"has-post-thumbnail","6":"product_cat-soins-visage","7":"yith_product_brand-ducray","9":"first","10":"instock","11":"sale","12":"shipping-taxable","13":"purchasable","14":"product-type-simple"},"_links":{"self":[{"href":"https:\/\/parapharmacieenligne.ma\/en\/wp-json\/wp\/v2\/product\/17674","targetHints":{"allow":["GET"]}}],"collection":[{"href":"https:\/\/parapharmacieenligne.ma\/en\/wp-json\/wp\/v2\/product"}],"about":[{"href":"https:\/\/parapharmacieenligne.ma\/en\/wp-json\/wp\/v2\/types\/product"}],"replies":[{"embeddable":true,"href":"https:\/\/parapharmacieenligne.ma\/en\/wp-json\/wp\/v2\/comments?post=17674"}],"version-history":[{"count":1,"href":"https:\/\/parapharmacieenligne.ma\/en\/wp-json\/wp\/v2\/product\/17674\/revisions"}],"predecessor-version":[{"id":17675,"href":"https:\/\/parapharmacieenligne.ma\/en\/wp-json\/wp\/v2\/product\/17674\/revisions\/17675"}],"wp:featuredmedia":[{"embeddable":true,"href":"https:\/\/parapharmacieenligne.ma\/en\/wp-json\/wp\/v2\/media\/17673"}],"wp:attachment":[{"href":"https:\/\/parapharmacieenligne.ma\/en\/wp-json\/wp\/v2\/media?parent=17674"}],"wp:term":[{"taxonomy":"product_cat","embeddable":true,"href":"https:\/\/parapharmacieenligne.ma\/en\/wp-json\/wp\/v2\/product_cat?post=17674"},{"taxonomy":"product_tag","embeddable":true,"href":"https:\/\/parapharmacieenligne.ma\/en\/wp-json\/wp\/v2\/product_tag?post=17674"},{"taxonomy":"yith_product_brand","embeddable":true,"href":"https:\/\/parapharmacieenligne.ma\/en\/wp-json\/wp\/v2\/yith_product_brand?post=17674"}],"curies":[{"name":"wp","href":"https:\/\/api.w.org\/{rel}","templated":true}]}}